{"id":5961,"date":"2025-09-21T17:05:53","date_gmt":"2025-09-21T17:05:53","guid":{"rendered":"https:\/\/nutripelletsec.com\/inicio\/?post_type=product&#038;p=5961"},"modified":"2025-09-21T17:09:05","modified_gmt":"2025-09-21T17:09:05","slug":"nutriyuca","status":"publish","type":"product","link":"https:\/\/nutripelletsec.com\/inicio\/index.php\/producto\/nutriyuca\/","title":{"rendered":"NUTRIYUCA"},"content":{"rendered":"<h3><span dir=\"auto\">Usos Comunes en la Alimentaci\u00f3n Animal<\/span><\/h3>\n<p>&nbsp;<\/p>\n<p><span dir=\"auto\">Los pellets de yuca son un ingrediente com\u00fan en la formulaci\u00f3n de piensos para:<\/span><\/p>\n<ul>\n<li><b><span dir=\"auto\">Ganado bovino:<\/span><\/b><span dir=\"auto\"> Se utilizan para aumentar la densidad energ\u00e9tica de la dieta, mejorando el rendimiento de las vacas lecheras y el engorde de los bovinos.<\/span><\/li>\n<li><b><span dir=\"auto\">Cerdos:<\/span><\/b><span dir=\"auto\"> Son una excelente fuente de energ\u00eda para el crecimiento y engorde de cerdos.<\/span><\/li>\n<li><b><span dir=\"auto\">Aves de corral:<\/span><\/b><span dir=\"auto\"> Se incorporan en las dietas de pollos de engorde y gallinas ponedoras para aumentar su contenido cal\u00f3rico.<\/span><\/li>\n<li><b><span dir=\"auto\">Acuicultura:<\/span><\/b><span dir=\"auto\"> Tambi\u00e9n se utilizan como ingrediente en la formulaci\u00f3n de alimentos para peces.<\/span><\/li>\n<\/ul>\n","protected":false},"excerpt":{"rendered":"<h3><span dir=\"auto\">Composici\u00f3n y caracter\u00edsticas<\/span><\/h3>\n<p>&nbsp;<\/p>\n<ul>\n<li><b><span dir=\"auto\">Alto contenido de carbohidratos:<\/span><\/b><span dir=\"auto\"> La yuca es una de las fuentes vegetales m\u00e1s ricas en almid\u00f3n (carbohidratos), lo que hace que los pellets de yuca sean una fuente excepcional de <\/span><b><span dir=\"auto\">energ\u00eda digestible<\/span><\/b><span dir=\"auto\"> .<\/span><\/li>\n<li><b><span dir=\"auto\">Bajo contenido de prote\u00edna y fibra:<\/span><\/b><span dir=\"auto\"> A diferencia de otros pellets de forraje, los pellets de yuca son muy bajos en prote\u00ednas y fibra. Por esta raz\u00f3n, no se utilizan como \u00fanico alimento, sino como un <\/span><b><span dir=\"auto\">suplemento energ\u00e9tico<\/span><\/b><span dir=\"auto\"> para complementar dietas deficientes en calor\u00edas.<\/span><\/li>\n<li><b><span dir=\"auto\">Bajo contenido de grasas:<\/span><\/b><span dir=\"auto\"> Son un alimento con muy pocas grasas, lo que los hace ideales para animales que necesitan ganar peso de manera magra.<\/span><\/li>\n<li><b><span dir=\"auto\">F\u00e1cil de manejar:<\/span><\/b><span dir=\"auto\"> Su forma peletizada los hace muy convenientes para la mezcla en formulaciones de piensos balanceados y para la alimentaci\u00f3n autom\u00e1tica.<\/span><\/li>\n<\/ul>\n","protected":false},"featured_media":5962,"comment_status":"open","ping_status":"closed","template":"","meta":[],"product_brand":[],"product_cat":[70],"product_tag":[],"class_list":{"0":"post-5961","1":"product","2":"type-product","3":"status-publish","4":"has-post-thumbnail","6":"product_cat-ntg","7":"nt-post-class","8":"","17":"first","18":"instock","19":"shipping-taxable","20":"purchasable","21":"product-type-variable"},"yoast_head":"<!-- This site is optimized with the Yoast SEO plugin v27.5 - https:\/\/yoast.com\/product\/yoast-seo-wordpress\/ -->\n<title>NUTRIYUCA - nutripellets<\/title>\n<meta name=\"robots\" content=\"index, follow, max-snippet:-1, max-image-preview:large, max-video-preview:-1\" \/>\n<link rel=\"canonical\" href=\"https:\/\/nutripelletsec.com\/inicio\/index.php\/producto\/nutriyuca\/\" \/>\n<meta property=\"og:locale\" content=\"es_ES\" \/>\n<meta property=\"og:type\" content=\"article\" \/>\n<meta property=\"og:title\" content=\"NUTRIYUCA - nutripellets\" \/>\n<meta property=\"og:description\" content=\"Composici\u00f3n y caracter\u00edsticas &nbsp;   Alto contenido de carbohidratos: La yuca es una de las fuentes vegetales m\u00e1s ricas en almid\u00f3n (carbohidratos), lo que hace que los pellets de yuca sean una fuente excepcional de energ\u00eda digestible .  Bajo contenido de prote\u00edna y fibra: A diferencia de otros pellets de forraje, los pellets de yuca son muy bajos en prote\u00ednas y fibra. Por esta raz\u00f3n, no se utilizan como \u00fanico alimento, sino como un suplemento energ\u00e9tico para complementar dietas deficientes en calor\u00edas.  Bajo contenido de grasas: Son un alimento con muy pocas grasas, lo que los hace ideales para animales que necesitan ganar peso de manera magra.  F\u00e1cil de manejar: Su forma peletizada los hace muy convenientes para la mezcla en formulaciones de piensos balanceados y para la alimentaci\u00f3n autom\u00e1tica.\" \/>\n<meta property=\"og:url\" content=\"https:\/\/nutripelletsec.com\/inicio\/index.php\/producto\/nutriyuca\/\" \/>\n<meta property=\"og:site_name\" content=\"nutripellets\" \/>\n<meta property=\"article:modified_time\" content=\"2025-09-21T17:09:05+00:00\" \/>\n<meta property=\"og:image\" content=\"https:\/\/nutripelletsec.com\/inicio\/wp-content\/uploads\/2025\/09\/NUTRIYUCA.png\" \/>\n\t<meta property=\"og:image:width\" content=\"500\" \/>\n\t<meta property=\"og:image:height\" content=\"500\" \/>\n\t<meta property=\"og:image:type\" content=\"image\/png\" \/>\n<meta name=\"twitter:card\" content=\"summary_large_image\" \/>\n<meta name=\"twitter:label1\" content=\"Tiempo de lectura\" \/>\n\t<meta name=\"twitter:data1\" content=\"1 minuto\" \/>\n<script type=\"application\/ld+json\" class=\"yoast-schema-graph\">{\"@context\":\"https:\\\/\\\/schema.org\",\"@graph\":[{\"@type\":\"WebPage\",\"@id\":\"https:\\\/\\\/nutripelletsec.com\\\/inicio\\\/index.php\\\/producto\\\/nutriyuca\\\/\",\"url\":\"https:\\\/\\\/nutripelletsec.com\\\/inicio\\\/index.php\\\/producto\\\/nutriyuca\\\/\",\"name\":\"NUTRIYUCA - nutripellets\",\"isPartOf\":{\"@id\":\"https:\\\/\\\/nutripelletsec.com\\\/inicio\\\/#website\"},\"primaryImageOfPage\":{\"@id\":\"https:\\\/\\\/nutripelletsec.com\\\/inicio\\\/index.php\\\/producto\\\/nutriyuca\\\/#primaryimage\"},\"image\":{\"@id\":\"https:\\\/\\\/nutripelletsec.com\\\/inicio\\\/index.php\\\/producto\\\/nutriyuca\\\/#primaryimage\"},\"thumbnailUrl\":\"https:\\\/\\\/nutripelletsec.com\\\/inicio\\\/wp-content\\\/uploads\\\/2025\\\/09\\\/NUTRIYUCA.png\",\"datePublished\":\"2025-09-21T17:05:53+00:00\",\"dateModified\":\"2025-09-21T17:09:05+00:00\",\"breadcrumb\":{\"@id\":\"https:\\\/\\\/nutripelletsec.com\\\/inicio\\\/index.php\\\/producto\\\/nutriyuca\\\/#breadcrumb\"},\"inLanguage\":\"es\",\"potentialAction\":[{\"@type\":\"ReadAction\",\"target\":[\"https:\\\/\\\/nutripelletsec.com\\\/inicio\\\/index.php\\\/producto\\\/nutriyuca\\\/\"]}]},{\"@type\":\"ImageObject\",\"inLanguage\":\"es\",\"@id\":\"https:\\\/\\\/nutripelletsec.com\\\/inicio\\\/index.php\\\/producto\\\/nutriyuca\\\/#primaryimage\",\"url\":\"https:\\\/\\\/nutripelletsec.com\\\/inicio\\\/wp-content\\\/uploads\\\/2025\\\/09\\\/NUTRIYUCA.png\",\"contentUrl\":\"https:\\\/\\\/nutripelletsec.com\\\/inicio\\\/wp-content\\\/uploads\\\/2025\\\/09\\\/NUTRIYUCA.png\",\"width\":500,\"height\":500},{\"@type\":\"BreadcrumbList\",\"@id\":\"https:\\\/\\\/nutripelletsec.com\\\/inicio\\\/index.php\\\/producto\\\/nutriyuca\\\/#breadcrumb\",\"itemListElement\":[{\"@type\":\"ListItem\",\"position\":1,\"name\":\"Portada\",\"item\":\"https:\\\/\\\/nutripelletsec.com\\\/inicio\\\/\"},{\"@type\":\"ListItem\",\"position\":2,\"name\":\"TIENDA\",\"item\":\"https:\\\/\\\/nutripelletsec.com\\\/inicio\\\/index.php\\\/tienda\\\/\"},{\"@type\":\"ListItem\",\"position\":3,\"name\":\"NUTRIYUCA\"}]},{\"@type\":\"WebSite\",\"@id\":\"https:\\\/\\\/nutripelletsec.com\\\/inicio\\\/#website\",\"url\":\"https:\\\/\\\/nutripelletsec.com\\\/inicio\\\/\",\"name\":\"nutripellets\",\"description\":\"ALIMENTACION DE CALIDAD\",\"potentialAction\":[{\"@type\":\"SearchAction\",\"target\":{\"@type\":\"EntryPoint\",\"urlTemplate\":\"https:\\\/\\\/nutripelletsec.com\\\/inicio\\\/?s={search_term_string}\"},\"query-input\":{\"@type\":\"PropertyValueSpecification\",\"valueRequired\":true,\"valueName\":\"search_term_string\"}}],\"inLanguage\":\"es\"}]}<\/script>\n<!-- \/ Yoast SEO plugin. -->","yoast_head_json":{"title":"NUTRIYUCA - nutripellets","robots":{"index":"index","follow":"follow","max-snippet":"max-snippet:-1","max-image-preview":"max-image-preview:large","max-video-preview":"max-video-preview:-1"},"canonical":"https:\/\/nutripelletsec.com\/inicio\/index.php\/producto\/nutriyuca\/","og_locale":"es_ES","og_type":"article","og_title":"NUTRIYUCA - nutripellets","og_description":"Composici\u00f3n y caracter\u00edsticas &nbsp;   Alto contenido de carbohidratos: La yuca es una de las fuentes vegetales m\u00e1s ricas en almid\u00f3n (carbohidratos), lo que hace que los pellets de yuca sean una fuente excepcional de energ\u00eda digestible .  Bajo contenido de prote\u00edna y fibra: A diferencia de otros pellets de forraje, los pellets de yuca son muy bajos en prote\u00ednas y fibra. Por esta raz\u00f3n, no se utilizan como \u00fanico alimento, sino como un suplemento energ\u00e9tico para complementar dietas deficientes en calor\u00edas.  Bajo contenido de grasas: Son un alimento con muy pocas grasas, lo que los hace ideales para animales que necesitan ganar peso de manera magra.  F\u00e1cil de manejar: Su forma peletizada los hace muy convenientes para la mezcla en formulaciones de piensos balanceados y para la alimentaci\u00f3n autom\u00e1tica.","og_url":"https:\/\/nutripelletsec.com\/inicio\/index.php\/producto\/nutriyuca\/","og_site_name":"nutripellets","article_modified_time":"2025-09-21T17:09:05+00:00","og_image":[{"width":500,"height":500,"url":"https:\/\/nutripelletsec.com\/inicio\/wp-content\/uploads\/2025\/09\/NUTRIYUCA.png","type":"image\/png"}],"twitter_card":"summary_large_image","twitter_misc":{"Tiempo de lectura":"1 minuto"},"schema":{"@context":"https:\/\/schema.org","@graph":[{"@type":"WebPage","@id":"https:\/\/nutripelletsec.com\/inicio\/index.php\/producto\/nutriyuca\/","url":"https:\/\/nutripelletsec.com\/inicio\/index.php\/producto\/nutriyuca\/","name":"NUTRIYUCA - nutripellets","isPartOf":{"@id":"https:\/\/nutripelletsec.com\/inicio\/#website"},"primaryImageOfPage":{"@id":"https:\/\/nutripelletsec.com\/inicio\/index.php\/producto\/nutriyuca\/#primaryimage"},"image":{"@id":"https:\/\/nutripelletsec.com\/inicio\/index.php\/producto\/nutriyuca\/#primaryimage"},"thumbnailUrl":"https:\/\/nutripelletsec.com\/inicio\/wp-content\/uploads\/2025\/09\/NUTRIYUCA.png","datePublished":"2025-09-21T17:05:53+00:00","dateModified":"2025-09-21T17:09:05+00:00","breadcrumb":{"@id":"https:\/\/nutripelletsec.com\/inicio\/index.php\/producto\/nutriyuca\/#breadcrumb"},"inLanguage":"es","potentialAction":[{"@type":"ReadAction","target":["https:\/\/nutripelletsec.com\/inicio\/index.php\/producto\/nutriyuca\/"]}]},{"@type":"ImageObject","inLanguage":"es","@id":"https:\/\/nutripelletsec.com\/inicio\/index.php\/producto\/nutriyuca\/#primaryimage","url":"https:\/\/nutripelletsec.com\/inicio\/wp-content\/uploads\/2025\/09\/NUTRIYUCA.png","contentUrl":"https:\/\/nutripelletsec.com\/inicio\/wp-content\/uploads\/2025\/09\/NUTRIYUCA.png","width":500,"height":500},{"@type":"BreadcrumbList","@id":"https:\/\/nutripelletsec.com\/inicio\/index.php\/producto\/nutriyuca\/#breadcrumb","itemListElement":[{"@type":"ListItem","position":1,"name":"Portada","item":"https:\/\/nutripelletsec.com\/inicio\/"},{"@type":"ListItem","position":2,"name":"TIENDA","item":"https:\/\/nutripelletsec.com\/inicio\/index.php\/tienda\/"},{"@type":"ListItem","position":3,"name":"NUTRIYUCA"}]},{"@type":"WebSite","@id":"https:\/\/nutripelletsec.com\/inicio\/#website","url":"https:\/\/nutripelletsec.com\/inicio\/","name":"nutripellets","description":"ALIMENTACION DE CALIDAD","potentialAction":[{"@type":"SearchAction","target":{"@type":"EntryPoint","urlTemplate":"https:\/\/nutripelletsec.com\/inicio\/?s={search_term_string}"},"query-input":{"@type":"PropertyValueSpecification","valueRequired":true,"valueName":"search_term_string"}}],"inLanguage":"es"}]}},"_links":{"self":[{"href":"https:\/\/nutripelletsec.com\/inicio\/index.php\/wp-json\/wp\/v2\/product\/5961","targetHints":{"allow":["GET"]}}],"collection":[{"href":"https:\/\/nutripelletsec.com\/inicio\/index.php\/wp-json\/wp\/v2\/product"}],"about":[{"href":"https:\/\/nutripelletsec.com\/inicio\/index.php\/wp-json\/wp\/v2\/types\/product"}],"replies":[{"embeddable":true,"href":"https:\/\/nutripelletsec.com\/inicio\/index.php\/wp-json\/wp\/v2\/comments?post=5961"}],"wp:featuredmedia":[{"embeddable":true,"href":"https:\/\/nutripelletsec.com\/inicio\/index.php\/wp-json\/wp\/v2\/media\/5962"}],"wp:attachment":[{"href":"https:\/\/nutripelletsec.com\/inicio\/index.php\/wp-json\/wp\/v2\/media?parent=5961"}],"wp:term":[{"taxonomy":"product_brand","embeddable":true,"href":"https:\/\/nutripelletsec.com\/inicio\/index.php\/wp-json\/wp\/v2\/product_brand?post=5961"},{"taxonomy":"product_cat","embeddable":true,"href":"https:\/\/nutripelletsec.com\/inicio\/index.php\/wp-json\/wp\/v2\/product_cat?post=5961"},{"taxonomy":"product_tag","embeddable":true,"href":"https:\/\/nutripelletsec.com\/inicio\/index.php\/wp-json\/wp\/v2\/product_tag?post=5961"}],"curies":[{"name":"wp","href":"https:\/\/api.w.org\/{rel}","templated":true}]}}