{"id":5980,"date":"2025-09-21T19:23:05","date_gmt":"2025-09-21T19:23:05","guid":{"rendered":"https:\/\/nutripelletsec.com\/inicio\/?post_type=product&#038;p=5980"},"modified":"2025-09-21T19:24:24","modified_gmt":"2025-09-21T19:24:24","slug":"nutriengorde","status":"publish","type":"product","link":"https:\/\/nutripelletsec.com\/inicio\/index.php\/producto\/nutriengorde\/","title":{"rendered":"NUTRIENGORDE"},"content":{"rendered":"<h3><span dir=\"auto\">Usos y Beneficios<\/span><\/h3>\n<p>&nbsp;<\/p>\n<ul>\n<li><b><span dir=\"auto\">Crecimiento Acelerado y Uniforme:<\/span><\/b><span dir=\"auto\"> La sinergia entre una nutrici\u00f3n de \u00e9lite y la acci\u00f3n probi\u00f3tica da como resultado una ganancia de peso superior y un desarrollo m\u00e1s homog\u00e9neo en todo el lote.<\/span><\/li>\n<li><b><span dir=\"auto\">Menor Mortalidad y Estr\u00e9s:<\/span><\/b><span dir=\"auto\"> La mejor salud intestinal y un sistema inmune robusto reducen la incidencia de enfermedades y el estr\u00e9s, lo que se traduce en una menor mortalidad y aves m\u00e1s sanas y activas.<\/span><\/li>\n<li><b><span dir=\"auto\">Carne de Mejor Calidad:<\/span><\/b><span dir=\"auto\"> Al reducir la dependencia de antibi\u00f3ticos y promover una nutrici\u00f3n \u00f3ptima, este alimento contribuye a la producci\u00f3n de carne m\u00e1s segura, con mejores caracter\u00edsticas sensoriales y nutricionales.<\/span><\/li>\n<li><b><span dir=\"auto\">Eficiencia Econ\u00f3mica:<\/span><\/b><span dir=\"auto\"> Aunque la inversi\u00f3n inicial en un alimento premium puede ser mayor, la mejora en la conversi\u00f3n alimenticia, la reducci\u00f3n de costos en medicamentos y el r\u00e1pido retorno de la inversi\u00f3n lo convierten en una opci\u00f3n m\u00e1s rentable a largo plazo.<\/span><\/li>\n<\/ul>\n<p><b><span dir=\"auto\">Instrucciones de Uso:<\/span><\/b><span dir=\"auto\"> Suministrar como \u00fanico alimento a pollos de engorde desde la cuarta semana de vida hasta el sacrificio. Aseg\u00farese siempre de un suministro constante de agua limpia y fresca.<\/span><\/p>\n","protected":false},"excerpt":{"rendered":"<h3><span dir=\"auto\">Caracter\u00edsticas Clave<\/span><\/h3>\n<p>&nbsp;<\/p>\n<ul>\n<li><b><span dir=\"auto\">Ingredientes de Calidad Superior:<\/span><\/b><span dir=\"auto\"> A diferencia de los alimentos convencionales, este equilibrado utiliza fuentes de prote\u00edna y energ\u00eda de alta digestibilidad. Esto asegura que el ave aproveche cada nutriente, minimizando el desperdicio de alimento y maximizando la ganancia de peso.<\/span><\/li>\n<li><b><span dir=\"auto\">Con Lactobacillus Espec\u00edfico para Aves:<\/span><\/b><span dir=\"auto\"> El componente distintivo es la inclusi\u00f3n de una cepa de <\/span><b><span dir=\"auto\">Lactobacillus<\/span><\/b><span dir=\"auto\"> seleccionada por su capacidad de colonizar y prosperar en el intestino de los pollos. Este probi\u00f3tico act\u00faa directamente en el tracto digestivo, creando un ambiente favorable para la absorci\u00f3n de nutrientes y la salud general.<\/span><\/li>\n<li><b><span dir=\"auto\">Mejora de la Conversi\u00f3n Alimenticia:<\/span><\/b><span dir=\"auto\"> Al optimizar la salud intestinal, el Lactobacillus permite que el ave se convierta m\u00e1s eficientemente el alimento en masa corporal. Esto significa que los pollos alcanzan su peso de sacrificio m\u00e1s r\u00e1pido y con menos alimento, lo que reduce tus costos de producci\u00f3n.<\/span><\/li>\n<li><b><span dir=\"auto\">Sistema Inmune Fuerte y Natural:<\/span><\/b><span dir=\"auto\"> Una flora intestinal equilibrada es la primera l\u00ednea de defensa contra pat\u00f3genos. El Lactobacillus compite con bacterias da\u00f1inas como la <\/span><b><span dir=\"auto\">Salmonella<\/span><\/b><span dir=\"auto\"> y la <\/span><b><span dir=\"auto\">E. coli<\/span><\/b><span dir=\"auto\"> , ayudando a prevenir enfermedades de forma natural y reduciendo la necesidad de antibi\u00f3ticos.<\/span><\/li>\n<\/ul>\n","protected":false},"featured_media":5981,"comment_status":"open","ping_status":"closed","template":"","meta":[],"product_brand":[],"product_cat":[71],"product_tag":[],"class_list":{"0":"post-5980","1":"product","2":"type-product","3":"status-publish","4":"has-post-thumbnail","6":"product_cat-np","7":"nt-post-class","8":"","17":"first","18":"instock","19":"shipping-taxable","20":"purchasable","21":"product-type-variable"},"yoast_head":"<!-- This site is optimized with the Yoast SEO plugin v27.5 - https:\/\/yoast.com\/product\/yoast-seo-wordpress\/ -->\n<title>NUTRIENGORDE - nutripellets<\/title>\n<meta name=\"robots\" content=\"index, follow, max-snippet:-1, max-image-preview:large, max-video-preview:-1\" \/>\n<link rel=\"canonical\" href=\"https:\/\/nutripelletsec.com\/inicio\/index.php\/producto\/nutriengorde\/\" \/>\n<meta property=\"og:locale\" content=\"es_ES\" \/>\n<meta property=\"og:type\" content=\"article\" \/>\n<meta property=\"og:title\" content=\"NUTRIENGORDE - nutripellets\" \/>\n<meta property=\"og:description\" content=\"Caracter\u00edsticas Clave &nbsp;   Ingredientes de Calidad Superior: A diferencia de los alimentos convencionales, este equilibrado utiliza fuentes de prote\u00edna y energ\u00eda de alta digestibilidad. Esto asegura que el ave aproveche cada nutriente, minimizando el desperdicio de alimento y maximizando la ganancia de peso.  Con Lactobacillus Espec\u00edfico para Aves: El componente distintivo es la inclusi\u00f3n de una cepa de Lactobacillus seleccionada por su capacidad de colonizar y prosperar en el intestino de los pollos. Este probi\u00f3tico act\u00faa directamente en el tracto digestivo, creando un ambiente favorable para la absorci\u00f3n de nutrientes y la salud general.  Mejora de la Conversi\u00f3n Alimenticia: Al optimizar la salud intestinal, el Lactobacillus permite que el ave se convierta m\u00e1s eficientemente el alimento en masa corporal. Esto significa que los pollos alcanzan su peso de sacrificio m\u00e1s r\u00e1pido y con menos alimento, lo que reduce tus costos de producci\u00f3n.  Sistema Inmune Fuerte y Natural: Una flora intestinal equilibrada es la primera l\u00ednea de defensa contra pat\u00f3genos. El Lactobacillus compite con bacterias da\u00f1inas como la Salmonella y la E. coli , ayudando a prevenir enfermedades de forma natural y reduciendo la necesidad de antibi\u00f3ticos.\" \/>\n<meta property=\"og:url\" content=\"https:\/\/nutripelletsec.com\/inicio\/index.php\/producto\/nutriengorde\/\" \/>\n<meta property=\"og:site_name\" content=\"nutripellets\" \/>\n<meta property=\"article:modified_time\" content=\"2025-09-21T19:24:24+00:00\" \/>\n<meta property=\"og:image\" content=\"https:\/\/nutripelletsec.com\/inicio\/wp-content\/uploads\/2025\/09\/Gemini_Generated_Image_f5eh4tf5eh4tf5eh-removebg-preview-1.png\" \/>\n\t<meta property=\"og:image:width\" content=\"500\" \/>\n\t<meta property=\"og:image:height\" content=\"500\" \/>\n\t<meta property=\"og:image:type\" content=\"image\/png\" \/>\n<meta name=\"twitter:card\" content=\"summary_large_image\" \/>\n<meta name=\"twitter:label1\" content=\"Tiempo de lectura\" \/>\n\t<meta name=\"twitter:data1\" content=\"1 minuto\" \/>\n<script type=\"application\/ld+json\" class=\"yoast-schema-graph\">{\"@context\":\"https:\\\/\\\/schema.org\",\"@graph\":[{\"@type\":\"WebPage\",\"@id\":\"https:\\\/\\\/nutripelletsec.com\\\/inicio\\\/index.php\\\/producto\\\/nutriengorde\\\/\",\"url\":\"https:\\\/\\\/nutripelletsec.com\\\/inicio\\\/index.php\\\/producto\\\/nutriengorde\\\/\",\"name\":\"NUTRIENGORDE - nutripellets\",\"isPartOf\":{\"@id\":\"https:\\\/\\\/nutripelletsec.com\\\/inicio\\\/#website\"},\"primaryImageOfPage\":{\"@id\":\"https:\\\/\\\/nutripelletsec.com\\\/inicio\\\/index.php\\\/producto\\\/nutriengorde\\\/#primaryimage\"},\"image\":{\"@id\":\"https:\\\/\\\/nutripelletsec.com\\\/inicio\\\/index.php\\\/producto\\\/nutriengorde\\\/#primaryimage\"},\"thumbnailUrl\":\"https:\\\/\\\/nutripelletsec.com\\\/inicio\\\/wp-content\\\/uploads\\\/2025\\\/09\\\/Gemini_Generated_Image_f5eh4tf5eh4tf5eh-removebg-preview-1.png\",\"datePublished\":\"2025-09-21T19:23:05+00:00\",\"dateModified\":\"2025-09-21T19:24:24+00:00\",\"breadcrumb\":{\"@id\":\"https:\\\/\\\/nutripelletsec.com\\\/inicio\\\/index.php\\\/producto\\\/nutriengorde\\\/#breadcrumb\"},\"inLanguage\":\"es\",\"potentialAction\":[{\"@type\":\"ReadAction\",\"target\":[\"https:\\\/\\\/nutripelletsec.com\\\/inicio\\\/index.php\\\/producto\\\/nutriengorde\\\/\"]}]},{\"@type\":\"ImageObject\",\"inLanguage\":\"es\",\"@id\":\"https:\\\/\\\/nutripelletsec.com\\\/inicio\\\/index.php\\\/producto\\\/nutriengorde\\\/#primaryimage\",\"url\":\"https:\\\/\\\/nutripelletsec.com\\\/inicio\\\/wp-content\\\/uploads\\\/2025\\\/09\\\/Gemini_Generated_Image_f5eh4tf5eh4tf5eh-removebg-preview-1.png\",\"contentUrl\":\"https:\\\/\\\/nutripelletsec.com\\\/inicio\\\/wp-content\\\/uploads\\\/2025\\\/09\\\/Gemini_Generated_Image_f5eh4tf5eh4tf5eh-removebg-preview-1.png\",\"width\":500,\"height\":500},{\"@type\":\"BreadcrumbList\",\"@id\":\"https:\\\/\\\/nutripelletsec.com\\\/inicio\\\/index.php\\\/producto\\\/nutriengorde\\\/#breadcrumb\",\"itemListElement\":[{\"@type\":\"ListItem\",\"position\":1,\"name\":\"Portada\",\"item\":\"https:\\\/\\\/nutripelletsec.com\\\/inicio\\\/\"},{\"@type\":\"ListItem\",\"position\":2,\"name\":\"TIENDA\",\"item\":\"https:\\\/\\\/nutripelletsec.com\\\/inicio\\\/index.php\\\/tienda\\\/\"},{\"@type\":\"ListItem\",\"position\":3,\"name\":\"NUTRIENGORDE\"}]},{\"@type\":\"WebSite\",\"@id\":\"https:\\\/\\\/nutripelletsec.com\\\/inicio\\\/#website\",\"url\":\"https:\\\/\\\/nutripelletsec.com\\\/inicio\\\/\",\"name\":\"nutripellets\",\"description\":\"ALIMENTACION DE CALIDAD\",\"potentialAction\":[{\"@type\":\"SearchAction\",\"target\":{\"@type\":\"EntryPoint\",\"urlTemplate\":\"https:\\\/\\\/nutripelletsec.com\\\/inicio\\\/?s={search_term_string}\"},\"query-input\":{\"@type\":\"PropertyValueSpecification\",\"valueRequired\":true,\"valueName\":\"search_term_string\"}}],\"inLanguage\":\"es\"}]}<\/script>\n<!-- \/ Yoast SEO plugin. -->","yoast_head_json":{"title":"NUTRIENGORDE - nutripellets","robots":{"index":"index","follow":"follow","max-snippet":"max-snippet:-1","max-image-preview":"max-image-preview:large","max-video-preview":"max-video-preview:-1"},"canonical":"https:\/\/nutripelletsec.com\/inicio\/index.php\/producto\/nutriengorde\/","og_locale":"es_ES","og_type":"article","og_title":"NUTRIENGORDE - nutripellets","og_description":"Caracter\u00edsticas Clave &nbsp;   Ingredientes de Calidad Superior: A diferencia de los alimentos convencionales, este equilibrado utiliza fuentes de prote\u00edna y energ\u00eda de alta digestibilidad. Esto asegura que el ave aproveche cada nutriente, minimizando el desperdicio de alimento y maximizando la ganancia de peso.  Con Lactobacillus Espec\u00edfico para Aves: El componente distintivo es la inclusi\u00f3n de una cepa de Lactobacillus seleccionada por su capacidad de colonizar y prosperar en el intestino de los pollos. Este probi\u00f3tico act\u00faa directamente en el tracto digestivo, creando un ambiente favorable para la absorci\u00f3n de nutrientes y la salud general.  Mejora de la Conversi\u00f3n Alimenticia: Al optimizar la salud intestinal, el Lactobacillus permite que el ave se convierta m\u00e1s eficientemente el alimento en masa corporal. Esto significa que los pollos alcanzan su peso de sacrificio m\u00e1s r\u00e1pido y con menos alimento, lo que reduce tus costos de producci\u00f3n.  Sistema Inmune Fuerte y Natural: Una flora intestinal equilibrada es la primera l\u00ednea de defensa contra pat\u00f3genos. El Lactobacillus compite con bacterias da\u00f1inas como la Salmonella y la E. coli , ayudando a prevenir enfermedades de forma natural y reduciendo la necesidad de antibi\u00f3ticos.","og_url":"https:\/\/nutripelletsec.com\/inicio\/index.php\/producto\/nutriengorde\/","og_site_name":"nutripellets","article_modified_time":"2025-09-21T19:24:24+00:00","og_image":[{"width":500,"height":500,"url":"https:\/\/nutripelletsec.com\/inicio\/wp-content\/uploads\/2025\/09\/Gemini_Generated_Image_f5eh4tf5eh4tf5eh-removebg-preview-1.png","type":"image\/png"}],"twitter_card":"summary_large_image","twitter_misc":{"Tiempo de lectura":"1 minuto"},"schema":{"@context":"https:\/\/schema.org","@graph":[{"@type":"WebPage","@id":"https:\/\/nutripelletsec.com\/inicio\/index.php\/producto\/nutriengorde\/","url":"https:\/\/nutripelletsec.com\/inicio\/index.php\/producto\/nutriengorde\/","name":"NUTRIENGORDE - nutripellets","isPartOf":{"@id":"https:\/\/nutripelletsec.com\/inicio\/#website"},"primaryImageOfPage":{"@id":"https:\/\/nutripelletsec.com\/inicio\/index.php\/producto\/nutriengorde\/#primaryimage"},"image":{"@id":"https:\/\/nutripelletsec.com\/inicio\/index.php\/producto\/nutriengorde\/#primaryimage"},"thumbnailUrl":"https:\/\/nutripelletsec.com\/inicio\/wp-content\/uploads\/2025\/09\/Gemini_Generated_Image_f5eh4tf5eh4tf5eh-removebg-preview-1.png","datePublished":"2025-09-21T19:23:05+00:00","dateModified":"2025-09-21T19:24:24+00:00","breadcrumb":{"@id":"https:\/\/nutripelletsec.com\/inicio\/index.php\/producto\/nutriengorde\/#breadcrumb"},"inLanguage":"es","potentialAction":[{"@type":"ReadAction","target":["https:\/\/nutripelletsec.com\/inicio\/index.php\/producto\/nutriengorde\/"]}]},{"@type":"ImageObject","inLanguage":"es","@id":"https:\/\/nutripelletsec.com\/inicio\/index.php\/producto\/nutriengorde\/#primaryimage","url":"https:\/\/nutripelletsec.com\/inicio\/wp-content\/uploads\/2025\/09\/Gemini_Generated_Image_f5eh4tf5eh4tf5eh-removebg-preview-1.png","contentUrl":"https:\/\/nutripelletsec.com\/inicio\/wp-content\/uploads\/2025\/09\/Gemini_Generated_Image_f5eh4tf5eh4tf5eh-removebg-preview-1.png","width":500,"height":500},{"@type":"BreadcrumbList","@id":"https:\/\/nutripelletsec.com\/inicio\/index.php\/producto\/nutriengorde\/#breadcrumb","itemListElement":[{"@type":"ListItem","position":1,"name":"Portada","item":"https:\/\/nutripelletsec.com\/inicio\/"},{"@type":"ListItem","position":2,"name":"TIENDA","item":"https:\/\/nutripelletsec.com\/inicio\/index.php\/tienda\/"},{"@type":"ListItem","position":3,"name":"NUTRIENGORDE"}]},{"@type":"WebSite","@id":"https:\/\/nutripelletsec.com\/inicio\/#website","url":"https:\/\/nutripelletsec.com\/inicio\/","name":"nutripellets","description":"ALIMENTACION DE CALIDAD","potentialAction":[{"@type":"SearchAction","target":{"@type":"EntryPoint","urlTemplate":"https:\/\/nutripelletsec.com\/inicio\/?s={search_term_string}"},"query-input":{"@type":"PropertyValueSpecification","valueRequired":true,"valueName":"search_term_string"}}],"inLanguage":"es"}]}},"_links":{"self":[{"href":"https:\/\/nutripelletsec.com\/inicio\/index.php\/wp-json\/wp\/v2\/product\/5980","targetHints":{"allow":["GET"]}}],"collection":[{"href":"https:\/\/nutripelletsec.com\/inicio\/index.php\/wp-json\/wp\/v2\/product"}],"about":[{"href":"https:\/\/nutripelletsec.com\/inicio\/index.php\/wp-json\/wp\/v2\/types\/product"}],"replies":[{"embeddable":true,"href":"https:\/\/nutripelletsec.com\/inicio\/index.php\/wp-json\/wp\/v2\/comments?post=5980"}],"wp:featuredmedia":[{"embeddable":true,"href":"https:\/\/nutripelletsec.com\/inicio\/index.php\/wp-json\/wp\/v2\/media\/5981"}],"wp:attachment":[{"href":"https:\/\/nutripelletsec.com\/inicio\/index.php\/wp-json\/wp\/v2\/media?parent=5980"}],"wp:term":[{"taxonomy":"product_brand","embeddable":true,"href":"https:\/\/nutripelletsec.com\/inicio\/index.php\/wp-json\/wp\/v2\/product_brand?post=5980"},{"taxonomy":"product_cat","embeddable":true,"href":"https:\/\/nutripelletsec.com\/inicio\/index.php\/wp-json\/wp\/v2\/product_cat?post=5980"},{"taxonomy":"product_tag","embeddable":true,"href":"https:\/\/nutripelletsec.com\/inicio\/index.php\/wp-json\/wp\/v2\/product_tag?post=5980"}],"curies":[{"name":"wp","href":"https:\/\/api.w.org\/{rel}","templated":true}]}}