{"id":6144,"date":"2025-10-04T23:12:00","date_gmt":"2025-10-04T23:12:00","guid":{"rendered":"https:\/\/nutripelletsec.com\/inicio\/?post_type=product&#038;p=6144"},"modified":"2025-10-08T11:15:34","modified_gmt":"2025-10-08T11:15:34","slug":"super-toro","status":"publish","type":"product","link":"https:\/\/nutripelletsec.com\/inicio\/index.php\/producto\/super-toro\/","title":{"rendered":"SUPER TORO"},"content":{"rendered":"<p><img fetchpriority=\"high\" decoding=\"async\" class=\"alignnone size-medium wp-image-6146\" src=\"https:\/\/nutripelletsec.com\/inicio\/wp-content\/uploads\/2025\/10\/supertoro-300x202.jpg\" alt=\"\" width=\"300\" height=\"202\" srcset=\"https:\/\/nutripelletsec.com\/inicio\/wp-content\/uploads\/2025\/10\/supertoro-300x202.jpg 300w, https:\/\/nutripelletsec.com\/inicio\/wp-content\/uploads\/2025\/10\/supertoro.jpg 600w\" sizes=\"(max-width: 300px) 100vw, 300px\" \/><img decoding=\"async\" class=\"alignnone wp-image-5973\" src=\"https:\/\/nutripelletsec.com\/inicio\/wp-content\/uploads\/2025\/09\/pallet-entrepelea61d389033c10b-300x300.png\" alt=\"\" width=\"166\" height=\"166\" srcset=\"https:\/\/nutripelletsec.com\/inicio\/wp-content\/uploads\/2025\/09\/pallet-entrepelea61d389033c10b-300x300.png 300w, https:\/\/nutripelletsec.com\/inicio\/wp-content\/uploads\/2025\/09\/pallet-entrepelea61d389033c10b-450x450.png 450w, https:\/\/nutripelletsec.com\/inicio\/wp-content\/uploads\/2025\/09\/pallet-entrepelea61d389033c10b-100x100.png 100w, https:\/\/nutripelletsec.com\/inicio\/wp-content\/uploads\/2025\/09\/pallet-entrepelea61d389033c10b-150x150.png 150w, https:\/\/nutripelletsec.com\/inicio\/wp-content\/uploads\/2025\/09\/pallet-entrepelea61d389033c10b-500x500.png 500w, https:\/\/nutripelletsec.com\/inicio\/wp-content\/uploads\/2025\/09\/pallet-entrepelea61d389033c10b-50x50.png 50w, https:\/\/nutripelletsec.com\/inicio\/wp-content\/uploads\/2025\/09\/pallet-entrepelea61d389033c10b.png 591w\" sizes=\"(max-width: 166px) 100vw, 166px\" \/><\/p>\n","protected":false},"excerpt":{"rendered":"<p>Alimento dise\u00f1ado para vacunos en etapa de ceba, su \u00f3ptima formulaci\u00f3n y palatabilidad cubre todos los requerimientos nutricionales para una buena conversi\u00f3n alimenticia; suministrar en toros adultos o vacas para el engorde, por tres meses, tiempo en el que estar\u00e1 listo para el beneficio. El consumo debe ser el 3.2 % del peso vivo en esta etapa el consumo del forraje es m\u00ednimo o nulo, a excepci\u00f3n de la primera semana que se realizar\u00e1 el transito alimenticio.<\/p>\n","protected":false},"featured_media":6145,"comment_status":"open","ping_status":"closed","template":"redux-templates_contained","meta":[],"product_brand":[],"product_cat":[70],"product_tag":[],"class_list":{"0":"post-6144","1":"product","2":"type-product","3":"status-publish","4":"has-post-thumbnail","6":"product_cat-ntg","7":"nt-post-class","8":"","17":"first","18":"instock","19":"shipping-taxable","20":"purchasable","21":"product-type-variable"},"yoast_head":"<!-- This site is optimized with the Yoast SEO plugin v27.5 - https:\/\/yoast.com\/product\/yoast-seo-wordpress\/ -->\n<title>SUPER TORO - nutripellets<\/title>\n<meta name=\"robots\" content=\"index, follow, max-snippet:-1, max-image-preview:large, max-video-preview:-1\" \/>\n<link rel=\"canonical\" href=\"https:\/\/nutripelletsec.com\/inicio\/index.php\/producto\/super-toro\/\" \/>\n<meta property=\"og:locale\" content=\"es_ES\" \/>\n<meta property=\"og:type\" content=\"article\" \/>\n<meta property=\"og:title\" content=\"SUPER TORO - nutripellets\" \/>\n<meta property=\"og:description\" content=\"Alimento dise\u00f1ado para vacunos en etapa de ceba, su \u00f3ptima formulaci\u00f3n y palatabilidad cubre todos los requerimientos nutricionales para una buena conversi\u00f3n alimenticia; suministrar en toros adultos o vacas para el engorde, por tres meses, tiempo en el que estar\u00e1 listo para el beneficio. El consumo debe ser el 3.2 % del peso vivo en esta etapa el consumo del forraje es m\u00ednimo o nulo, a excepci\u00f3n de la primera semana que se realizar\u00e1 el transito alimenticio.\" \/>\n<meta property=\"og:url\" content=\"https:\/\/nutripelletsec.com\/inicio\/index.php\/producto\/super-toro\/\" \/>\n<meta property=\"og:site_name\" content=\"nutripellets\" \/>\n<meta property=\"article:modified_time\" content=\"2025-10-08T11:15:34+00:00\" \/>\n<meta property=\"og:image\" content=\"https:\/\/nutripelletsec.com\/inicio\/wp-content\/uploads\/2025\/10\/Gemini_Generated_Image_mstothmstothmsto-removebg-preview-1.png\" \/>\n\t<meta property=\"og:image:width\" content=\"500\" \/>\n\t<meta property=\"og:image:height\" content=\"500\" \/>\n\t<meta property=\"og:image:type\" content=\"image\/png\" \/>\n<meta name=\"twitter:card\" content=\"summary_large_image\" \/>\n<meta name=\"twitter:label1\" content=\"Tiempo de lectura\" \/>\n\t<meta name=\"twitter:data1\" content=\"1 minuto\" \/>\n<script type=\"application\/ld+json\" class=\"yoast-schema-graph\">{\"@context\":\"https:\\\/\\\/schema.org\",\"@graph\":[{\"@type\":\"WebPage\",\"@id\":\"https:\\\/\\\/nutripelletsec.com\\\/inicio\\\/index.php\\\/producto\\\/super-toro\\\/\",\"url\":\"https:\\\/\\\/nutripelletsec.com\\\/inicio\\\/index.php\\\/producto\\\/super-toro\\\/\",\"name\":\"SUPER TORO - nutripellets\",\"isPartOf\":{\"@id\":\"https:\\\/\\\/nutripelletsec.com\\\/inicio\\\/#website\"},\"primaryImageOfPage\":{\"@id\":\"https:\\\/\\\/nutripelletsec.com\\\/inicio\\\/index.php\\\/producto\\\/super-toro\\\/#primaryimage\"},\"image\":{\"@id\":\"https:\\\/\\\/nutripelletsec.com\\\/inicio\\\/index.php\\\/producto\\\/super-toro\\\/#primaryimage\"},\"thumbnailUrl\":\"https:\\\/\\\/nutripelletsec.com\\\/inicio\\\/wp-content\\\/uploads\\\/2025\\\/10\\\/Gemini_Generated_Image_mstothmstothmsto-removebg-preview-1.png\",\"datePublished\":\"2025-10-04T23:12:00+00:00\",\"dateModified\":\"2025-10-08T11:15:34+00:00\",\"breadcrumb\":{\"@id\":\"https:\\\/\\\/nutripelletsec.com\\\/inicio\\\/index.php\\\/producto\\\/super-toro\\\/#breadcrumb\"},\"inLanguage\":\"es\",\"potentialAction\":[{\"@type\":\"ReadAction\",\"target\":[\"https:\\\/\\\/nutripelletsec.com\\\/inicio\\\/index.php\\\/producto\\\/super-toro\\\/\"]}]},{\"@type\":\"ImageObject\",\"inLanguage\":\"es\",\"@id\":\"https:\\\/\\\/nutripelletsec.com\\\/inicio\\\/index.php\\\/producto\\\/super-toro\\\/#primaryimage\",\"url\":\"https:\\\/\\\/nutripelletsec.com\\\/inicio\\\/wp-content\\\/uploads\\\/2025\\\/10\\\/Gemini_Generated_Image_mstothmstothmsto-removebg-preview-1.png\",\"contentUrl\":\"https:\\\/\\\/nutripelletsec.com\\\/inicio\\\/wp-content\\\/uploads\\\/2025\\\/10\\\/Gemini_Generated_Image_mstothmstothmsto-removebg-preview-1.png\",\"width\":500,\"height\":500},{\"@type\":\"BreadcrumbList\",\"@id\":\"https:\\\/\\\/nutripelletsec.com\\\/inicio\\\/index.php\\\/producto\\\/super-toro\\\/#breadcrumb\",\"itemListElement\":[{\"@type\":\"ListItem\",\"position\":1,\"name\":\"Portada\",\"item\":\"https:\\\/\\\/nutripelletsec.com\\\/inicio\\\/\"},{\"@type\":\"ListItem\",\"position\":2,\"name\":\"TIENDA\",\"item\":\"https:\\\/\\\/nutripelletsec.com\\\/inicio\\\/index.php\\\/tienda\\\/\"},{\"@type\":\"ListItem\",\"position\":3,\"name\":\"SUPER TORO\"}]},{\"@type\":\"WebSite\",\"@id\":\"https:\\\/\\\/nutripelletsec.com\\\/inicio\\\/#website\",\"url\":\"https:\\\/\\\/nutripelletsec.com\\\/inicio\\\/\",\"name\":\"nutripellets\",\"description\":\"ALIMENTACION DE CALIDAD\",\"potentialAction\":[{\"@type\":\"SearchAction\",\"target\":{\"@type\":\"EntryPoint\",\"urlTemplate\":\"https:\\\/\\\/nutripelletsec.com\\\/inicio\\\/?s={search_term_string}\"},\"query-input\":{\"@type\":\"PropertyValueSpecification\",\"valueRequired\":true,\"valueName\":\"search_term_string\"}}],\"inLanguage\":\"es\"}]}<\/script>\n<!-- \/ Yoast SEO plugin. -->","yoast_head_json":{"title":"SUPER TORO - nutripellets","robots":{"index":"index","follow":"follow","max-snippet":"max-snippet:-1","max-image-preview":"max-image-preview:large","max-video-preview":"max-video-preview:-1"},"canonical":"https:\/\/nutripelletsec.com\/inicio\/index.php\/producto\/super-toro\/","og_locale":"es_ES","og_type":"article","og_title":"SUPER TORO - nutripellets","og_description":"Alimento dise\u00f1ado para vacunos en etapa de ceba, su \u00f3ptima formulaci\u00f3n y palatabilidad cubre todos los requerimientos nutricionales para una buena conversi\u00f3n alimenticia; suministrar en toros adultos o vacas para el engorde, por tres meses, tiempo en el que estar\u00e1 listo para el beneficio. El consumo debe ser el 3.2 % del peso vivo en esta etapa el consumo del forraje es m\u00ednimo o nulo, a excepci\u00f3n de la primera semana que se realizar\u00e1 el transito alimenticio.","og_url":"https:\/\/nutripelletsec.com\/inicio\/index.php\/producto\/super-toro\/","og_site_name":"nutripellets","article_modified_time":"2025-10-08T11:15:34+00:00","og_image":[{"width":500,"height":500,"url":"https:\/\/nutripelletsec.com\/inicio\/wp-content\/uploads\/2025\/10\/Gemini_Generated_Image_mstothmstothmsto-removebg-preview-1.png","type":"image\/png"}],"twitter_card":"summary_large_image","twitter_misc":{"Tiempo de lectura":"1 minuto"},"schema":{"@context":"https:\/\/schema.org","@graph":[{"@type":"WebPage","@id":"https:\/\/nutripelletsec.com\/inicio\/index.php\/producto\/super-toro\/","url":"https:\/\/nutripelletsec.com\/inicio\/index.php\/producto\/super-toro\/","name":"SUPER TORO - nutripellets","isPartOf":{"@id":"https:\/\/nutripelletsec.com\/inicio\/#website"},"primaryImageOfPage":{"@id":"https:\/\/nutripelletsec.com\/inicio\/index.php\/producto\/super-toro\/#primaryimage"},"image":{"@id":"https:\/\/nutripelletsec.com\/inicio\/index.php\/producto\/super-toro\/#primaryimage"},"thumbnailUrl":"https:\/\/nutripelletsec.com\/inicio\/wp-content\/uploads\/2025\/10\/Gemini_Generated_Image_mstothmstothmsto-removebg-preview-1.png","datePublished":"2025-10-04T23:12:00+00:00","dateModified":"2025-10-08T11:15:34+00:00","breadcrumb":{"@id":"https:\/\/nutripelletsec.com\/inicio\/index.php\/producto\/super-toro\/#breadcrumb"},"inLanguage":"es","potentialAction":[{"@type":"ReadAction","target":["https:\/\/nutripelletsec.com\/inicio\/index.php\/producto\/super-toro\/"]}]},{"@type":"ImageObject","inLanguage":"es","@id":"https:\/\/nutripelletsec.com\/inicio\/index.php\/producto\/super-toro\/#primaryimage","url":"https:\/\/nutripelletsec.com\/inicio\/wp-content\/uploads\/2025\/10\/Gemini_Generated_Image_mstothmstothmsto-removebg-preview-1.png","contentUrl":"https:\/\/nutripelletsec.com\/inicio\/wp-content\/uploads\/2025\/10\/Gemini_Generated_Image_mstothmstothmsto-removebg-preview-1.png","width":500,"height":500},{"@type":"BreadcrumbList","@id":"https:\/\/nutripelletsec.com\/inicio\/index.php\/producto\/super-toro\/#breadcrumb","itemListElement":[{"@type":"ListItem","position":1,"name":"Portada","item":"https:\/\/nutripelletsec.com\/inicio\/"},{"@type":"ListItem","position":2,"name":"TIENDA","item":"https:\/\/nutripelletsec.com\/inicio\/index.php\/tienda\/"},{"@type":"ListItem","position":3,"name":"SUPER TORO"}]},{"@type":"WebSite","@id":"https:\/\/nutripelletsec.com\/inicio\/#website","url":"https:\/\/nutripelletsec.com\/inicio\/","name":"nutripellets","description":"ALIMENTACION DE CALIDAD","potentialAction":[{"@type":"SearchAction","target":{"@type":"EntryPoint","urlTemplate":"https:\/\/nutripelletsec.com\/inicio\/?s={search_term_string}"},"query-input":{"@type":"PropertyValueSpecification","valueRequired":true,"valueName":"search_term_string"}}],"inLanguage":"es"}]}},"_links":{"self":[{"href":"https:\/\/nutripelletsec.com\/inicio\/index.php\/wp-json\/wp\/v2\/product\/6144","targetHints":{"allow":["GET"]}}],"collection":[{"href":"https:\/\/nutripelletsec.com\/inicio\/index.php\/wp-json\/wp\/v2\/product"}],"about":[{"href":"https:\/\/nutripelletsec.com\/inicio\/index.php\/wp-json\/wp\/v2\/types\/product"}],"replies":[{"embeddable":true,"href":"https:\/\/nutripelletsec.com\/inicio\/index.php\/wp-json\/wp\/v2\/comments?post=6144"}],"wp:featuredmedia":[{"embeddable":true,"href":"https:\/\/nutripelletsec.com\/inicio\/index.php\/wp-json\/wp\/v2\/media\/6145"}],"wp:attachment":[{"href":"https:\/\/nutripelletsec.com\/inicio\/index.php\/wp-json\/wp\/v2\/media?parent=6144"}],"wp:term":[{"taxonomy":"product_brand","embeddable":true,"href":"https:\/\/nutripelletsec.com\/inicio\/index.php\/wp-json\/wp\/v2\/product_brand?post=6144"},{"taxonomy":"product_cat","embeddable":true,"href":"https:\/\/nutripelletsec.com\/inicio\/index.php\/wp-json\/wp\/v2\/product_cat?post=6144"},{"taxonomy":"product_tag","embeddable":true,"href":"https:\/\/nutripelletsec.com\/inicio\/index.php\/wp-json\/wp\/v2\/product_tag?post=6144"}],"curies":[{"name":"wp","href":"https:\/\/api.w.org\/{rel}","templated":true}]}}