{"id":6165,"date":"2025-10-05T12:00:00","date_gmt":"2025-10-05T12:00:00","guid":{"rendered":"https:\/\/nutripelletsec.com\/inicio\/?post_type=product&#038;p=6165"},"modified":"2025-10-05T12:00:00","modified_gmt":"2025-10-05T12:00:00","slug":"probioticos-para-uso-ovino","status":"publish","type":"product","link":"https:\/\/nutripelletsec.com\/inicio\/index.php\/producto\/probioticos-para-uso-ovino\/","title":{"rendered":"PROBI\u00d3TICOS PARA USO OVINO"},"content":{"rendered":"<h3><span dir=\"auto\">Beneficios Clave en la Producci\u00f3n Ovina<\/span><\/h3>\n<p>&nbsp;<\/p>\n<p><span dir=\"auto\">La suplementaci\u00f3n con probi\u00f3ticos en ovinos se traduce en varias ventajas productivas y sanitarias:<\/span><\/p>\n<ul>\n<li><b><span dir=\"auto\">Mejora de la Producci\u00f3n:<\/span><\/b><span dir=\"auto\"> Aumentan la <\/span><b><span dir=\"auto\">ganancia media diaria de peso<\/span><\/b><span dir=\"auto\"> en corderos y pueden mejorar la <\/span><b><span dir=\"auto\">producci\u00f3n y calidad de la leche<\/span><\/b><span dir=\"auto\"> en ovejas lecheras.<\/span><\/li>\n<li><b><span dir=\"auto\">Salud Intestinal:<\/span><\/b><span dir=\"auto\"> Previenen y controlan pat\u00f3genos da\u00f1inos (como <\/span><i><span dir=\"auto\">Salmonella<\/span><\/i><span dir=\"auto\"> y <\/span><i><span dir=\"auto\">E. coli<\/span><\/i><span dir=\"auto\"> ), reduciendo la <\/span><b><span dir=\"auto\">incidencia de enfermedades y diarreas<\/span><\/b><span dir=\"auto\"> .<\/span><\/li>\n<li><b><span dir=\"auto\">Fortalecimiento Inmunol\u00f3gico:<\/span><\/b><span dir=\"auto\"> Estimulan el <\/span><b><span dir=\"auto\">sistema inmune<\/span><\/b><span dir=\"auto\"> , mejorando la resistencia general del animal.<\/span><\/li>\n<li><b><span dir=\"auto\">Alternativa a Antibi\u00f3ticos:<\/span><\/b><span dir=\"auto\"> Se posicionan como una estrategia segura y natural para la promoci\u00f3n del crecimiento y la salud, en l\u00ednea con las tendencias de <\/span><b><span dir=\"auto\">reducci\u00f3n del uso de antibi\u00f3ticos<\/span><\/b><span dir=\"auto\"> en la ganader\u00eda.<\/span><\/li>\n<li><b><span dir=\"auto\">Mejor Aspecto General:<\/span><\/b><span dir=\"auto\"> Un intestino sano se refleja en una mejor condici\u00f3n corporal, ya veces, en la <\/span><b><span dir=\"auto\">calidad de la piel y el pelaje<\/span><\/b><span dir=\"auto\"> .<\/span><\/li>\n<\/ul>\n","protected":false},"excerpt":{"rendered":"<p><span dir=\"auto\">Los <\/span><b><span dir=\"auto\">probi\u00f3ticos para ovinos<\/span><\/b><span dir=\"auto\"> son aditivos alimentarios que consisten en <\/span><b><span dir=\"auto\">microorganismos vivos y viables<\/span><\/b><span dir=\"auto\"> (principalmente cepas de bacterias y levaduras) que, al ser administrados en cantidades adecuadas a ovejas y corderos, buscan <\/span><b><span dir=\"auto\">mejorar la salud intestinal y la productividad<\/span><\/b><span dir=\"auto\"> al modular positivamente la microbiota.<\/span><\/p>\n<p><span dir=\"auto\">Debido a que los ovinos son <\/span><b><span dir=\"auto\">rumiantes<\/span><\/b><span dir=\"auto\"> , el objetivo y el mecanismo de acci\u00f3n de los probi\u00f3ticos var\u00edan seg\u00fan la edad y el desarrollo del rumen del animal.<\/span><\/p>\n","protected":false},"featured_media":6169,"comment_status":"open","ping_status":"closed","template":"","meta":[],"product_brand":[],"product_cat":[86],"product_tag":[],"class_list":{"0":"post-6165","1":"product","2":"type-product","3":"status-publish","4":"has-post-thumbnail","6":"product_cat-probioticos","7":"nt-post-class","8":"","17":"first","18":"instock","19":"shipping-taxable","20":"purchasable","21":"product-type-variable"},"yoast_head":"<!-- This site is optimized with the Yoast SEO plugin v27.5 - https:\/\/yoast.com\/product\/yoast-seo-wordpress\/ -->\n<title>PROBI\u00d3TICOS PARA USO OVINO - nutripellets<\/title>\n<meta name=\"robots\" content=\"index, follow, max-snippet:-1, max-image-preview:large, max-video-preview:-1\" \/>\n<link rel=\"canonical\" href=\"https:\/\/nutripelletsec.com\/inicio\/index.php\/producto\/probioticos-para-uso-ovino\/\" \/>\n<meta property=\"og:locale\" content=\"es_ES\" \/>\n<meta property=\"og:type\" content=\"article\" \/>\n<meta property=\"og:title\" content=\"PROBI\u00d3TICOS PARA USO OVINO - nutripellets\" \/>\n<meta property=\"og:description\" content=\"Los probi\u00f3ticos para ovinos son aditivos alimentarios que consisten en microorganismos vivos y viables (principalmente cepas de bacterias y levaduras) que, al ser administrados en cantidades adecuadas a ovejas y corderos, buscan mejorar la salud intestinal y la productividad al modular positivamente la microbiota.  Debido a que los ovinos son rumiantes , el objetivo y el mecanismo de acci\u00f3n de los probi\u00f3ticos var\u00edan seg\u00fan la edad y el desarrollo del rumen del animal.\" \/>\n<meta property=\"og:url\" content=\"https:\/\/nutripelletsec.com\/inicio\/index.php\/producto\/probioticos-para-uso-ovino\/\" \/>\n<meta property=\"og:site_name\" content=\"nutripellets\" \/>\n<meta property=\"og:image\" content=\"https:\/\/nutripelletsec.com\/inicio\/wp-content\/uploads\/2025\/10\/Gemini_Generated_Image_g7zawgg7zawgg7za-removebg-preview.png\" \/>\n\t<meta property=\"og:image:width\" content=\"500\" \/>\n\t<meta property=\"og:image:height\" content=\"500\" \/>\n\t<meta property=\"og:image:type\" content=\"image\/png\" \/>\n<meta name=\"twitter:card\" content=\"summary_large_image\" \/>\n<meta name=\"twitter:label1\" content=\"Tiempo de lectura\" \/>\n\t<meta name=\"twitter:data1\" content=\"1 minuto\" \/>\n<script type=\"application\/ld+json\" class=\"yoast-schema-graph\">{\"@context\":\"https:\\\/\\\/schema.org\",\"@graph\":[{\"@type\":\"WebPage\",\"@id\":\"https:\\\/\\\/nutripelletsec.com\\\/inicio\\\/index.php\\\/producto\\\/probioticos-para-uso-ovino\\\/\",\"url\":\"https:\\\/\\\/nutripelletsec.com\\\/inicio\\\/index.php\\\/producto\\\/probioticos-para-uso-ovino\\\/\",\"name\":\"PROBI\u00d3TICOS PARA USO OVINO - nutripellets\",\"isPartOf\":{\"@id\":\"https:\\\/\\\/nutripelletsec.com\\\/inicio\\\/#website\"},\"primaryImageOfPage\":{\"@id\":\"https:\\\/\\\/nutripelletsec.com\\\/inicio\\\/index.php\\\/producto\\\/probioticos-para-uso-ovino\\\/#primaryimage\"},\"image\":{\"@id\":\"https:\\\/\\\/nutripelletsec.com\\\/inicio\\\/index.php\\\/producto\\\/probioticos-para-uso-ovino\\\/#primaryimage\"},\"thumbnailUrl\":\"https:\\\/\\\/nutripelletsec.com\\\/inicio\\\/wp-content\\\/uploads\\\/2025\\\/10\\\/Gemini_Generated_Image_g7zawgg7zawgg7za-removebg-preview.png\",\"datePublished\":\"2025-10-05T12:00:00+00:00\",\"breadcrumb\":{\"@id\":\"https:\\\/\\\/nutripelletsec.com\\\/inicio\\\/index.php\\\/producto\\\/probioticos-para-uso-ovino\\\/#breadcrumb\"},\"inLanguage\":\"es\",\"potentialAction\":[{\"@type\":\"ReadAction\",\"target\":[\"https:\\\/\\\/nutripelletsec.com\\\/inicio\\\/index.php\\\/producto\\\/probioticos-para-uso-ovino\\\/\"]}]},{\"@type\":\"ImageObject\",\"inLanguage\":\"es\",\"@id\":\"https:\\\/\\\/nutripelletsec.com\\\/inicio\\\/index.php\\\/producto\\\/probioticos-para-uso-ovino\\\/#primaryimage\",\"url\":\"https:\\\/\\\/nutripelletsec.com\\\/inicio\\\/wp-content\\\/uploads\\\/2025\\\/10\\\/Gemini_Generated_Image_g7zawgg7zawgg7za-removebg-preview.png\",\"contentUrl\":\"https:\\\/\\\/nutripelletsec.com\\\/inicio\\\/wp-content\\\/uploads\\\/2025\\\/10\\\/Gemini_Generated_Image_g7zawgg7zawgg7za-removebg-preview.png\",\"width\":500,\"height\":500},{\"@type\":\"BreadcrumbList\",\"@id\":\"https:\\\/\\\/nutripelletsec.com\\\/inicio\\\/index.php\\\/producto\\\/probioticos-para-uso-ovino\\\/#breadcrumb\",\"itemListElement\":[{\"@type\":\"ListItem\",\"position\":1,\"name\":\"Portada\",\"item\":\"https:\\\/\\\/nutripelletsec.com\\\/inicio\\\/\"},{\"@type\":\"ListItem\",\"position\":2,\"name\":\"TIENDA\",\"item\":\"https:\\\/\\\/nutripelletsec.com\\\/inicio\\\/index.php\\\/tienda\\\/\"},{\"@type\":\"ListItem\",\"position\":3,\"name\":\"PROBI\u00d3TICOS PARA USO OVINO\"}]},{\"@type\":\"WebSite\",\"@id\":\"https:\\\/\\\/nutripelletsec.com\\\/inicio\\\/#website\",\"url\":\"https:\\\/\\\/nutripelletsec.com\\\/inicio\\\/\",\"name\":\"nutripellets\",\"description\":\"ALIMENTACION DE CALIDAD\",\"potentialAction\":[{\"@type\":\"SearchAction\",\"target\":{\"@type\":\"EntryPoint\",\"urlTemplate\":\"https:\\\/\\\/nutripelletsec.com\\\/inicio\\\/?s={search_term_string}\"},\"query-input\":{\"@type\":\"PropertyValueSpecification\",\"valueRequired\":true,\"valueName\":\"search_term_string\"}}],\"inLanguage\":\"es\"}]}<\/script>\n<!-- \/ Yoast SEO plugin. -->","yoast_head_json":{"title":"PROBI\u00d3TICOS PARA USO OVINO - nutripellets","robots":{"index":"index","follow":"follow","max-snippet":"max-snippet:-1","max-image-preview":"max-image-preview:large","max-video-preview":"max-video-preview:-1"},"canonical":"https:\/\/nutripelletsec.com\/inicio\/index.php\/producto\/probioticos-para-uso-ovino\/","og_locale":"es_ES","og_type":"article","og_title":"PROBI\u00d3TICOS PARA USO OVINO - nutripellets","og_description":"Los probi\u00f3ticos para ovinos son aditivos alimentarios que consisten en microorganismos vivos y viables (principalmente cepas de bacterias y levaduras) que, al ser administrados en cantidades adecuadas a ovejas y corderos, buscan mejorar la salud intestinal y la productividad al modular positivamente la microbiota.  Debido a que los ovinos son rumiantes , el objetivo y el mecanismo de acci\u00f3n de los probi\u00f3ticos var\u00edan seg\u00fan la edad y el desarrollo del rumen del animal.","og_url":"https:\/\/nutripelletsec.com\/inicio\/index.php\/producto\/probioticos-para-uso-ovino\/","og_site_name":"nutripellets","og_image":[{"width":500,"height":500,"url":"https:\/\/nutripelletsec.com\/inicio\/wp-content\/uploads\/2025\/10\/Gemini_Generated_Image_g7zawgg7zawgg7za-removebg-preview.png","type":"image\/png"}],"twitter_card":"summary_large_image","twitter_misc":{"Tiempo de lectura":"1 minuto"},"schema":{"@context":"https:\/\/schema.org","@graph":[{"@type":"WebPage","@id":"https:\/\/nutripelletsec.com\/inicio\/index.php\/producto\/probioticos-para-uso-ovino\/","url":"https:\/\/nutripelletsec.com\/inicio\/index.php\/producto\/probioticos-para-uso-ovino\/","name":"PROBI\u00d3TICOS PARA USO OVINO - nutripellets","isPartOf":{"@id":"https:\/\/nutripelletsec.com\/inicio\/#website"},"primaryImageOfPage":{"@id":"https:\/\/nutripelletsec.com\/inicio\/index.php\/producto\/probioticos-para-uso-ovino\/#primaryimage"},"image":{"@id":"https:\/\/nutripelletsec.com\/inicio\/index.php\/producto\/probioticos-para-uso-ovino\/#primaryimage"},"thumbnailUrl":"https:\/\/nutripelletsec.com\/inicio\/wp-content\/uploads\/2025\/10\/Gemini_Generated_Image_g7zawgg7zawgg7za-removebg-preview.png","datePublished":"2025-10-05T12:00:00+00:00","breadcrumb":{"@id":"https:\/\/nutripelletsec.com\/inicio\/index.php\/producto\/probioticos-para-uso-ovino\/#breadcrumb"},"inLanguage":"es","potentialAction":[{"@type":"ReadAction","target":["https:\/\/nutripelletsec.com\/inicio\/index.php\/producto\/probioticos-para-uso-ovino\/"]}]},{"@type":"ImageObject","inLanguage":"es","@id":"https:\/\/nutripelletsec.com\/inicio\/index.php\/producto\/probioticos-para-uso-ovino\/#primaryimage","url":"https:\/\/nutripelletsec.com\/inicio\/wp-content\/uploads\/2025\/10\/Gemini_Generated_Image_g7zawgg7zawgg7za-removebg-preview.png","contentUrl":"https:\/\/nutripelletsec.com\/inicio\/wp-content\/uploads\/2025\/10\/Gemini_Generated_Image_g7zawgg7zawgg7za-removebg-preview.png","width":500,"height":500},{"@type":"BreadcrumbList","@id":"https:\/\/nutripelletsec.com\/inicio\/index.php\/producto\/probioticos-para-uso-ovino\/#breadcrumb","itemListElement":[{"@type":"ListItem","position":1,"name":"Portada","item":"https:\/\/nutripelletsec.com\/inicio\/"},{"@type":"ListItem","position":2,"name":"TIENDA","item":"https:\/\/nutripelletsec.com\/inicio\/index.php\/tienda\/"},{"@type":"ListItem","position":3,"name":"PROBI\u00d3TICOS PARA USO OVINO"}]},{"@type":"WebSite","@id":"https:\/\/nutripelletsec.com\/inicio\/#website","url":"https:\/\/nutripelletsec.com\/inicio\/","name":"nutripellets","description":"ALIMENTACION DE CALIDAD","potentialAction":[{"@type":"SearchAction","target":{"@type":"EntryPoint","urlTemplate":"https:\/\/nutripelletsec.com\/inicio\/?s={search_term_string}"},"query-input":{"@type":"PropertyValueSpecification","valueRequired":true,"valueName":"search_term_string"}}],"inLanguage":"es"}]}},"_links":{"self":[{"href":"https:\/\/nutripelletsec.com\/inicio\/index.php\/wp-json\/wp\/v2\/product\/6165","targetHints":{"allow":["GET"]}}],"collection":[{"href":"https:\/\/nutripelletsec.com\/inicio\/index.php\/wp-json\/wp\/v2\/product"}],"about":[{"href":"https:\/\/nutripelletsec.com\/inicio\/index.php\/wp-json\/wp\/v2\/types\/product"}],"replies":[{"embeddable":true,"href":"https:\/\/nutripelletsec.com\/inicio\/index.php\/wp-json\/wp\/v2\/comments?post=6165"}],"wp:featuredmedia":[{"embeddable":true,"href":"https:\/\/nutripelletsec.com\/inicio\/index.php\/wp-json\/wp\/v2\/media\/6169"}],"wp:attachment":[{"href":"https:\/\/nutripelletsec.com\/inicio\/index.php\/wp-json\/wp\/v2\/media?parent=6165"}],"wp:term":[{"taxonomy":"product_brand","embeddable":true,"href":"https:\/\/nutripelletsec.com\/inicio\/index.php\/wp-json\/wp\/v2\/product_brand?post=6165"},{"taxonomy":"product_cat","embeddable":true,"href":"https:\/\/nutripelletsec.com\/inicio\/index.php\/wp-json\/wp\/v2\/product_cat?post=6165"},{"taxonomy":"product_tag","embeddable":true,"href":"https:\/\/nutripelletsec.com\/inicio\/index.php\/wp-json\/wp\/v2\/product_tag?post=6165"}],"curies":[{"name":"wp","href":"https:\/\/api.w.org\/{rel}","templated":true}]}}