{"id":6170,"date":"2025-10-05T12:18:22","date_gmt":"2025-10-05T12:18:22","guid":{"rendered":"https:\/\/nutripelletsec.com\/inicio\/?post_type=product&#038;p=6170"},"modified":"2025-10-05T12:21:09","modified_gmt":"2025-10-05T12:21:09","slug":"probioticos-para-uso-aves-de-engorde","status":"publish","type":"product","link":"https:\/\/nutripelletsec.com\/inicio\/index.php\/producto\/probioticos-para-uso-aves-de-engorde\/","title":{"rendered":"PROBI\u00d3TICOS PARA USO AVES DE ENGORDE"},"content":{"rendered":"<h3><span dir=\"auto\">Beneficios Clave en la Producci\u00f3n de Engorde<\/span><\/h3>\n<p>&nbsp;<\/p>\n<p><span dir=\"auto\">La administraci\u00f3n constante de probi\u00f3ticos se orienta a optimizar los par\u00e1metros zoot\u00e9cnicos m\u00e1s cr\u00edticos:<\/span><\/p>\n<div class=\"horizontal-scroll-wrapper\">\n<div class=\"table-block-component\">\n<div class=\"table-block has-export-button\">\n<div class=\"table-content not-end-of-paragraph\" data-hveid=\"0\" data-ved=\"0CAAQ3ecQahcKEwje8rv-k4yQAxUAAAAAHQAAAAAQYA\">\n<table style=\"height: 225px;\" width=\"1144\">\n<thead>\n<tr>\n<td><span dir=\"auto\">Indicador<\/span><\/td>\n<td><span dir=\"auto\">Beneficio del Probi\u00f3tico<\/span><\/td>\n<\/tr>\n<\/thead>\n<tbody>\n<tr>\n<td><b><span dir=\"auto\">Rendimiento productivo<\/span><\/b><\/td>\n<td><span dir=\"auto\">Aumenta la <\/span><b><span dir=\"auto\">ganancia diaria de peso<\/span><\/b><span dir=\"auto\"> y mejora significativamente el <\/span><b><span dir=\"auto\">\u00edndice de conversi\u00f3n alimentaria<\/span><\/b><span dir=\"auto\"> (ICC), permitiendo que el pollo utilice el alimento de manera m\u00e1s eficiente.<\/span><\/td>\n<\/tr>\n<tr>\n<td><b><span dir=\"auto\">Salud y Sanidad<\/span><\/b><\/td>\n<td><span dir=\"auto\">Previene la <\/span><b><span dir=\"auto\">disbiosis intestinal<\/span><\/b><span dir=\"auto\"> y reduce la incidencia de enfermedades gastrointestinales (diarreas), disminuyendo la necesidad de tratamientos con antibi\u00f3ticos.<\/span><\/td>\n<\/tr>\n<tr>\n<td><b><span dir=\"auto\">Integridad intestinal<\/span><\/b><\/td>\n<td><span dir=\"auto\">Fortalece la barrera epitelial y <\/span><b><span dir=\"auto\">previene el da\u00f1o celular<\/span><\/b><span dir=\"auto\"> causado por toxinas y factores de estr\u00e9s (calor, manejo, cambio de dieta).<\/span><\/td>\n<\/tr>\n<tr>\n<td><b><span dir=\"auto\">Bienestar y estr\u00e9s<\/span><\/b><\/td>\n<td><span dir=\"auto\">Contribuye a amortiguar los efectos negativos del <\/span><b><span dir=\"auto\">estr\u00e9s<\/span><\/b><span dir=\"auto\"> (especialmente en las etapas iniciales y al cambio de alimento), manteniendo la estabilidad del ecosistema intestinal.<\/span><\/td>\n<\/tr>\n<\/tbody>\n<\/table>\n<\/div>\n<\/div>\n<\/div>\n<\/div>\n","protected":false},"excerpt":{"rendered":"<h3><span dir=\"auto\">Mecanismo de Acci\u00f3n en el Tracto Intestinal<\/span><\/h3>\n<p>&nbsp;<\/p>\n<p><span dir=\"auto\">El impacto de los probi\u00f3ticos en los pollos de engorde se basa en varios mecanismos que aseguran la<\/span><b><span dir=\"auto\"> integridad intestinal <\/span><\/b><span dir=\"auto\">y la exclusi\u00f3n de pat\u00f3genos:<\/span><\/p>\n<ol start=\"1\">\n<li><b><span dir=\"auto\">Exclusi\u00f3n Competitiva:<\/span><\/b><span dir=\"auto\"> Las bacterias probi\u00f3ticas ( <\/span><b><span dir=\"auto\">Lactobacillus spp., Bacillus spp., Enterococcus spp.<\/span><\/b><span dir=\"auto\"> ) colonizan r\u00e1pidamente los sitios de adhesi\u00f3n en el epitelio intestinal. Al ocupar estos &#8220;espacios&#8221;, impedir\u00e1n que microorganismos pat\u00f3genos como <\/span><i><span dir=\"auto\">Salmonella spp.<\/span><\/i><span dir=\"auto\"> , <\/span><i><span dir=\"auto\">Escherichia coli<\/span><\/i><span dir=\"auto\"> o <\/span><i><span dir=\"auto\">Clostridium perfringens<\/span><\/i><span dir=\"auto\"> pueden adherirse y proliferar.<\/span><\/li>\n<li><b><span dir=\"auto\">Producci\u00f3n de Sustancias Antimicrobianas:<\/span><\/b><span dir=\"auto\"> Los probi\u00f3ticos producen metabolitos protectores, como <\/span><b><span dir=\"auto\">\u00e1cido l\u00e1ctico, \u00e1cido ac\u00e9tico<\/span><\/b><span dir=\"auto\"> y <\/span><b><span dir=\"auto\">bacteriocinas<\/span><\/b><span dir=\"auto\"> . Estos compuestos <\/span><b><span dir=\"auto\">acidifican el medio intestinal<\/span><\/b><span dir=\"auto\"> , creando un ambiente hostil para el desarrollo de bacterias da\u00f1inas.<\/span><\/li>\n<li><b><span dir=\"auto\">Mejora de la Absorci\u00f3n de Nutrientes:<\/span><\/b><span dir=\"auto\"> Contribuyen a la digesti\u00f3n al <\/span><b><span dir=\"auto\">incrementar la actividad de enzimas digestivas<\/span><\/b><span dir=\"auto\"> (como la amilasa y la sacarasa) y al sintetizar <\/span><b><span dir=\"auto\">nutrientes esenciales<\/span><\/b><span dir=\"auto\"> como vitaminas del complejo B y amino\u00e1cidos, lo que resulta en una mejor <\/span><b><span dir=\"auto\">conversi\u00f3n alimenticia<\/span><\/b><span dir=\"auto\"> .<\/span><\/li>\n<li><b><span dir=\"auto\">Inmunomodulaci\u00f3n:<\/span><\/b><span dir=\"auto\"> Estimulan el <\/span><b><span dir=\"auto\">sistema inmunol\u00f3gico<\/span><\/b><span dir=\"auto\"> del ave, aumentando la producci\u00f3n de inmunoglobulinas y la activaci\u00f3n de c\u00e9lulas de defensa (linfocitos T), fortaleciendo la resistencia a las enfermedades.<\/span><\/li>\n<li><b><span dir=\"auto\">Desarrollo de las Vellosidades Intestinales:<\/span><\/b><span dir=\"auto\"> Promueven el crecimiento y el desarrollo de las vellosidades intestinales (aumentando su longitud y grosor), lo que incrementa la superficie de absorci\u00f3n y potencia la eficiencia digestiva.<\/span><\/li>\n<\/ol>\n","protected":false},"featured_media":6175,"comment_status":"open","ping_status":"closed","template":"","meta":[],"product_brand":[],"product_cat":[86],"product_tag":[],"class_list":{"0":"post-6170","1":"product","2":"type-product","3":"status-publish","4":"has-post-thumbnail","6":"product_cat-probioticos","7":"nt-post-class","8":"","17":"first","18":"instock","19":"shipping-taxable","20":"purchasable","21":"product-type-variable"},"yoast_head":"<!-- This site is optimized with the Yoast SEO plugin v27.5 - https:\/\/yoast.com\/product\/yoast-seo-wordpress\/ -->\n<title>PROBI\u00d3TICOS PARA USO AVES DE ENGORDE - nutripellets<\/title>\n<meta name=\"robots\" content=\"index, follow, max-snippet:-1, max-image-preview:large, max-video-preview:-1\" \/>\n<link rel=\"canonical\" href=\"https:\/\/nutripelletsec.com\/inicio\/index.php\/producto\/probioticos-para-uso-aves-de-engorde\/\" \/>\n<meta property=\"og:locale\" content=\"es_ES\" \/>\n<meta property=\"og:type\" content=\"article\" \/>\n<meta property=\"og:title\" content=\"PROBI\u00d3TICOS PARA USO AVES DE ENGORDE - nutripellets\" \/>\n<meta property=\"og:description\" content=\"Mecanismo de Acci\u00f3n en el Tracto Intestinal &nbsp;  El impacto de los probi\u00f3ticos en los pollos de engorde se basa en varios mecanismos que aseguran la integridad intestinal y la exclusi\u00f3n de pat\u00f3genos:   Exclusi\u00f3n Competitiva: Las bacterias probi\u00f3ticas ( Lactobacillus spp., Bacillus spp., Enterococcus spp. ) colonizan r\u00e1pidamente los sitios de adhesi\u00f3n en el epitelio intestinal. Al ocupar estos &quot;espacios&quot;, impedir\u00e1n que microorganismos pat\u00f3genos como Salmonella spp. , Escherichia coli o Clostridium perfringens pueden adherirse y proliferar.  Producci\u00f3n de Sustancias Antimicrobianas: Los probi\u00f3ticos producen metabolitos protectores, como \u00e1cido l\u00e1ctico, \u00e1cido ac\u00e9tico y bacteriocinas . Estos compuestos acidifican el medio intestinal , creando un ambiente hostil para el desarrollo de bacterias da\u00f1inas.  Mejora de la Absorci\u00f3n de Nutrientes: Contribuyen a la digesti\u00f3n al incrementar la actividad de enzimas digestivas (como la amilasa y la sacarasa) y al sintetizar nutrientes esenciales como vitaminas del complejo B y amino\u00e1cidos, lo que resulta en una mejor conversi\u00f3n alimenticia .  Inmunomodulaci\u00f3n: Estimulan el sistema inmunol\u00f3gico del ave, aumentando la producci\u00f3n de inmunoglobulinas y la activaci\u00f3n de c\u00e9lulas de defensa (linfocitos T), fortaleciendo la resistencia a las enfermedades.  Desarrollo de las Vellosidades Intestinales: Promueven el crecimiento y el desarrollo de las vellosidades intestinales (aumentando su longitud y grosor), lo que incrementa la superficie de absorci\u00f3n y potencia la eficiencia digestiva.\" \/>\n<meta property=\"og:url\" content=\"https:\/\/nutripelletsec.com\/inicio\/index.php\/producto\/probioticos-para-uso-aves-de-engorde\/\" \/>\n<meta property=\"og:site_name\" content=\"nutripellets\" \/>\n<meta property=\"article:modified_time\" content=\"2025-10-05T12:21:09+00:00\" \/>\n<meta property=\"og:image\" content=\"https:\/\/nutripelletsec.com\/inicio\/wp-content\/uploads\/2025\/10\/Gemini_Generated_Image_arpmxxarpmxxarpm__1_-removebg-preview.png\" \/>\n\t<meta property=\"og:image:width\" content=\"500\" \/>\n\t<meta property=\"og:image:height\" content=\"500\" \/>\n\t<meta property=\"og:image:type\" content=\"image\/png\" \/>\n<meta name=\"twitter:card\" content=\"summary_large_image\" \/>\n<meta name=\"twitter:label1\" content=\"Tiempo de lectura\" \/>\n\t<meta name=\"twitter:data1\" content=\"1 minuto\" \/>\n<script type=\"application\/ld+json\" class=\"yoast-schema-graph\">{\"@context\":\"https:\\\/\\\/schema.org\",\"@graph\":[{\"@type\":\"WebPage\",\"@id\":\"https:\\\/\\\/nutripelletsec.com\\\/inicio\\\/index.php\\\/producto\\\/probioticos-para-uso-aves-de-engorde\\\/\",\"url\":\"https:\\\/\\\/nutripelletsec.com\\\/inicio\\\/index.php\\\/producto\\\/probioticos-para-uso-aves-de-engorde\\\/\",\"name\":\"PROBI\u00d3TICOS PARA USO AVES DE ENGORDE - nutripellets\",\"isPartOf\":{\"@id\":\"https:\\\/\\\/nutripelletsec.com\\\/inicio\\\/#website\"},\"primaryImageOfPage\":{\"@id\":\"https:\\\/\\\/nutripelletsec.com\\\/inicio\\\/index.php\\\/producto\\\/probioticos-para-uso-aves-de-engorde\\\/#primaryimage\"},\"image\":{\"@id\":\"https:\\\/\\\/nutripelletsec.com\\\/inicio\\\/index.php\\\/producto\\\/probioticos-para-uso-aves-de-engorde\\\/#primaryimage\"},\"thumbnailUrl\":\"https:\\\/\\\/nutripelletsec.com\\\/inicio\\\/wp-content\\\/uploads\\\/2025\\\/10\\\/Gemini_Generated_Image_arpmxxarpmxxarpm__1_-removebg-preview.png\",\"datePublished\":\"2025-10-05T12:18:22+00:00\",\"dateModified\":\"2025-10-05T12:21:09+00:00\",\"breadcrumb\":{\"@id\":\"https:\\\/\\\/nutripelletsec.com\\\/inicio\\\/index.php\\\/producto\\\/probioticos-para-uso-aves-de-engorde\\\/#breadcrumb\"},\"inLanguage\":\"es\",\"potentialAction\":[{\"@type\":\"ReadAction\",\"target\":[\"https:\\\/\\\/nutripelletsec.com\\\/inicio\\\/index.php\\\/producto\\\/probioticos-para-uso-aves-de-engorde\\\/\"]}]},{\"@type\":\"ImageObject\",\"inLanguage\":\"es\",\"@id\":\"https:\\\/\\\/nutripelletsec.com\\\/inicio\\\/index.php\\\/producto\\\/probioticos-para-uso-aves-de-engorde\\\/#primaryimage\",\"url\":\"https:\\\/\\\/nutripelletsec.com\\\/inicio\\\/wp-content\\\/uploads\\\/2025\\\/10\\\/Gemini_Generated_Image_arpmxxarpmxxarpm__1_-removebg-preview.png\",\"contentUrl\":\"https:\\\/\\\/nutripelletsec.com\\\/inicio\\\/wp-content\\\/uploads\\\/2025\\\/10\\\/Gemini_Generated_Image_arpmxxarpmxxarpm__1_-removebg-preview.png\",\"width\":500,\"height\":500},{\"@type\":\"BreadcrumbList\",\"@id\":\"https:\\\/\\\/nutripelletsec.com\\\/inicio\\\/index.php\\\/producto\\\/probioticos-para-uso-aves-de-engorde\\\/#breadcrumb\",\"itemListElement\":[{\"@type\":\"ListItem\",\"position\":1,\"name\":\"Portada\",\"item\":\"https:\\\/\\\/nutripelletsec.com\\\/inicio\\\/\"},{\"@type\":\"ListItem\",\"position\":2,\"name\":\"TIENDA\",\"item\":\"https:\\\/\\\/nutripelletsec.com\\\/inicio\\\/index.php\\\/tienda\\\/\"},{\"@type\":\"ListItem\",\"position\":3,\"name\":\"PROBI\u00d3TICOS PARA USO AVES DE ENGORDE\"}]},{\"@type\":\"WebSite\",\"@id\":\"https:\\\/\\\/nutripelletsec.com\\\/inicio\\\/#website\",\"url\":\"https:\\\/\\\/nutripelletsec.com\\\/inicio\\\/\",\"name\":\"nutripellets\",\"description\":\"ALIMENTACION DE CALIDAD\",\"potentialAction\":[{\"@type\":\"SearchAction\",\"target\":{\"@type\":\"EntryPoint\",\"urlTemplate\":\"https:\\\/\\\/nutripelletsec.com\\\/inicio\\\/?s={search_term_string}\"},\"query-input\":{\"@type\":\"PropertyValueSpecification\",\"valueRequired\":true,\"valueName\":\"search_term_string\"}}],\"inLanguage\":\"es\"}]}<\/script>\n<!-- \/ Yoast SEO plugin. -->","yoast_head_json":{"title":"PROBI\u00d3TICOS PARA USO AVES DE ENGORDE - nutripellets","robots":{"index":"index","follow":"follow","max-snippet":"max-snippet:-1","max-image-preview":"max-image-preview:large","max-video-preview":"max-video-preview:-1"},"canonical":"https:\/\/nutripelletsec.com\/inicio\/index.php\/producto\/probioticos-para-uso-aves-de-engorde\/","og_locale":"es_ES","og_type":"article","og_title":"PROBI\u00d3TICOS PARA USO AVES DE ENGORDE - nutripellets","og_description":"Mecanismo de Acci\u00f3n en el Tracto Intestinal &nbsp;  El impacto de los probi\u00f3ticos en los pollos de engorde se basa en varios mecanismos que aseguran la integridad intestinal y la exclusi\u00f3n de pat\u00f3genos:   Exclusi\u00f3n Competitiva: Las bacterias probi\u00f3ticas ( Lactobacillus spp., Bacillus spp., Enterococcus spp. ) colonizan r\u00e1pidamente los sitios de adhesi\u00f3n en el epitelio intestinal. Al ocupar estos \"espacios\", impedir\u00e1n que microorganismos pat\u00f3genos como Salmonella spp. , Escherichia coli o Clostridium perfringens pueden adherirse y proliferar.  Producci\u00f3n de Sustancias Antimicrobianas: Los probi\u00f3ticos producen metabolitos protectores, como \u00e1cido l\u00e1ctico, \u00e1cido ac\u00e9tico y bacteriocinas . Estos compuestos acidifican el medio intestinal , creando un ambiente hostil para el desarrollo de bacterias da\u00f1inas.  Mejora de la Absorci\u00f3n de Nutrientes: Contribuyen a la digesti\u00f3n al incrementar la actividad de enzimas digestivas (como la amilasa y la sacarasa) y al sintetizar nutrientes esenciales como vitaminas del complejo B y amino\u00e1cidos, lo que resulta en una mejor conversi\u00f3n alimenticia .  Inmunomodulaci\u00f3n: Estimulan el sistema inmunol\u00f3gico del ave, aumentando la producci\u00f3n de inmunoglobulinas y la activaci\u00f3n de c\u00e9lulas de defensa (linfocitos T), fortaleciendo la resistencia a las enfermedades.  Desarrollo de las Vellosidades Intestinales: Promueven el crecimiento y el desarrollo de las vellosidades intestinales (aumentando su longitud y grosor), lo que incrementa la superficie de absorci\u00f3n y potencia la eficiencia digestiva.","og_url":"https:\/\/nutripelletsec.com\/inicio\/index.php\/producto\/probioticos-para-uso-aves-de-engorde\/","og_site_name":"nutripellets","article_modified_time":"2025-10-05T12:21:09+00:00","og_image":[{"width":500,"height":500,"url":"https:\/\/nutripelletsec.com\/inicio\/wp-content\/uploads\/2025\/10\/Gemini_Generated_Image_arpmxxarpmxxarpm__1_-removebg-preview.png","type":"image\/png"}],"twitter_card":"summary_large_image","twitter_misc":{"Tiempo de lectura":"1 minuto"},"schema":{"@context":"https:\/\/schema.org","@graph":[{"@type":"WebPage","@id":"https:\/\/nutripelletsec.com\/inicio\/index.php\/producto\/probioticos-para-uso-aves-de-engorde\/","url":"https:\/\/nutripelletsec.com\/inicio\/index.php\/producto\/probioticos-para-uso-aves-de-engorde\/","name":"PROBI\u00d3TICOS PARA USO AVES DE ENGORDE - nutripellets","isPartOf":{"@id":"https:\/\/nutripelletsec.com\/inicio\/#website"},"primaryImageOfPage":{"@id":"https:\/\/nutripelletsec.com\/inicio\/index.php\/producto\/probioticos-para-uso-aves-de-engorde\/#primaryimage"},"image":{"@id":"https:\/\/nutripelletsec.com\/inicio\/index.php\/producto\/probioticos-para-uso-aves-de-engorde\/#primaryimage"},"thumbnailUrl":"https:\/\/nutripelletsec.com\/inicio\/wp-content\/uploads\/2025\/10\/Gemini_Generated_Image_arpmxxarpmxxarpm__1_-removebg-preview.png","datePublished":"2025-10-05T12:18:22+00:00","dateModified":"2025-10-05T12:21:09+00:00","breadcrumb":{"@id":"https:\/\/nutripelletsec.com\/inicio\/index.php\/producto\/probioticos-para-uso-aves-de-engorde\/#breadcrumb"},"inLanguage":"es","potentialAction":[{"@type":"ReadAction","target":["https:\/\/nutripelletsec.com\/inicio\/index.php\/producto\/probioticos-para-uso-aves-de-engorde\/"]}]},{"@type":"ImageObject","inLanguage":"es","@id":"https:\/\/nutripelletsec.com\/inicio\/index.php\/producto\/probioticos-para-uso-aves-de-engorde\/#primaryimage","url":"https:\/\/nutripelletsec.com\/inicio\/wp-content\/uploads\/2025\/10\/Gemini_Generated_Image_arpmxxarpmxxarpm__1_-removebg-preview.png","contentUrl":"https:\/\/nutripelletsec.com\/inicio\/wp-content\/uploads\/2025\/10\/Gemini_Generated_Image_arpmxxarpmxxarpm__1_-removebg-preview.png","width":500,"height":500},{"@type":"BreadcrumbList","@id":"https:\/\/nutripelletsec.com\/inicio\/index.php\/producto\/probioticos-para-uso-aves-de-engorde\/#breadcrumb","itemListElement":[{"@type":"ListItem","position":1,"name":"Portada","item":"https:\/\/nutripelletsec.com\/inicio\/"},{"@type":"ListItem","position":2,"name":"TIENDA","item":"https:\/\/nutripelletsec.com\/inicio\/index.php\/tienda\/"},{"@type":"ListItem","position":3,"name":"PROBI\u00d3TICOS PARA USO AVES DE ENGORDE"}]},{"@type":"WebSite","@id":"https:\/\/nutripelletsec.com\/inicio\/#website","url":"https:\/\/nutripelletsec.com\/inicio\/","name":"nutripellets","description":"ALIMENTACION DE CALIDAD","potentialAction":[{"@type":"SearchAction","target":{"@type":"EntryPoint","urlTemplate":"https:\/\/nutripelletsec.com\/inicio\/?s={search_term_string}"},"query-input":{"@type":"PropertyValueSpecification","valueRequired":true,"valueName":"search_term_string"}}],"inLanguage":"es"}]}},"_links":{"self":[{"href":"https:\/\/nutripelletsec.com\/inicio\/index.php\/wp-json\/wp\/v2\/product\/6170","targetHints":{"allow":["GET"]}}],"collection":[{"href":"https:\/\/nutripelletsec.com\/inicio\/index.php\/wp-json\/wp\/v2\/product"}],"about":[{"href":"https:\/\/nutripelletsec.com\/inicio\/index.php\/wp-json\/wp\/v2\/types\/product"}],"replies":[{"embeddable":true,"href":"https:\/\/nutripelletsec.com\/inicio\/index.php\/wp-json\/wp\/v2\/comments?post=6170"}],"wp:featuredmedia":[{"embeddable":true,"href":"https:\/\/nutripelletsec.com\/inicio\/index.php\/wp-json\/wp\/v2\/media\/6175"}],"wp:attachment":[{"href":"https:\/\/nutripelletsec.com\/inicio\/index.php\/wp-json\/wp\/v2\/media?parent=6170"}],"wp:term":[{"taxonomy":"product_brand","embeddable":true,"href":"https:\/\/nutripelletsec.com\/inicio\/index.php\/wp-json\/wp\/v2\/product_brand?post=6170"},{"taxonomy":"product_cat","embeddable":true,"href":"https:\/\/nutripelletsec.com\/inicio\/index.php\/wp-json\/wp\/v2\/product_cat?post=6170"},{"taxonomy":"product_tag","embeddable":true,"href":"https:\/\/nutripelletsec.com\/inicio\/index.php\/wp-json\/wp\/v2\/product_tag?post=6170"}],"curies":[{"name":"wp","href":"https:\/\/api.w.org\/{rel}","templated":true}]}}