{"id":6178,"date":"2025-10-07T03:00:02","date_gmt":"2025-10-07T03:00:02","guid":{"rendered":"https:\/\/nutripelletsec.com\/inicio\/?post_type=product&#038;p=6178"},"modified":"2025-10-07T03:01:36","modified_gmt":"2025-10-07T03:01:36","slug":"nutricriolla-inicial","status":"publish","type":"product","link":"https:\/\/nutripelletsec.com\/inicio\/index.php\/producto\/nutricriolla-inicial\/","title":{"rendered":"NUTRICRIOLLA INICIAL"},"content":{"rendered":"","protected":false},"excerpt":{"rendered":"<p>Dale a tus pollitos criollos el mejor comienzo. Nuestro <b>Alimento Inicial Criollo Probi\u00f3tico<\/b> es un balanceado premium dise\u00f1ado espec\u00edficamente para pollos de <b>0 a 30 d\u00edas<\/b> de edad.<\/p>\n<p>Formulado con una mezcla precisa de nutrientes esenciales para un crecimiento r\u00e1pido y saludable, este alimento est\u00e1 <b>fortificado con probi\u00f3ticos<\/b> de alta calidad. Los probi\u00f3ticos ayudan a establecer y mantener una <b>flora intestinal fuerte<\/b>, lo que mejora la <b>digesti\u00f3n<\/b> de los pollitos, aumenta la <b>absorci\u00f3n de nutrientes<\/b>, y promueve una mayor <b>resistencia a enfermedades<\/b>.<\/p>\n<p>Asegura el m\u00e1ximo potencial de tus aves con una alimentaci\u00f3n que cuida su salud desde el primer d\u00eda.<\/p>\n","protected":false},"featured_media":6182,"comment_status":"open","ping_status":"closed","template":"","meta":[],"product_brand":[],"product_cat":[73],"product_tag":[],"class_list":{"0":"post-6178","1":"product","2":"type-product","3":"status-publish","4":"has-post-thumbnail","6":"product_cat-nga","7":"nt-post-class","8":"","17":"first","18":"instock","19":"shipping-taxable","20":"purchasable","21":"product-type-variable"},"yoast_head":"<!-- This site is optimized with the Yoast SEO plugin v27.5 - https:\/\/yoast.com\/product\/yoast-seo-wordpress\/ -->\n<title>NUTRICRIOLLA INICIAL - nutripellets<\/title>\n<meta name=\"robots\" content=\"index, follow, max-snippet:-1, max-image-preview:large, max-video-preview:-1\" \/>\n<link rel=\"canonical\" href=\"https:\/\/nutripelletsec.com\/inicio\/index.php\/producto\/nutricriolla-inicial\/\" \/>\n<meta property=\"og:locale\" content=\"es_ES\" \/>\n<meta property=\"og:type\" content=\"article\" \/>\n<meta property=\"og:title\" content=\"NUTRICRIOLLA INICIAL - nutripellets\" \/>\n<meta property=\"og:description\" content=\"Dale a tus pollitos criollos el mejor comienzo. Nuestro Alimento Inicial Criollo Probi\u00f3tico es un balanceado premium dise\u00f1ado espec\u00edficamente para pollos de 0 a 30 d\u00edas de edad.  Formulado con una mezcla precisa de nutrientes esenciales para un crecimiento r\u00e1pido y saludable, este alimento est\u00e1 fortificado con probi\u00f3ticos de alta calidad. Los probi\u00f3ticos ayudan a establecer y mantener una flora intestinal fuerte, lo que mejora la digesti\u00f3n de los pollitos, aumenta la absorci\u00f3n de nutrientes, y promueve una mayor resistencia a enfermedades.  Asegura el m\u00e1ximo potencial de tus aves con una alimentaci\u00f3n que cuida su salud desde el primer d\u00eda.\" \/>\n<meta property=\"og:url\" content=\"https:\/\/nutripelletsec.com\/inicio\/index.php\/producto\/nutricriolla-inicial\/\" \/>\n<meta property=\"og:site_name\" content=\"nutripellets\" \/>\n<meta property=\"article:modified_time\" content=\"2025-10-07T03:01:36+00:00\" \/>\n<meta property=\"og:image\" content=\"https:\/\/nutripelletsec.com\/inicio\/wp-content\/uploads\/2025\/10\/Gemini_Generated_Image_18rvj318rvj318rv-removebg-preview-1.png\" \/>\n\t<meta property=\"og:image:width\" content=\"500\" \/>\n\t<meta property=\"og:image:height\" content=\"500\" \/>\n\t<meta property=\"og:image:type\" content=\"image\/png\" \/>\n<meta name=\"twitter:card\" content=\"summary_large_image\" \/>\n<meta name=\"twitter:label1\" content=\"Tiempo de lectura\" \/>\n\t<meta name=\"twitter:data1\" content=\"1 minuto\" \/>\n<script type=\"application\/ld+json\" class=\"yoast-schema-graph\">{\"@context\":\"https:\\\/\\\/schema.org\",\"@graph\":[{\"@type\":\"WebPage\",\"@id\":\"https:\\\/\\\/nutripelletsec.com\\\/inicio\\\/index.php\\\/producto\\\/nutricriolla-inicial\\\/\",\"url\":\"https:\\\/\\\/nutripelletsec.com\\\/inicio\\\/index.php\\\/producto\\\/nutricriolla-inicial\\\/\",\"name\":\"NUTRICRIOLLA INICIAL - nutripellets\",\"isPartOf\":{\"@id\":\"https:\\\/\\\/nutripelletsec.com\\\/inicio\\\/#website\"},\"primaryImageOfPage\":{\"@id\":\"https:\\\/\\\/nutripelletsec.com\\\/inicio\\\/index.php\\\/producto\\\/nutricriolla-inicial\\\/#primaryimage\"},\"image\":{\"@id\":\"https:\\\/\\\/nutripelletsec.com\\\/inicio\\\/index.php\\\/producto\\\/nutricriolla-inicial\\\/#primaryimage\"},\"thumbnailUrl\":\"https:\\\/\\\/nutripelletsec.com\\\/inicio\\\/wp-content\\\/uploads\\\/2025\\\/10\\\/Gemini_Generated_Image_18rvj318rvj318rv-removebg-preview-1.png\",\"datePublished\":\"2025-10-07T03:00:02+00:00\",\"dateModified\":\"2025-10-07T03:01:36+00:00\",\"breadcrumb\":{\"@id\":\"https:\\\/\\\/nutripelletsec.com\\\/inicio\\\/index.php\\\/producto\\\/nutricriolla-inicial\\\/#breadcrumb\"},\"inLanguage\":\"es\",\"potentialAction\":[{\"@type\":\"ReadAction\",\"target\":[\"https:\\\/\\\/nutripelletsec.com\\\/inicio\\\/index.php\\\/producto\\\/nutricriolla-inicial\\\/\"]}]},{\"@type\":\"ImageObject\",\"inLanguage\":\"es\",\"@id\":\"https:\\\/\\\/nutripelletsec.com\\\/inicio\\\/index.php\\\/producto\\\/nutricriolla-inicial\\\/#primaryimage\",\"url\":\"https:\\\/\\\/nutripelletsec.com\\\/inicio\\\/wp-content\\\/uploads\\\/2025\\\/10\\\/Gemini_Generated_Image_18rvj318rvj318rv-removebg-preview-1.png\",\"contentUrl\":\"https:\\\/\\\/nutripelletsec.com\\\/inicio\\\/wp-content\\\/uploads\\\/2025\\\/10\\\/Gemini_Generated_Image_18rvj318rvj318rv-removebg-preview-1.png\",\"width\":500,\"height\":500},{\"@type\":\"BreadcrumbList\",\"@id\":\"https:\\\/\\\/nutripelletsec.com\\\/inicio\\\/index.php\\\/producto\\\/nutricriolla-inicial\\\/#breadcrumb\",\"itemListElement\":[{\"@type\":\"ListItem\",\"position\":1,\"name\":\"Portada\",\"item\":\"https:\\\/\\\/nutripelletsec.com\\\/inicio\\\/\"},{\"@type\":\"ListItem\",\"position\":2,\"name\":\"TIENDA\",\"item\":\"https:\\\/\\\/nutripelletsec.com\\\/inicio\\\/index.php\\\/tienda\\\/\"},{\"@type\":\"ListItem\",\"position\":3,\"name\":\"NUTRICRIOLLA INICIAL\"}]},{\"@type\":\"WebSite\",\"@id\":\"https:\\\/\\\/nutripelletsec.com\\\/inicio\\\/#website\",\"url\":\"https:\\\/\\\/nutripelletsec.com\\\/inicio\\\/\",\"name\":\"nutripellets\",\"description\":\"ALIMENTACION DE CALIDAD\",\"potentialAction\":[{\"@type\":\"SearchAction\",\"target\":{\"@type\":\"EntryPoint\",\"urlTemplate\":\"https:\\\/\\\/nutripelletsec.com\\\/inicio\\\/?s={search_term_string}\"},\"query-input\":{\"@type\":\"PropertyValueSpecification\",\"valueRequired\":true,\"valueName\":\"search_term_string\"}}],\"inLanguage\":\"es\"}]}<\/script>\n<!-- \/ Yoast SEO plugin. -->","yoast_head_json":{"title":"NUTRICRIOLLA INICIAL - nutripellets","robots":{"index":"index","follow":"follow","max-snippet":"max-snippet:-1","max-image-preview":"max-image-preview:large","max-video-preview":"max-video-preview:-1"},"canonical":"https:\/\/nutripelletsec.com\/inicio\/index.php\/producto\/nutricriolla-inicial\/","og_locale":"es_ES","og_type":"article","og_title":"NUTRICRIOLLA INICIAL - nutripellets","og_description":"Dale a tus pollitos criollos el mejor comienzo. Nuestro Alimento Inicial Criollo Probi\u00f3tico es un balanceado premium dise\u00f1ado espec\u00edficamente para pollos de 0 a 30 d\u00edas de edad.  Formulado con una mezcla precisa de nutrientes esenciales para un crecimiento r\u00e1pido y saludable, este alimento est\u00e1 fortificado con probi\u00f3ticos de alta calidad. Los probi\u00f3ticos ayudan a establecer y mantener una flora intestinal fuerte, lo que mejora la digesti\u00f3n de los pollitos, aumenta la absorci\u00f3n de nutrientes, y promueve una mayor resistencia a enfermedades.  Asegura el m\u00e1ximo potencial de tus aves con una alimentaci\u00f3n que cuida su salud desde el primer d\u00eda.","og_url":"https:\/\/nutripelletsec.com\/inicio\/index.php\/producto\/nutricriolla-inicial\/","og_site_name":"nutripellets","article_modified_time":"2025-10-07T03:01:36+00:00","og_image":[{"width":500,"height":500,"url":"https:\/\/nutripelletsec.com\/inicio\/wp-content\/uploads\/2025\/10\/Gemini_Generated_Image_18rvj318rvj318rv-removebg-preview-1.png","type":"image\/png"}],"twitter_card":"summary_large_image","twitter_misc":{"Tiempo de lectura":"1 minuto"},"schema":{"@context":"https:\/\/schema.org","@graph":[{"@type":"WebPage","@id":"https:\/\/nutripelletsec.com\/inicio\/index.php\/producto\/nutricriolla-inicial\/","url":"https:\/\/nutripelletsec.com\/inicio\/index.php\/producto\/nutricriolla-inicial\/","name":"NUTRICRIOLLA INICIAL - nutripellets","isPartOf":{"@id":"https:\/\/nutripelletsec.com\/inicio\/#website"},"primaryImageOfPage":{"@id":"https:\/\/nutripelletsec.com\/inicio\/index.php\/producto\/nutricriolla-inicial\/#primaryimage"},"image":{"@id":"https:\/\/nutripelletsec.com\/inicio\/index.php\/producto\/nutricriolla-inicial\/#primaryimage"},"thumbnailUrl":"https:\/\/nutripelletsec.com\/inicio\/wp-content\/uploads\/2025\/10\/Gemini_Generated_Image_18rvj318rvj318rv-removebg-preview-1.png","datePublished":"2025-10-07T03:00:02+00:00","dateModified":"2025-10-07T03:01:36+00:00","breadcrumb":{"@id":"https:\/\/nutripelletsec.com\/inicio\/index.php\/producto\/nutricriolla-inicial\/#breadcrumb"},"inLanguage":"es","potentialAction":[{"@type":"ReadAction","target":["https:\/\/nutripelletsec.com\/inicio\/index.php\/producto\/nutricriolla-inicial\/"]}]},{"@type":"ImageObject","inLanguage":"es","@id":"https:\/\/nutripelletsec.com\/inicio\/index.php\/producto\/nutricriolla-inicial\/#primaryimage","url":"https:\/\/nutripelletsec.com\/inicio\/wp-content\/uploads\/2025\/10\/Gemini_Generated_Image_18rvj318rvj318rv-removebg-preview-1.png","contentUrl":"https:\/\/nutripelletsec.com\/inicio\/wp-content\/uploads\/2025\/10\/Gemini_Generated_Image_18rvj318rvj318rv-removebg-preview-1.png","width":500,"height":500},{"@type":"BreadcrumbList","@id":"https:\/\/nutripelletsec.com\/inicio\/index.php\/producto\/nutricriolla-inicial\/#breadcrumb","itemListElement":[{"@type":"ListItem","position":1,"name":"Portada","item":"https:\/\/nutripelletsec.com\/inicio\/"},{"@type":"ListItem","position":2,"name":"TIENDA","item":"https:\/\/nutripelletsec.com\/inicio\/index.php\/tienda\/"},{"@type":"ListItem","position":3,"name":"NUTRICRIOLLA INICIAL"}]},{"@type":"WebSite","@id":"https:\/\/nutripelletsec.com\/inicio\/#website","url":"https:\/\/nutripelletsec.com\/inicio\/","name":"nutripellets","description":"ALIMENTACION DE CALIDAD","potentialAction":[{"@type":"SearchAction","target":{"@type":"EntryPoint","urlTemplate":"https:\/\/nutripelletsec.com\/inicio\/?s={search_term_string}"},"query-input":{"@type":"PropertyValueSpecification","valueRequired":true,"valueName":"search_term_string"}}],"inLanguage":"es"}]}},"_links":{"self":[{"href":"https:\/\/nutripelletsec.com\/inicio\/index.php\/wp-json\/wp\/v2\/product\/6178","targetHints":{"allow":["GET"]}}],"collection":[{"href":"https:\/\/nutripelletsec.com\/inicio\/index.php\/wp-json\/wp\/v2\/product"}],"about":[{"href":"https:\/\/nutripelletsec.com\/inicio\/index.php\/wp-json\/wp\/v2\/types\/product"}],"replies":[{"embeddable":true,"href":"https:\/\/nutripelletsec.com\/inicio\/index.php\/wp-json\/wp\/v2\/comments?post=6178"}],"wp:featuredmedia":[{"embeddable":true,"href":"https:\/\/nutripelletsec.com\/inicio\/index.php\/wp-json\/wp\/v2\/media\/6182"}],"wp:attachment":[{"href":"https:\/\/nutripelletsec.com\/inicio\/index.php\/wp-json\/wp\/v2\/media?parent=6178"}],"wp:term":[{"taxonomy":"product_brand","embeddable":true,"href":"https:\/\/nutripelletsec.com\/inicio\/index.php\/wp-json\/wp\/v2\/product_brand?post=6178"},{"taxonomy":"product_cat","embeddable":true,"href":"https:\/\/nutripelletsec.com\/inicio\/index.php\/wp-json\/wp\/v2\/product_cat?post=6178"},{"taxonomy":"product_tag","embeddable":true,"href":"https:\/\/nutripelletsec.com\/inicio\/index.php\/wp-json\/wp\/v2\/product_tag?post=6178"}],"curies":[{"name":"wp","href":"https:\/\/api.w.org\/{rel}","templated":true}]}}