{"id":6195,"date":"2025-10-07T04:26:02","date_gmt":"2025-10-07T04:26:02","guid":{"rendered":"https:\/\/nutripelletsec.com\/inicio\/?post_type=product&#038;p=6195"},"modified":"2025-10-07T04:29:56","modified_gmt":"2025-10-07T04:29:56","slug":"nutricriolla-postura","status":"publish","type":"product","link":"https:\/\/nutripelletsec.com\/inicio\/index.php\/producto\/nutricriolla-postura\/","title":{"rendered":"NUTRICRIOLLA POSTURA"},"content":{"rendered":"","protected":false},"excerpt":{"rendered":"<p>Garantiza la m\u00e1xima producci\u00f3n de huevos en tus gallinas criollas con nuestro <b>Alimento Postura Criolla Probi\u00f3tico<\/b>.<\/p>\n<p>Esta f\u00f3rmula est\u00e1 balanceada con niveles \u00f3ptimos de <b>calcio, f\u00f3sforo y vitaminas<\/b> esenciales para la formaci\u00f3n de <b>cascarones duros<\/b> y una <b>yema de color intenso y nutritiva<\/b>.<\/p>\n<p>Adem\u00e1s, est\u00e1 <b>fortificado con probi\u00f3ticos<\/b> de alta eficacia, lo que <b>mejora la absorci\u00f3n de nutrientes<\/b> clave, mantiene la salud intestinal, y asegura que la energ\u00eda se dirija eficientemente a la <b>producci\u00f3n constante y de calidad<\/b>.<\/p>\n<p>Huevos m\u00e1s grandes, m\u00e1s fuertes y gallinas m\u00e1s sanas, naturalmente.<\/p>\n","protected":false},"featured_media":6196,"comment_status":"open","ping_status":"closed","template":"","meta":[],"product_brand":[],"product_cat":[73],"product_tag":[],"class_list":{"0":"post-6195","1":"product","2":"type-product","3":"status-publish","4":"has-post-thumbnail","6":"product_cat-nga","7":"nt-post-class","8":"","17":"first","18":"instock","19":"shipping-taxable","20":"purchasable","21":"product-type-variable"},"yoast_head":"<!-- This site is optimized with the Yoast SEO plugin v27.5 - https:\/\/yoast.com\/product\/yoast-seo-wordpress\/ -->\n<title>NUTRICRIOLLA POSTURA - nutripellets<\/title>\n<meta name=\"robots\" content=\"index, follow, max-snippet:-1, max-image-preview:large, max-video-preview:-1\" \/>\n<link rel=\"canonical\" href=\"https:\/\/nutripelletsec.com\/inicio\/index.php\/producto\/nutricriolla-postura\/\" \/>\n<meta property=\"og:locale\" content=\"es_ES\" \/>\n<meta property=\"og:type\" content=\"article\" \/>\n<meta property=\"og:title\" content=\"NUTRICRIOLLA POSTURA - nutripellets\" \/>\n<meta property=\"og:description\" content=\"Garantiza la m\u00e1xima producci\u00f3n de huevos en tus gallinas criollas con nuestro Alimento Postura Criolla Probi\u00f3tico.  Esta f\u00f3rmula est\u00e1 balanceada con niveles \u00f3ptimos de calcio, f\u00f3sforo y vitaminas esenciales para la formaci\u00f3n de cascarones duros y una yema de color intenso y nutritiva.  Adem\u00e1s, est\u00e1 fortificado con probi\u00f3ticos de alta eficacia, lo que mejora la absorci\u00f3n de nutrientes clave, mantiene la salud intestinal, y asegura que la energ\u00eda se dirija eficientemente a la producci\u00f3n constante y de calidad.  Huevos m\u00e1s grandes, m\u00e1s fuertes y gallinas m\u00e1s sanas, naturalmente.\" \/>\n<meta property=\"og:url\" content=\"https:\/\/nutripelletsec.com\/inicio\/index.php\/producto\/nutricriolla-postura\/\" \/>\n<meta property=\"og:site_name\" content=\"nutripellets\" \/>\n<meta property=\"article:modified_time\" content=\"2025-10-07T04:29:56+00:00\" \/>\n<meta property=\"og:image\" content=\"https:\/\/nutripelletsec.com\/inicio\/wp-content\/uploads\/2025\/10\/Gemini_Generated_Image_b65kfb65kfb65kfb-removebg-preview.png\" \/>\n\t<meta property=\"og:image:width\" content=\"500\" \/>\n\t<meta property=\"og:image:height\" content=\"500\" \/>\n\t<meta property=\"og:image:type\" content=\"image\/png\" \/>\n<meta name=\"twitter:card\" content=\"summary_large_image\" \/>\n<meta name=\"twitter:label1\" content=\"Tiempo de lectura\" \/>\n\t<meta name=\"twitter:data1\" content=\"1 minuto\" \/>\n<script type=\"application\/ld+json\" class=\"yoast-schema-graph\">{\"@context\":\"https:\\\/\\\/schema.org\",\"@graph\":[{\"@type\":\"WebPage\",\"@id\":\"https:\\\/\\\/nutripelletsec.com\\\/inicio\\\/index.php\\\/producto\\\/nutricriolla-postura\\\/\",\"url\":\"https:\\\/\\\/nutripelletsec.com\\\/inicio\\\/index.php\\\/producto\\\/nutricriolla-postura\\\/\",\"name\":\"NUTRICRIOLLA POSTURA - nutripellets\",\"isPartOf\":{\"@id\":\"https:\\\/\\\/nutripelletsec.com\\\/inicio\\\/#website\"},\"primaryImageOfPage\":{\"@id\":\"https:\\\/\\\/nutripelletsec.com\\\/inicio\\\/index.php\\\/producto\\\/nutricriolla-postura\\\/#primaryimage\"},\"image\":{\"@id\":\"https:\\\/\\\/nutripelletsec.com\\\/inicio\\\/index.php\\\/producto\\\/nutricriolla-postura\\\/#primaryimage\"},\"thumbnailUrl\":\"https:\\\/\\\/nutripelletsec.com\\\/inicio\\\/wp-content\\\/uploads\\\/2025\\\/10\\\/Gemini_Generated_Image_b65kfb65kfb65kfb-removebg-preview.png\",\"datePublished\":\"2025-10-07T04:26:02+00:00\",\"dateModified\":\"2025-10-07T04:29:56+00:00\",\"breadcrumb\":{\"@id\":\"https:\\\/\\\/nutripelletsec.com\\\/inicio\\\/index.php\\\/producto\\\/nutricriolla-postura\\\/#breadcrumb\"},\"inLanguage\":\"es\",\"potentialAction\":[{\"@type\":\"ReadAction\",\"target\":[\"https:\\\/\\\/nutripelletsec.com\\\/inicio\\\/index.php\\\/producto\\\/nutricriolla-postura\\\/\"]}]},{\"@type\":\"ImageObject\",\"inLanguage\":\"es\",\"@id\":\"https:\\\/\\\/nutripelletsec.com\\\/inicio\\\/index.php\\\/producto\\\/nutricriolla-postura\\\/#primaryimage\",\"url\":\"https:\\\/\\\/nutripelletsec.com\\\/inicio\\\/wp-content\\\/uploads\\\/2025\\\/10\\\/Gemini_Generated_Image_b65kfb65kfb65kfb-removebg-preview.png\",\"contentUrl\":\"https:\\\/\\\/nutripelletsec.com\\\/inicio\\\/wp-content\\\/uploads\\\/2025\\\/10\\\/Gemini_Generated_Image_b65kfb65kfb65kfb-removebg-preview.png\",\"width\":500,\"height\":500},{\"@type\":\"BreadcrumbList\",\"@id\":\"https:\\\/\\\/nutripelletsec.com\\\/inicio\\\/index.php\\\/producto\\\/nutricriolla-postura\\\/#breadcrumb\",\"itemListElement\":[{\"@type\":\"ListItem\",\"position\":1,\"name\":\"Portada\",\"item\":\"https:\\\/\\\/nutripelletsec.com\\\/inicio\\\/\"},{\"@type\":\"ListItem\",\"position\":2,\"name\":\"TIENDA\",\"item\":\"https:\\\/\\\/nutripelletsec.com\\\/inicio\\\/index.php\\\/tienda\\\/\"},{\"@type\":\"ListItem\",\"position\":3,\"name\":\"NUTRICRIOLLA POSTURA\"}]},{\"@type\":\"WebSite\",\"@id\":\"https:\\\/\\\/nutripelletsec.com\\\/inicio\\\/#website\",\"url\":\"https:\\\/\\\/nutripelletsec.com\\\/inicio\\\/\",\"name\":\"nutripellets\",\"description\":\"ALIMENTACION DE CALIDAD\",\"potentialAction\":[{\"@type\":\"SearchAction\",\"target\":{\"@type\":\"EntryPoint\",\"urlTemplate\":\"https:\\\/\\\/nutripelletsec.com\\\/inicio\\\/?s={search_term_string}\"},\"query-input\":{\"@type\":\"PropertyValueSpecification\",\"valueRequired\":true,\"valueName\":\"search_term_string\"}}],\"inLanguage\":\"es\"}]}<\/script>\n<!-- \/ Yoast SEO plugin. -->","yoast_head_json":{"title":"NUTRICRIOLLA POSTURA - nutripellets","robots":{"index":"index","follow":"follow","max-snippet":"max-snippet:-1","max-image-preview":"max-image-preview:large","max-video-preview":"max-video-preview:-1"},"canonical":"https:\/\/nutripelletsec.com\/inicio\/index.php\/producto\/nutricriolla-postura\/","og_locale":"es_ES","og_type":"article","og_title":"NUTRICRIOLLA POSTURA - nutripellets","og_description":"Garantiza la m\u00e1xima producci\u00f3n de huevos en tus gallinas criollas con nuestro Alimento Postura Criolla Probi\u00f3tico.  Esta f\u00f3rmula est\u00e1 balanceada con niveles \u00f3ptimos de calcio, f\u00f3sforo y vitaminas esenciales para la formaci\u00f3n de cascarones duros y una yema de color intenso y nutritiva.  Adem\u00e1s, est\u00e1 fortificado con probi\u00f3ticos de alta eficacia, lo que mejora la absorci\u00f3n de nutrientes clave, mantiene la salud intestinal, y asegura que la energ\u00eda se dirija eficientemente a la producci\u00f3n constante y de calidad.  Huevos m\u00e1s grandes, m\u00e1s fuertes y gallinas m\u00e1s sanas, naturalmente.","og_url":"https:\/\/nutripelletsec.com\/inicio\/index.php\/producto\/nutricriolla-postura\/","og_site_name":"nutripellets","article_modified_time":"2025-10-07T04:29:56+00:00","og_image":[{"width":500,"height":500,"url":"https:\/\/nutripelletsec.com\/inicio\/wp-content\/uploads\/2025\/10\/Gemini_Generated_Image_b65kfb65kfb65kfb-removebg-preview.png","type":"image\/png"}],"twitter_card":"summary_large_image","twitter_misc":{"Tiempo de lectura":"1 minuto"},"schema":{"@context":"https:\/\/schema.org","@graph":[{"@type":"WebPage","@id":"https:\/\/nutripelletsec.com\/inicio\/index.php\/producto\/nutricriolla-postura\/","url":"https:\/\/nutripelletsec.com\/inicio\/index.php\/producto\/nutricriolla-postura\/","name":"NUTRICRIOLLA POSTURA - nutripellets","isPartOf":{"@id":"https:\/\/nutripelletsec.com\/inicio\/#website"},"primaryImageOfPage":{"@id":"https:\/\/nutripelletsec.com\/inicio\/index.php\/producto\/nutricriolla-postura\/#primaryimage"},"image":{"@id":"https:\/\/nutripelletsec.com\/inicio\/index.php\/producto\/nutricriolla-postura\/#primaryimage"},"thumbnailUrl":"https:\/\/nutripelletsec.com\/inicio\/wp-content\/uploads\/2025\/10\/Gemini_Generated_Image_b65kfb65kfb65kfb-removebg-preview.png","datePublished":"2025-10-07T04:26:02+00:00","dateModified":"2025-10-07T04:29:56+00:00","breadcrumb":{"@id":"https:\/\/nutripelletsec.com\/inicio\/index.php\/producto\/nutricriolla-postura\/#breadcrumb"},"inLanguage":"es","potentialAction":[{"@type":"ReadAction","target":["https:\/\/nutripelletsec.com\/inicio\/index.php\/producto\/nutricriolla-postura\/"]}]},{"@type":"ImageObject","inLanguage":"es","@id":"https:\/\/nutripelletsec.com\/inicio\/index.php\/producto\/nutricriolla-postura\/#primaryimage","url":"https:\/\/nutripelletsec.com\/inicio\/wp-content\/uploads\/2025\/10\/Gemini_Generated_Image_b65kfb65kfb65kfb-removebg-preview.png","contentUrl":"https:\/\/nutripelletsec.com\/inicio\/wp-content\/uploads\/2025\/10\/Gemini_Generated_Image_b65kfb65kfb65kfb-removebg-preview.png","width":500,"height":500},{"@type":"BreadcrumbList","@id":"https:\/\/nutripelletsec.com\/inicio\/index.php\/producto\/nutricriolla-postura\/#breadcrumb","itemListElement":[{"@type":"ListItem","position":1,"name":"Portada","item":"https:\/\/nutripelletsec.com\/inicio\/"},{"@type":"ListItem","position":2,"name":"TIENDA","item":"https:\/\/nutripelletsec.com\/inicio\/index.php\/tienda\/"},{"@type":"ListItem","position":3,"name":"NUTRICRIOLLA POSTURA"}]},{"@type":"WebSite","@id":"https:\/\/nutripelletsec.com\/inicio\/#website","url":"https:\/\/nutripelletsec.com\/inicio\/","name":"nutripellets","description":"ALIMENTACION DE CALIDAD","potentialAction":[{"@type":"SearchAction","target":{"@type":"EntryPoint","urlTemplate":"https:\/\/nutripelletsec.com\/inicio\/?s={search_term_string}"},"query-input":{"@type":"PropertyValueSpecification","valueRequired":true,"valueName":"search_term_string"}}],"inLanguage":"es"}]}},"_links":{"self":[{"href":"https:\/\/nutripelletsec.com\/inicio\/index.php\/wp-json\/wp\/v2\/product\/6195","targetHints":{"allow":["GET"]}}],"collection":[{"href":"https:\/\/nutripelletsec.com\/inicio\/index.php\/wp-json\/wp\/v2\/product"}],"about":[{"href":"https:\/\/nutripelletsec.com\/inicio\/index.php\/wp-json\/wp\/v2\/types\/product"}],"replies":[{"embeddable":true,"href":"https:\/\/nutripelletsec.com\/inicio\/index.php\/wp-json\/wp\/v2\/comments?post=6195"}],"wp:featuredmedia":[{"embeddable":true,"href":"https:\/\/nutripelletsec.com\/inicio\/index.php\/wp-json\/wp\/v2\/media\/6196"}],"wp:attachment":[{"href":"https:\/\/nutripelletsec.com\/inicio\/index.php\/wp-json\/wp\/v2\/media?parent=6195"}],"wp:term":[{"taxonomy":"product_brand","embeddable":true,"href":"https:\/\/nutripelletsec.com\/inicio\/index.php\/wp-json\/wp\/v2\/product_brand?post=6195"},{"taxonomy":"product_cat","embeddable":true,"href":"https:\/\/nutripelletsec.com\/inicio\/index.php\/wp-json\/wp\/v2\/product_cat?post=6195"},{"taxonomy":"product_tag","embeddable":true,"href":"https:\/\/nutripelletsec.com\/inicio\/index.php\/wp-json\/wp\/v2\/product_tag?post=6195"}],"curies":[{"name":"wp","href":"https:\/\/api.w.org\/{rel}","templated":true}]}}