{"id":6200,"date":"2025-10-07T05:02:31","date_gmt":"2025-10-07T05:02:31","guid":{"rendered":"https:\/\/nutripelletsec.com\/inicio\/?post_type=product&#038;p=6200"},"modified":"2025-10-07T05:04:37","modified_gmt":"2025-10-07T05:04:37","slug":"maiz-criollo-plus-vitaminizado-probiotico","status":"publish","type":"product","link":"https:\/\/nutripelletsec.com\/inicio\/index.php\/producto\/maiz-criollo-plus-vitaminizado-probiotico\/","title":{"rendered":"Ma\u00edz Criollo Plus (Vitaminizado + Probi\u00f3tico)"},"content":{"rendered":"","protected":false},"excerpt":{"rendered":"<p>Ofrece a tus gallinas criollas la mejor fuente de energ\u00eda natural. Nuestro <b>Ma\u00edz Criollo Plus<\/b> es ma\u00edz de alta calidad, especialmente <b>vitaminizado<\/b> para potenciar el vigor y la salud general de tus aves.<\/p>\n<p>Adem\u00e1s, est\u00e1 <b>fortificado con probi\u00f3ticos<\/b> que garantizan una <b>digesti\u00f3n superior<\/b> y un <b>refuerzo inmunol\u00f3gico<\/b> desde la fuente de energ\u00eda.<\/p>\n<p>Ideal como complemento energ\u00e9tico en cualquier etapa, promueve plumas brillantes, huevos de yema intensa y gallinas m\u00e1s activas y sanas. \u00a1El sabor que les encanta, con los beneficios que necesitan!<\/p>\n","protected":false},"featured_media":6204,"comment_status":"open","ping_status":"closed","template":"","meta":[],"product_brand":[],"product_cat":[73],"product_tag":[],"class_list":{"0":"post-6200","1":"product","2":"type-product","3":"status-publish","4":"has-post-thumbnail","6":"product_cat-nga","7":"nt-post-class","8":"","17":"first","18":"instock","19":"shipping-taxable","20":"purchasable","21":"product-type-variable"},"yoast_head":"<!-- This site is optimized with the Yoast SEO plugin v27.5 - https:\/\/yoast.com\/product\/yoast-seo-wordpress\/ -->\n<title>Ma\u00edz Criollo Plus (Vitaminizado + Probi\u00f3tico) - nutripellets<\/title>\n<meta name=\"robots\" content=\"index, follow, max-snippet:-1, max-image-preview:large, max-video-preview:-1\" \/>\n<link rel=\"canonical\" href=\"https:\/\/nutripelletsec.com\/inicio\/index.php\/producto\/maiz-criollo-plus-vitaminizado-probiotico\/\" \/>\n<meta property=\"og:locale\" content=\"es_ES\" \/>\n<meta property=\"og:type\" content=\"article\" \/>\n<meta property=\"og:title\" content=\"Ma\u00edz Criollo Plus (Vitaminizado + Probi\u00f3tico) - nutripellets\" \/>\n<meta property=\"og:description\" content=\"Ofrece a tus gallinas criollas la mejor fuente de energ\u00eda natural. Nuestro Ma\u00edz Criollo Plus es ma\u00edz de alta calidad, especialmente vitaminizado para potenciar el vigor y la salud general de tus aves.  Adem\u00e1s, est\u00e1 fortificado con probi\u00f3ticos que garantizan una digesti\u00f3n superior y un refuerzo inmunol\u00f3gico desde la fuente de energ\u00eda.  Ideal como complemento energ\u00e9tico en cualquier etapa, promueve plumas brillantes, huevos de yema intensa y gallinas m\u00e1s activas y sanas. \u00a1El sabor que les encanta, con los beneficios que necesitan!\" \/>\n<meta property=\"og:url\" content=\"https:\/\/nutripelletsec.com\/inicio\/index.php\/producto\/maiz-criollo-plus-vitaminizado-probiotico\/\" \/>\n<meta property=\"og:site_name\" content=\"nutripellets\" \/>\n<meta property=\"article:modified_time\" content=\"2025-10-07T05:04:37+00:00\" \/>\n<meta property=\"og:image\" content=\"https:\/\/nutripelletsec.com\/inicio\/wp-content\/uploads\/2025\/10\/Gemini_Generated_Image_srwxmusrwxmusrwx-removebg-preview.png\" \/>\n\t<meta property=\"og:image:width\" content=\"500\" \/>\n\t<meta property=\"og:image:height\" content=\"500\" \/>\n\t<meta property=\"og:image:type\" content=\"image\/png\" \/>\n<meta name=\"twitter:card\" content=\"summary_large_image\" \/>\n<meta name=\"twitter:label1\" content=\"Tiempo de lectura\" \/>\n\t<meta name=\"twitter:data1\" content=\"1 minuto\" \/>\n<script type=\"application\/ld+json\" class=\"yoast-schema-graph\">{\"@context\":\"https:\\\/\\\/schema.org\",\"@graph\":[{\"@type\":\"WebPage\",\"@id\":\"https:\\\/\\\/nutripelletsec.com\\\/inicio\\\/index.php\\\/producto\\\/maiz-criollo-plus-vitaminizado-probiotico\\\/\",\"url\":\"https:\\\/\\\/nutripelletsec.com\\\/inicio\\\/index.php\\\/producto\\\/maiz-criollo-plus-vitaminizado-probiotico\\\/\",\"name\":\"Ma\u00edz Criollo Plus (Vitaminizado + Probi\u00f3tico) - nutripellets\",\"isPartOf\":{\"@id\":\"https:\\\/\\\/nutripelletsec.com\\\/inicio\\\/#website\"},\"primaryImageOfPage\":{\"@id\":\"https:\\\/\\\/nutripelletsec.com\\\/inicio\\\/index.php\\\/producto\\\/maiz-criollo-plus-vitaminizado-probiotico\\\/#primaryimage\"},\"image\":{\"@id\":\"https:\\\/\\\/nutripelletsec.com\\\/inicio\\\/index.php\\\/producto\\\/maiz-criollo-plus-vitaminizado-probiotico\\\/#primaryimage\"},\"thumbnailUrl\":\"https:\\\/\\\/nutripelletsec.com\\\/inicio\\\/wp-content\\\/uploads\\\/2025\\\/10\\\/Gemini_Generated_Image_srwxmusrwxmusrwx-removebg-preview.png\",\"datePublished\":\"2025-10-07T05:02:31+00:00\",\"dateModified\":\"2025-10-07T05:04:37+00:00\",\"breadcrumb\":{\"@id\":\"https:\\\/\\\/nutripelletsec.com\\\/inicio\\\/index.php\\\/producto\\\/maiz-criollo-plus-vitaminizado-probiotico\\\/#breadcrumb\"},\"inLanguage\":\"es\",\"potentialAction\":[{\"@type\":\"ReadAction\",\"target\":[\"https:\\\/\\\/nutripelletsec.com\\\/inicio\\\/index.php\\\/producto\\\/maiz-criollo-plus-vitaminizado-probiotico\\\/\"]}]},{\"@type\":\"ImageObject\",\"inLanguage\":\"es\",\"@id\":\"https:\\\/\\\/nutripelletsec.com\\\/inicio\\\/index.php\\\/producto\\\/maiz-criollo-plus-vitaminizado-probiotico\\\/#primaryimage\",\"url\":\"https:\\\/\\\/nutripelletsec.com\\\/inicio\\\/wp-content\\\/uploads\\\/2025\\\/10\\\/Gemini_Generated_Image_srwxmusrwxmusrwx-removebg-preview.png\",\"contentUrl\":\"https:\\\/\\\/nutripelletsec.com\\\/inicio\\\/wp-content\\\/uploads\\\/2025\\\/10\\\/Gemini_Generated_Image_srwxmusrwxmusrwx-removebg-preview.png\",\"width\":500,\"height\":500},{\"@type\":\"BreadcrumbList\",\"@id\":\"https:\\\/\\\/nutripelletsec.com\\\/inicio\\\/index.php\\\/producto\\\/maiz-criollo-plus-vitaminizado-probiotico\\\/#breadcrumb\",\"itemListElement\":[{\"@type\":\"ListItem\",\"position\":1,\"name\":\"Portada\",\"item\":\"https:\\\/\\\/nutripelletsec.com\\\/inicio\\\/\"},{\"@type\":\"ListItem\",\"position\":2,\"name\":\"TIENDA\",\"item\":\"https:\\\/\\\/nutripelletsec.com\\\/inicio\\\/index.php\\\/tienda\\\/\"},{\"@type\":\"ListItem\",\"position\":3,\"name\":\"Ma\u00edz Criollo Plus (Vitaminizado + Probi\u00f3tico)\"}]},{\"@type\":\"WebSite\",\"@id\":\"https:\\\/\\\/nutripelletsec.com\\\/inicio\\\/#website\",\"url\":\"https:\\\/\\\/nutripelletsec.com\\\/inicio\\\/\",\"name\":\"nutripellets\",\"description\":\"ALIMENTACION DE CALIDAD\",\"potentialAction\":[{\"@type\":\"SearchAction\",\"target\":{\"@type\":\"EntryPoint\",\"urlTemplate\":\"https:\\\/\\\/nutripelletsec.com\\\/inicio\\\/?s={search_term_string}\"},\"query-input\":{\"@type\":\"PropertyValueSpecification\",\"valueRequired\":true,\"valueName\":\"search_term_string\"}}],\"inLanguage\":\"es\"}]}<\/script>\n<!-- \/ Yoast SEO plugin. -->","yoast_head_json":{"title":"Ma\u00edz Criollo Plus (Vitaminizado + Probi\u00f3tico) - nutripellets","robots":{"index":"index","follow":"follow","max-snippet":"max-snippet:-1","max-image-preview":"max-image-preview:large","max-video-preview":"max-video-preview:-1"},"canonical":"https:\/\/nutripelletsec.com\/inicio\/index.php\/producto\/maiz-criollo-plus-vitaminizado-probiotico\/","og_locale":"es_ES","og_type":"article","og_title":"Ma\u00edz Criollo Plus (Vitaminizado + Probi\u00f3tico) - nutripellets","og_description":"Ofrece a tus gallinas criollas la mejor fuente de energ\u00eda natural. Nuestro Ma\u00edz Criollo Plus es ma\u00edz de alta calidad, especialmente vitaminizado para potenciar el vigor y la salud general de tus aves.  Adem\u00e1s, est\u00e1 fortificado con probi\u00f3ticos que garantizan una digesti\u00f3n superior y un refuerzo inmunol\u00f3gico desde la fuente de energ\u00eda.  Ideal como complemento energ\u00e9tico en cualquier etapa, promueve plumas brillantes, huevos de yema intensa y gallinas m\u00e1s activas y sanas. \u00a1El sabor que les encanta, con los beneficios que necesitan!","og_url":"https:\/\/nutripelletsec.com\/inicio\/index.php\/producto\/maiz-criollo-plus-vitaminizado-probiotico\/","og_site_name":"nutripellets","article_modified_time":"2025-10-07T05:04:37+00:00","og_image":[{"width":500,"height":500,"url":"https:\/\/nutripelletsec.com\/inicio\/wp-content\/uploads\/2025\/10\/Gemini_Generated_Image_srwxmusrwxmusrwx-removebg-preview.png","type":"image\/png"}],"twitter_card":"summary_large_image","twitter_misc":{"Tiempo de lectura":"1 minuto"},"schema":{"@context":"https:\/\/schema.org","@graph":[{"@type":"WebPage","@id":"https:\/\/nutripelletsec.com\/inicio\/index.php\/producto\/maiz-criollo-plus-vitaminizado-probiotico\/","url":"https:\/\/nutripelletsec.com\/inicio\/index.php\/producto\/maiz-criollo-plus-vitaminizado-probiotico\/","name":"Ma\u00edz Criollo Plus (Vitaminizado + Probi\u00f3tico) - nutripellets","isPartOf":{"@id":"https:\/\/nutripelletsec.com\/inicio\/#website"},"primaryImageOfPage":{"@id":"https:\/\/nutripelletsec.com\/inicio\/index.php\/producto\/maiz-criollo-plus-vitaminizado-probiotico\/#primaryimage"},"image":{"@id":"https:\/\/nutripelletsec.com\/inicio\/index.php\/producto\/maiz-criollo-plus-vitaminizado-probiotico\/#primaryimage"},"thumbnailUrl":"https:\/\/nutripelletsec.com\/inicio\/wp-content\/uploads\/2025\/10\/Gemini_Generated_Image_srwxmusrwxmusrwx-removebg-preview.png","datePublished":"2025-10-07T05:02:31+00:00","dateModified":"2025-10-07T05:04:37+00:00","breadcrumb":{"@id":"https:\/\/nutripelletsec.com\/inicio\/index.php\/producto\/maiz-criollo-plus-vitaminizado-probiotico\/#breadcrumb"},"inLanguage":"es","potentialAction":[{"@type":"ReadAction","target":["https:\/\/nutripelletsec.com\/inicio\/index.php\/producto\/maiz-criollo-plus-vitaminizado-probiotico\/"]}]},{"@type":"ImageObject","inLanguage":"es","@id":"https:\/\/nutripelletsec.com\/inicio\/index.php\/producto\/maiz-criollo-plus-vitaminizado-probiotico\/#primaryimage","url":"https:\/\/nutripelletsec.com\/inicio\/wp-content\/uploads\/2025\/10\/Gemini_Generated_Image_srwxmusrwxmusrwx-removebg-preview.png","contentUrl":"https:\/\/nutripelletsec.com\/inicio\/wp-content\/uploads\/2025\/10\/Gemini_Generated_Image_srwxmusrwxmusrwx-removebg-preview.png","width":500,"height":500},{"@type":"BreadcrumbList","@id":"https:\/\/nutripelletsec.com\/inicio\/index.php\/producto\/maiz-criollo-plus-vitaminizado-probiotico\/#breadcrumb","itemListElement":[{"@type":"ListItem","position":1,"name":"Portada","item":"https:\/\/nutripelletsec.com\/inicio\/"},{"@type":"ListItem","position":2,"name":"TIENDA","item":"https:\/\/nutripelletsec.com\/inicio\/index.php\/tienda\/"},{"@type":"ListItem","position":3,"name":"Ma\u00edz Criollo Plus (Vitaminizado + Probi\u00f3tico)"}]},{"@type":"WebSite","@id":"https:\/\/nutripelletsec.com\/inicio\/#website","url":"https:\/\/nutripelletsec.com\/inicio\/","name":"nutripellets","description":"ALIMENTACION DE CALIDAD","potentialAction":[{"@type":"SearchAction","target":{"@type":"EntryPoint","urlTemplate":"https:\/\/nutripelletsec.com\/inicio\/?s={search_term_string}"},"query-input":{"@type":"PropertyValueSpecification","valueRequired":true,"valueName":"search_term_string"}}],"inLanguage":"es"}]}},"_links":{"self":[{"href":"https:\/\/nutripelletsec.com\/inicio\/index.php\/wp-json\/wp\/v2\/product\/6200","targetHints":{"allow":["GET"]}}],"collection":[{"href":"https:\/\/nutripelletsec.com\/inicio\/index.php\/wp-json\/wp\/v2\/product"}],"about":[{"href":"https:\/\/nutripelletsec.com\/inicio\/index.php\/wp-json\/wp\/v2\/types\/product"}],"replies":[{"embeddable":true,"href":"https:\/\/nutripelletsec.com\/inicio\/index.php\/wp-json\/wp\/v2\/comments?post=6200"}],"wp:featuredmedia":[{"embeddable":true,"href":"https:\/\/nutripelletsec.com\/inicio\/index.php\/wp-json\/wp\/v2\/media\/6204"}],"wp:attachment":[{"href":"https:\/\/nutripelletsec.com\/inicio\/index.php\/wp-json\/wp\/v2\/media?parent=6200"}],"wp:term":[{"taxonomy":"product_brand","embeddable":true,"href":"https:\/\/nutripelletsec.com\/inicio\/index.php\/wp-json\/wp\/v2\/product_brand?post=6200"},{"taxonomy":"product_cat","embeddable":true,"href":"https:\/\/nutripelletsec.com\/inicio\/index.php\/wp-json\/wp\/v2\/product_cat?post=6200"},{"taxonomy":"product_tag","embeddable":true,"href":"https:\/\/nutripelletsec.com\/inicio\/index.php\/wp-json\/wp\/v2\/product_tag?post=6200"}],"curies":[{"name":"wp","href":"https:\/\/api.w.org\/{rel}","templated":true}]}}