{"id":6253,"date":"2025-10-08T11:09:16","date_gmt":"2025-10-08T11:09:16","guid":{"rendered":"https:\/\/nutripelletsec.com\/inicio\/?post_type=product&#038;p=6253"},"modified":"2025-10-08T11:36:40","modified_gmt":"2025-10-08T11:36:40","slug":"6253","status":"publish","type":"product","link":"https:\/\/nutripelletsec.com\/inicio\/index.php\/producto\/6253\/","title":{"rendered":"ELABORACI\u00d3N DE PRODUCTOS NUTRICIONALES ANIMALES"},"content":{"rendered":"","protected":false},"excerpt":{"rendered":"<p>Ofrecemos el servicio de <b>Maquila de Complementos Nutricionales y Alimentos Balanceados<\/b> para su marca.<\/p>\n<p>Somos su socio estrat\u00e9gico en la <b>fabricaci\u00f3n por contrato<\/b>, brindando una soluci\u00f3n <b>&#8220;llave en mano&#8221;<\/b> que abarca desde la adquisici\u00f3n de materias primas hasta el producto terminado, envasado y etiquetado.<\/p>\n<p>Nos encargamos de:<\/p>\n<ul>\n<li><b>Producci\u00f3n bajo est\u00e1ndares de calidad:<\/b> Garantizamos la fabricaci\u00f3n con la m\u00e1s alta tecnolog\u00eda y el estricto cumplimiento de normativas sanitarias y de seguridad.<\/li>\n<li><b>F\u00f3rmulas personalizadas:<\/b> Transformamos su receta o desarrollamos nuevas formulaciones (vitaminas, suplementos, nutrac\u00e9uticos y alimentos especializados).<\/li>\n<li><b>Eficiencia operativa:<\/b> Perm\u00edtanos reducir sus costos y tiempos de lanzamiento al mercado, sin la necesidad de invertir en su propia infraestructura de planta.<\/li>\n<\/ul>\n","protected":false},"featured_media":6244,"comment_status":"open","ping_status":"closed","template":"","meta":[],"product_brand":[],"product_cat":[15],"product_tag":[],"class_list":{"0":"post-6253","1":"product","2":"type-product","3":"status-publish","4":"has-post-thumbnail","6":"product_cat-varios","7":"nt-post-class","8":"","17":"first","18":"instock","19":"shipping-taxable","20":"purchasable","21":"product-type-simple"},"yoast_head":"<!-- This site is optimized with the Yoast SEO plugin v27.5 - https:\/\/yoast.com\/product\/yoast-seo-wordpress\/ -->\n<title>ELABORACI\u00d3N DE PRODUCTOS NUTRICIONALES ANIMALES - nutripellets<\/title>\n<meta name=\"robots\" content=\"index, follow, max-snippet:-1, max-image-preview:large, max-video-preview:-1\" \/>\n<link rel=\"canonical\" href=\"https:\/\/nutripelletsec.com\/inicio\/index.php\/producto\/6253\/\" \/>\n<meta property=\"og:locale\" content=\"es_ES\" \/>\n<meta property=\"og:type\" content=\"article\" \/>\n<meta property=\"og:title\" content=\"ELABORACI\u00d3N DE PRODUCTOS NUTRICIONALES ANIMALES - nutripellets\" \/>\n<meta property=\"og:description\" content=\"Ofrecemos el servicio de Maquila de Complementos Nutricionales y Alimentos Balanceados para su marca.  Somos su socio estrat\u00e9gico en la fabricaci\u00f3n por contrato, brindando una soluci\u00f3n &quot;llave en mano&quot; que abarca desde la adquisici\u00f3n de materias primas hasta el producto terminado, envasado y etiquetado.  Nos encargamos de:   Producci\u00f3n bajo est\u00e1ndares de calidad: Garantizamos la fabricaci\u00f3n con la m\u00e1s alta tecnolog\u00eda y el estricto cumplimiento de normativas sanitarias y de seguridad.  F\u00f3rmulas personalizadas: Transformamos su receta o desarrollamos nuevas formulaciones (vitaminas, suplementos, nutrac\u00e9uticos y alimentos especializados).  Eficiencia operativa: Perm\u00edtanos reducir sus costos y tiempos de lanzamiento al mercado, sin la necesidad de invertir en su propia infraestructura de planta.\" \/>\n<meta property=\"og:url\" content=\"https:\/\/nutripelletsec.com\/inicio\/index.php\/producto\/6253\/\" \/>\n<meta property=\"og:site_name\" content=\"nutripellets\" \/>\n<meta property=\"article:modified_time\" content=\"2025-10-08T11:36:40+00:00\" \/>\n<meta property=\"og:image\" content=\"https:\/\/nutripelletsec.com\/inicio\/wp-content\/uploads\/2025\/10\/Gemini_Generated_Image_oje0yfoje0yfoje0-removebg-preview.png\" \/>\n\t<meta property=\"og:image:width\" content=\"500\" \/>\n\t<meta property=\"og:image:height\" content=\"500\" \/>\n\t<meta property=\"og:image:type\" content=\"image\/png\" \/>\n<meta name=\"twitter:card\" content=\"summary_large_image\" \/>\n<meta name=\"twitter:label1\" content=\"Tiempo de lectura\" \/>\n\t<meta name=\"twitter:data1\" content=\"1 minuto\" \/>\n<script type=\"application\/ld+json\" class=\"yoast-schema-graph\">{\"@context\":\"https:\\\/\\\/schema.org\",\"@graph\":[{\"@type\":\"WebPage\",\"@id\":\"https:\\\/\\\/nutripelletsec.com\\\/inicio\\\/index.php\\\/producto\\\/6253\\\/\",\"url\":\"https:\\\/\\\/nutripelletsec.com\\\/inicio\\\/index.php\\\/producto\\\/6253\\\/\",\"name\":\"ELABORACI\u00d3N DE PRODUCTOS NUTRICIONALES ANIMALES - nutripellets\",\"isPartOf\":{\"@id\":\"https:\\\/\\\/nutripelletsec.com\\\/inicio\\\/#website\"},\"primaryImageOfPage\":{\"@id\":\"https:\\\/\\\/nutripelletsec.com\\\/inicio\\\/index.php\\\/producto\\\/6253\\\/#primaryimage\"},\"image\":{\"@id\":\"https:\\\/\\\/nutripelletsec.com\\\/inicio\\\/index.php\\\/producto\\\/6253\\\/#primaryimage\"},\"thumbnailUrl\":\"https:\\\/\\\/nutripelletsec.com\\\/inicio\\\/wp-content\\\/uploads\\\/2025\\\/10\\\/Gemini_Generated_Image_oje0yfoje0yfoje0-removebg-preview.png\",\"datePublished\":\"2025-10-08T11:09:16+00:00\",\"dateModified\":\"2025-10-08T11:36:40+00:00\",\"breadcrumb\":{\"@id\":\"https:\\\/\\\/nutripelletsec.com\\\/inicio\\\/index.php\\\/producto\\\/6253\\\/#breadcrumb\"},\"inLanguage\":\"es\",\"potentialAction\":[{\"@type\":\"ReadAction\",\"target\":[\"https:\\\/\\\/nutripelletsec.com\\\/inicio\\\/index.php\\\/producto\\\/6253\\\/\"]}]},{\"@type\":\"ImageObject\",\"inLanguage\":\"es\",\"@id\":\"https:\\\/\\\/nutripelletsec.com\\\/inicio\\\/index.php\\\/producto\\\/6253\\\/#primaryimage\",\"url\":\"https:\\\/\\\/nutripelletsec.com\\\/inicio\\\/wp-content\\\/uploads\\\/2025\\\/10\\\/Gemini_Generated_Image_oje0yfoje0yfoje0-removebg-preview.png\",\"contentUrl\":\"https:\\\/\\\/nutripelletsec.com\\\/inicio\\\/wp-content\\\/uploads\\\/2025\\\/10\\\/Gemini_Generated_Image_oje0yfoje0yfoje0-removebg-preview.png\",\"width\":500,\"height\":500},{\"@type\":\"BreadcrumbList\",\"@id\":\"https:\\\/\\\/nutripelletsec.com\\\/inicio\\\/index.php\\\/producto\\\/6253\\\/#breadcrumb\",\"itemListElement\":[{\"@type\":\"ListItem\",\"position\":1,\"name\":\"Portada\",\"item\":\"https:\\\/\\\/nutripelletsec.com\\\/inicio\\\/\"},{\"@type\":\"ListItem\",\"position\":2,\"name\":\"TIENDA\",\"item\":\"https:\\\/\\\/nutripelletsec.com\\\/inicio\\\/index.php\\\/tienda\\\/\"},{\"@type\":\"ListItem\",\"position\":3,\"name\":\"ELABORACI\u00d3N DE PRODUCTOS NUTRICIONALES ANIMALES\"}]},{\"@type\":\"WebSite\",\"@id\":\"https:\\\/\\\/nutripelletsec.com\\\/inicio\\\/#website\",\"url\":\"https:\\\/\\\/nutripelletsec.com\\\/inicio\\\/\",\"name\":\"nutripellets\",\"description\":\"ALIMENTACION DE CALIDAD\",\"potentialAction\":[{\"@type\":\"SearchAction\",\"target\":{\"@type\":\"EntryPoint\",\"urlTemplate\":\"https:\\\/\\\/nutripelletsec.com\\\/inicio\\\/?s={search_term_string}\"},\"query-input\":{\"@type\":\"PropertyValueSpecification\",\"valueRequired\":true,\"valueName\":\"search_term_string\"}}],\"inLanguage\":\"es\"}]}<\/script>\n<!-- \/ Yoast SEO plugin. -->","yoast_head_json":{"title":"ELABORACI\u00d3N DE PRODUCTOS NUTRICIONALES ANIMALES - nutripellets","robots":{"index":"index","follow":"follow","max-snippet":"max-snippet:-1","max-image-preview":"max-image-preview:large","max-video-preview":"max-video-preview:-1"},"canonical":"https:\/\/nutripelletsec.com\/inicio\/index.php\/producto\/6253\/","og_locale":"es_ES","og_type":"article","og_title":"ELABORACI\u00d3N DE PRODUCTOS NUTRICIONALES ANIMALES - nutripellets","og_description":"Ofrecemos el servicio de Maquila de Complementos Nutricionales y Alimentos Balanceados para su marca.  Somos su socio estrat\u00e9gico en la fabricaci\u00f3n por contrato, brindando una soluci\u00f3n \"llave en mano\" que abarca desde la adquisici\u00f3n de materias primas hasta el producto terminado, envasado y etiquetado.  Nos encargamos de:   Producci\u00f3n bajo est\u00e1ndares de calidad: Garantizamos la fabricaci\u00f3n con la m\u00e1s alta tecnolog\u00eda y el estricto cumplimiento de normativas sanitarias y de seguridad.  F\u00f3rmulas personalizadas: Transformamos su receta o desarrollamos nuevas formulaciones (vitaminas, suplementos, nutrac\u00e9uticos y alimentos especializados).  Eficiencia operativa: Perm\u00edtanos reducir sus costos y tiempos de lanzamiento al mercado, sin la necesidad de invertir en su propia infraestructura de planta.","og_url":"https:\/\/nutripelletsec.com\/inicio\/index.php\/producto\/6253\/","og_site_name":"nutripellets","article_modified_time":"2025-10-08T11:36:40+00:00","og_image":[{"width":500,"height":500,"url":"https:\/\/nutripelletsec.com\/inicio\/wp-content\/uploads\/2025\/10\/Gemini_Generated_Image_oje0yfoje0yfoje0-removebg-preview.png","type":"image\/png"}],"twitter_card":"summary_large_image","twitter_misc":{"Tiempo de lectura":"1 minuto"},"schema":{"@context":"https:\/\/schema.org","@graph":[{"@type":"WebPage","@id":"https:\/\/nutripelletsec.com\/inicio\/index.php\/producto\/6253\/","url":"https:\/\/nutripelletsec.com\/inicio\/index.php\/producto\/6253\/","name":"ELABORACI\u00d3N DE PRODUCTOS NUTRICIONALES ANIMALES - nutripellets","isPartOf":{"@id":"https:\/\/nutripelletsec.com\/inicio\/#website"},"primaryImageOfPage":{"@id":"https:\/\/nutripelletsec.com\/inicio\/index.php\/producto\/6253\/#primaryimage"},"image":{"@id":"https:\/\/nutripelletsec.com\/inicio\/index.php\/producto\/6253\/#primaryimage"},"thumbnailUrl":"https:\/\/nutripelletsec.com\/inicio\/wp-content\/uploads\/2025\/10\/Gemini_Generated_Image_oje0yfoje0yfoje0-removebg-preview.png","datePublished":"2025-10-08T11:09:16+00:00","dateModified":"2025-10-08T11:36:40+00:00","breadcrumb":{"@id":"https:\/\/nutripelletsec.com\/inicio\/index.php\/producto\/6253\/#breadcrumb"},"inLanguage":"es","potentialAction":[{"@type":"ReadAction","target":["https:\/\/nutripelletsec.com\/inicio\/index.php\/producto\/6253\/"]}]},{"@type":"ImageObject","inLanguage":"es","@id":"https:\/\/nutripelletsec.com\/inicio\/index.php\/producto\/6253\/#primaryimage","url":"https:\/\/nutripelletsec.com\/inicio\/wp-content\/uploads\/2025\/10\/Gemini_Generated_Image_oje0yfoje0yfoje0-removebg-preview.png","contentUrl":"https:\/\/nutripelletsec.com\/inicio\/wp-content\/uploads\/2025\/10\/Gemini_Generated_Image_oje0yfoje0yfoje0-removebg-preview.png","width":500,"height":500},{"@type":"BreadcrumbList","@id":"https:\/\/nutripelletsec.com\/inicio\/index.php\/producto\/6253\/#breadcrumb","itemListElement":[{"@type":"ListItem","position":1,"name":"Portada","item":"https:\/\/nutripelletsec.com\/inicio\/"},{"@type":"ListItem","position":2,"name":"TIENDA","item":"https:\/\/nutripelletsec.com\/inicio\/index.php\/tienda\/"},{"@type":"ListItem","position":3,"name":"ELABORACI\u00d3N DE PRODUCTOS NUTRICIONALES ANIMALES"}]},{"@type":"WebSite","@id":"https:\/\/nutripelletsec.com\/inicio\/#website","url":"https:\/\/nutripelletsec.com\/inicio\/","name":"nutripellets","description":"ALIMENTACION DE CALIDAD","potentialAction":[{"@type":"SearchAction","target":{"@type":"EntryPoint","urlTemplate":"https:\/\/nutripelletsec.com\/inicio\/?s={search_term_string}"},"query-input":{"@type":"PropertyValueSpecification","valueRequired":true,"valueName":"search_term_string"}}],"inLanguage":"es"}]}},"_links":{"self":[{"href":"https:\/\/nutripelletsec.com\/inicio\/index.php\/wp-json\/wp\/v2\/product\/6253","targetHints":{"allow":["GET"]}}],"collection":[{"href":"https:\/\/nutripelletsec.com\/inicio\/index.php\/wp-json\/wp\/v2\/product"}],"about":[{"href":"https:\/\/nutripelletsec.com\/inicio\/index.php\/wp-json\/wp\/v2\/types\/product"}],"replies":[{"embeddable":true,"href":"https:\/\/nutripelletsec.com\/inicio\/index.php\/wp-json\/wp\/v2\/comments?post=6253"}],"wp:featuredmedia":[{"embeddable":true,"href":"https:\/\/nutripelletsec.com\/inicio\/index.php\/wp-json\/wp\/v2\/media\/6244"}],"wp:attachment":[{"href":"https:\/\/nutripelletsec.com\/inicio\/index.php\/wp-json\/wp\/v2\/media?parent=6253"}],"wp:term":[{"taxonomy":"product_brand","embeddable":true,"href":"https:\/\/nutripelletsec.com\/inicio\/index.php\/wp-json\/wp\/v2\/product_brand?post=6253"},{"taxonomy":"product_cat","embeddable":true,"href":"https:\/\/nutripelletsec.com\/inicio\/index.php\/wp-json\/wp\/v2\/product_cat?post=6253"},{"taxonomy":"product_tag","embeddable":true,"href":"https:\/\/nutripelletsec.com\/inicio\/index.php\/wp-json\/wp\/v2\/product_tag?post=6253"}],"curies":[{"name":"wp","href":"https:\/\/api.w.org\/{rel}","templated":true}]}}