{"id":6312,"date":"2025-10-23T17:00:37","date_gmt":"2025-10-23T17:00:37","guid":{"rendered":"https:\/\/nutripelletsec.com\/inicio\/?post_type=product&#038;p=6312"},"modified":"2025-10-23T17:00:37","modified_gmt":"2025-10-23T17:00:37","slug":"nutricria","status":"publish","type":"product","link":"https:\/\/nutripelletsec.com\/inicio\/index.php\/producto\/nutricria\/","title":{"rendered":"NUTRICRIA"},"content":{"rendered":"<p><b><span dir=\"auto\">Beneficios Clave en la Etapa de Cr\u00eda:<\/span><\/b><\/p>\n<ol start=\"1\">\n<li><b><span dir=\"auto\">Mejora de la Salud Intestinal:<\/span><\/b><span dir=\"auto\"> Los probi\u00f3ticos establecidos y mantienen un equilibrio deseable en la microbiota intestinal. Esto es vital para prevenir la colonizaci\u00f3n de bacterias pat\u00f3genas ( <\/span><i><span dir=\"auto\">como Salmonella<\/span><\/i><span dir=\"auto\"> o <\/span><i><span dir=\"auto\">E. coli<\/span><\/i><span dir=\"auto\"> ), reduciendo la incidencia de diarreas y la mortalidad en animales j\u00f3venes.<\/span><\/li>\n<li><b><span dir=\"auto\">\u00d3ptima Absorci\u00f3n de Nutrientes:<\/span><\/b><span dir=\"auto\"> Al mejorar la funci\u00f3n de la barrera intestinal y la longitud de las vellosidades, el alimento optimiza la digestibilidad y absorci\u00f3n de vitaminas, minerales y amino\u00e1cidos, traduci\u00e9ndose en una mejor <\/span><b><span dir=\"auto\">conversi\u00f3n alimenticia<\/span><\/b><span dir=\"auto\"> .<\/span><\/li>\n<li><b><span dir=\"auto\">Refuerzo del Sistema Inmunol\u00f3gico:<\/span><\/b><span dir=\"auto\"> El equilibrio microbiano saludable estimula la inmunidad, haciendo a los pichones de fais\u00e1n m\u00e1s resistentes a enfermedades y factores estresantes (como el transporte, cambios clim\u00e1ticos o manejo).<\/span><\/li>\n<li><b><span dir=\"auto\">Promoci\u00f3n de la Tasa de Crecimiento:<\/span><\/b><span dir=\"auto\"> La salud intestinal mejorada y la m\u00e1xima absorci\u00f3n de nutrientes impulsan una mayor ganancia de peso y un desarrollo esquel\u00e9tico y muscular \u00f3ptimo, preparando a las aves para las siguientes fases de crecimiento y desarrollo.<\/span><\/li>\n<li><b><span dir=\"auto\">Alternativa Natural:<\/span><\/b><span dir=\"auto\"> Ofrece un enfoque natural para la salud aviar, reduciendo la necesidad del uso preventivo de antibi\u00f3ticos.<\/span><\/li>\n<\/ol>\n","protected":false},"excerpt":{"rendered":"<p><b><span dir=\"auto\">Superalimento con Probi\u00f3ticos para Faisanes de Cr\u00eda<\/span><\/b><\/p>\n<p><span dir=\"auto\">Este es un <\/span><b><span dir=\"auto\">superalimento de inicio<\/span><\/b><span dir=\"auto\"> formulado espec\u00edficamente para los faisanes en sus primeras etapas de vida, un per\u00edodo cr\u00edtico para el desarrollo. Su composici\u00f3n va m\u00e1s all\u00e1 de la nutrici\u00f3n b\u00e1sica al incorporar un complejo de <\/span><b><span dir=\"auto\">probi\u00f3ticos<\/span><\/b><span dir=\"auto\"> seleccionados que act\u00faan como promotores naturales de la salud y el crecimiento.<\/span><\/p>\n<p><b><span dir=\"auto\">Caracter\u00edsticas principales:<\/span><\/b><\/p>\n<ul>\n<li><b><span dir=\"auto\">F\u00f3rmula de Alta Energ\u00eda y Prote\u00edna:<\/span><\/b><span dir=\"auto\"> Contiene un perfil de nutrientes balanceado, incluyendo altos niveles de prote\u00ednas de alta digestibilidad y energ\u00eda para satisfacer las demandas metab\u00f3licas de los pichones de crecimiento r\u00e1pido.<\/span><\/li>\n<li><b><span dir=\"auto\">Complejo Probi\u00f3tico de Cepas M\u00faltiples:<\/span><\/b><span dir=\"auto\"> Enriquecido con una mezcla de microorganismos beneficiosos, como cepas seleccionadas de <\/span><i><span dir=\"auto\">Lactobacillus<\/span><\/i><span dir=\"auto\"> y <\/span><i><span dir=\"auto\">Bacillus<\/span><\/i><span dir=\"auto\"> , que colonizan r\u00e1pidamente el tracto gastrointestinal.<\/span><\/li>\n<\/ul>\n","protected":false},"featured_media":6316,"comment_status":"open","ping_status":"closed","template":"","meta":[],"product_brand":[],"product_cat":[74],"product_tag":[],"class_list":{"0":"post-6312","1":"product","2":"type-product","3":"status-publish","4":"has-post-thumbnail","6":"product_cat-nf","7":"nt-post-class","8":"","17":"first","18":"instock","19":"shipping-taxable","20":"purchasable","21":"product-type-variable"},"yoast_head":"<!-- This site is optimized with the Yoast SEO plugin v27.5 - https:\/\/yoast.com\/product\/yoast-seo-wordpress\/ -->\n<title>NUTRICRIA - nutripellets<\/title>\n<meta name=\"robots\" content=\"index, follow, max-snippet:-1, max-image-preview:large, max-video-preview:-1\" \/>\n<link rel=\"canonical\" href=\"https:\/\/nutripelletsec.com\/inicio\/index.php\/producto\/nutricria\/\" \/>\n<meta property=\"og:locale\" content=\"es_ES\" \/>\n<meta property=\"og:type\" content=\"article\" \/>\n<meta property=\"og:title\" content=\"NUTRICRIA - nutripellets\" \/>\n<meta property=\"og:description\" content=\"Superalimento con Probi\u00f3ticos para Faisanes de Cr\u00eda  Este es un superalimento de inicio formulado espec\u00edficamente para los faisanes en sus primeras etapas de vida, un per\u00edodo cr\u00edtico para el desarrollo. Su composici\u00f3n va m\u00e1s all\u00e1 de la nutrici\u00f3n b\u00e1sica al incorporar un complejo de probi\u00f3ticos seleccionados que act\u00faan como promotores naturales de la salud y el crecimiento.  Caracter\u00edsticas principales:   F\u00f3rmula de Alta Energ\u00eda y Prote\u00edna: Contiene un perfil de nutrientes balanceado, incluyendo altos niveles de prote\u00ednas de alta digestibilidad y energ\u00eda para satisfacer las demandas metab\u00f3licas de los pichones de crecimiento r\u00e1pido.  Complejo Probi\u00f3tico de Cepas M\u00faltiples: Enriquecido con una mezcla de microorganismos beneficiosos, como cepas seleccionadas de Lactobacillus y Bacillus , que colonizan r\u00e1pidamente el tracto gastrointestinal.\" \/>\n<meta property=\"og:url\" content=\"https:\/\/nutripelletsec.com\/inicio\/index.php\/producto\/nutricria\/\" \/>\n<meta property=\"og:site_name\" content=\"nutripellets\" \/>\n<meta property=\"og:image\" content=\"https:\/\/nutripelletsec.com\/inicio\/wp-content\/uploads\/2025\/10\/Gemini_Generated_Image_a3mzq7a3mzq7a3mz__1_-removebg-preview.png\" \/>\n\t<meta property=\"og:image:width\" content=\"500\" \/>\n\t<meta property=\"og:image:height\" content=\"500\" \/>\n\t<meta property=\"og:image:type\" content=\"image\/png\" \/>\n<meta name=\"twitter:card\" content=\"summary_large_image\" \/>\n<meta name=\"twitter:label1\" content=\"Tiempo de lectura\" \/>\n\t<meta name=\"twitter:data1\" content=\"2 minutos\" \/>\n<script type=\"application\/ld+json\" class=\"yoast-schema-graph\">{\"@context\":\"https:\\\/\\\/schema.org\",\"@graph\":[{\"@type\":\"WebPage\",\"@id\":\"https:\\\/\\\/nutripelletsec.com\\\/inicio\\\/index.php\\\/producto\\\/nutricria\\\/\",\"url\":\"https:\\\/\\\/nutripelletsec.com\\\/inicio\\\/index.php\\\/producto\\\/nutricria\\\/\",\"name\":\"NUTRICRIA - nutripellets\",\"isPartOf\":{\"@id\":\"https:\\\/\\\/nutripelletsec.com\\\/inicio\\\/#website\"},\"primaryImageOfPage\":{\"@id\":\"https:\\\/\\\/nutripelletsec.com\\\/inicio\\\/index.php\\\/producto\\\/nutricria\\\/#primaryimage\"},\"image\":{\"@id\":\"https:\\\/\\\/nutripelletsec.com\\\/inicio\\\/index.php\\\/producto\\\/nutricria\\\/#primaryimage\"},\"thumbnailUrl\":\"https:\\\/\\\/nutripelletsec.com\\\/inicio\\\/wp-content\\\/uploads\\\/2025\\\/10\\\/Gemini_Generated_Image_a3mzq7a3mzq7a3mz__1_-removebg-preview.png\",\"datePublished\":\"2025-10-23T17:00:37+00:00\",\"breadcrumb\":{\"@id\":\"https:\\\/\\\/nutripelletsec.com\\\/inicio\\\/index.php\\\/producto\\\/nutricria\\\/#breadcrumb\"},\"inLanguage\":\"es\",\"potentialAction\":[{\"@type\":\"ReadAction\",\"target\":[\"https:\\\/\\\/nutripelletsec.com\\\/inicio\\\/index.php\\\/producto\\\/nutricria\\\/\"]}]},{\"@type\":\"ImageObject\",\"inLanguage\":\"es\",\"@id\":\"https:\\\/\\\/nutripelletsec.com\\\/inicio\\\/index.php\\\/producto\\\/nutricria\\\/#primaryimage\",\"url\":\"https:\\\/\\\/nutripelletsec.com\\\/inicio\\\/wp-content\\\/uploads\\\/2025\\\/10\\\/Gemini_Generated_Image_a3mzq7a3mzq7a3mz__1_-removebg-preview.png\",\"contentUrl\":\"https:\\\/\\\/nutripelletsec.com\\\/inicio\\\/wp-content\\\/uploads\\\/2025\\\/10\\\/Gemini_Generated_Image_a3mzq7a3mzq7a3mz__1_-removebg-preview.png\",\"width\":500,\"height\":500},{\"@type\":\"BreadcrumbList\",\"@id\":\"https:\\\/\\\/nutripelletsec.com\\\/inicio\\\/index.php\\\/producto\\\/nutricria\\\/#breadcrumb\",\"itemListElement\":[{\"@type\":\"ListItem\",\"position\":1,\"name\":\"Portada\",\"item\":\"https:\\\/\\\/nutripelletsec.com\\\/inicio\\\/\"},{\"@type\":\"ListItem\",\"position\":2,\"name\":\"TIENDA\",\"item\":\"https:\\\/\\\/nutripelletsec.com\\\/inicio\\\/index.php\\\/tienda\\\/\"},{\"@type\":\"ListItem\",\"position\":3,\"name\":\"NUTRICRIA\"}]},{\"@type\":\"WebSite\",\"@id\":\"https:\\\/\\\/nutripelletsec.com\\\/inicio\\\/#website\",\"url\":\"https:\\\/\\\/nutripelletsec.com\\\/inicio\\\/\",\"name\":\"nutripellets\",\"description\":\"ALIMENTACION DE CALIDAD\",\"potentialAction\":[{\"@type\":\"SearchAction\",\"target\":{\"@type\":\"EntryPoint\",\"urlTemplate\":\"https:\\\/\\\/nutripelletsec.com\\\/inicio\\\/?s={search_term_string}\"},\"query-input\":{\"@type\":\"PropertyValueSpecification\",\"valueRequired\":true,\"valueName\":\"search_term_string\"}}],\"inLanguage\":\"es\"}]}<\/script>\n<!-- \/ Yoast SEO plugin. -->","yoast_head_json":{"title":"NUTRICRIA - nutripellets","robots":{"index":"index","follow":"follow","max-snippet":"max-snippet:-1","max-image-preview":"max-image-preview:large","max-video-preview":"max-video-preview:-1"},"canonical":"https:\/\/nutripelletsec.com\/inicio\/index.php\/producto\/nutricria\/","og_locale":"es_ES","og_type":"article","og_title":"NUTRICRIA - nutripellets","og_description":"Superalimento con Probi\u00f3ticos para Faisanes de Cr\u00eda  Este es un superalimento de inicio formulado espec\u00edficamente para los faisanes en sus primeras etapas de vida, un per\u00edodo cr\u00edtico para el desarrollo. Su composici\u00f3n va m\u00e1s all\u00e1 de la nutrici\u00f3n b\u00e1sica al incorporar un complejo de probi\u00f3ticos seleccionados que act\u00faan como promotores naturales de la salud y el crecimiento.  Caracter\u00edsticas principales:   F\u00f3rmula de Alta Energ\u00eda y Prote\u00edna: Contiene un perfil de nutrientes balanceado, incluyendo altos niveles de prote\u00ednas de alta digestibilidad y energ\u00eda para satisfacer las demandas metab\u00f3licas de los pichones de crecimiento r\u00e1pido.  Complejo Probi\u00f3tico de Cepas M\u00faltiples: Enriquecido con una mezcla de microorganismos beneficiosos, como cepas seleccionadas de Lactobacillus y Bacillus , que colonizan r\u00e1pidamente el tracto gastrointestinal.","og_url":"https:\/\/nutripelletsec.com\/inicio\/index.php\/producto\/nutricria\/","og_site_name":"nutripellets","og_image":[{"width":500,"height":500,"url":"https:\/\/nutripelletsec.com\/inicio\/wp-content\/uploads\/2025\/10\/Gemini_Generated_Image_a3mzq7a3mzq7a3mz__1_-removebg-preview.png","type":"image\/png"}],"twitter_card":"summary_large_image","twitter_misc":{"Tiempo de lectura":"2 minutos"},"schema":{"@context":"https:\/\/schema.org","@graph":[{"@type":"WebPage","@id":"https:\/\/nutripelletsec.com\/inicio\/index.php\/producto\/nutricria\/","url":"https:\/\/nutripelletsec.com\/inicio\/index.php\/producto\/nutricria\/","name":"NUTRICRIA - nutripellets","isPartOf":{"@id":"https:\/\/nutripelletsec.com\/inicio\/#website"},"primaryImageOfPage":{"@id":"https:\/\/nutripelletsec.com\/inicio\/index.php\/producto\/nutricria\/#primaryimage"},"image":{"@id":"https:\/\/nutripelletsec.com\/inicio\/index.php\/producto\/nutricria\/#primaryimage"},"thumbnailUrl":"https:\/\/nutripelletsec.com\/inicio\/wp-content\/uploads\/2025\/10\/Gemini_Generated_Image_a3mzq7a3mzq7a3mz__1_-removebg-preview.png","datePublished":"2025-10-23T17:00:37+00:00","breadcrumb":{"@id":"https:\/\/nutripelletsec.com\/inicio\/index.php\/producto\/nutricria\/#breadcrumb"},"inLanguage":"es","potentialAction":[{"@type":"ReadAction","target":["https:\/\/nutripelletsec.com\/inicio\/index.php\/producto\/nutricria\/"]}]},{"@type":"ImageObject","inLanguage":"es","@id":"https:\/\/nutripelletsec.com\/inicio\/index.php\/producto\/nutricria\/#primaryimage","url":"https:\/\/nutripelletsec.com\/inicio\/wp-content\/uploads\/2025\/10\/Gemini_Generated_Image_a3mzq7a3mzq7a3mz__1_-removebg-preview.png","contentUrl":"https:\/\/nutripelletsec.com\/inicio\/wp-content\/uploads\/2025\/10\/Gemini_Generated_Image_a3mzq7a3mzq7a3mz__1_-removebg-preview.png","width":500,"height":500},{"@type":"BreadcrumbList","@id":"https:\/\/nutripelletsec.com\/inicio\/index.php\/producto\/nutricria\/#breadcrumb","itemListElement":[{"@type":"ListItem","position":1,"name":"Portada","item":"https:\/\/nutripelletsec.com\/inicio\/"},{"@type":"ListItem","position":2,"name":"TIENDA","item":"https:\/\/nutripelletsec.com\/inicio\/index.php\/tienda\/"},{"@type":"ListItem","position":3,"name":"NUTRICRIA"}]},{"@type":"WebSite","@id":"https:\/\/nutripelletsec.com\/inicio\/#website","url":"https:\/\/nutripelletsec.com\/inicio\/","name":"nutripellets","description":"ALIMENTACION DE CALIDAD","potentialAction":[{"@type":"SearchAction","target":{"@type":"EntryPoint","urlTemplate":"https:\/\/nutripelletsec.com\/inicio\/?s={search_term_string}"},"query-input":{"@type":"PropertyValueSpecification","valueRequired":true,"valueName":"search_term_string"}}],"inLanguage":"es"}]}},"_links":{"self":[{"href":"https:\/\/nutripelletsec.com\/inicio\/index.php\/wp-json\/wp\/v2\/product\/6312","targetHints":{"allow":["GET"]}}],"collection":[{"href":"https:\/\/nutripelletsec.com\/inicio\/index.php\/wp-json\/wp\/v2\/product"}],"about":[{"href":"https:\/\/nutripelletsec.com\/inicio\/index.php\/wp-json\/wp\/v2\/types\/product"}],"replies":[{"embeddable":true,"href":"https:\/\/nutripelletsec.com\/inicio\/index.php\/wp-json\/wp\/v2\/comments?post=6312"}],"wp:featuredmedia":[{"embeddable":true,"href":"https:\/\/nutripelletsec.com\/inicio\/index.php\/wp-json\/wp\/v2\/media\/6316"}],"wp:attachment":[{"href":"https:\/\/nutripelletsec.com\/inicio\/index.php\/wp-json\/wp\/v2\/media?parent=6312"}],"wp:term":[{"taxonomy":"product_brand","embeddable":true,"href":"https:\/\/nutripelletsec.com\/inicio\/index.php\/wp-json\/wp\/v2\/product_brand?post=6312"},{"taxonomy":"product_cat","embeddable":true,"href":"https:\/\/nutripelletsec.com\/inicio\/index.php\/wp-json\/wp\/v2\/product_cat?post=6312"},{"taxonomy":"product_tag","embeddable":true,"href":"https:\/\/nutripelletsec.com\/inicio\/index.php\/wp-json\/wp\/v2\/product_tag?post=6312"}],"curies":[{"name":"wp","href":"https:\/\/api.w.org\/{rel}","templated":true}]}}