{"id":6322,"date":"2025-10-23T19:49:52","date_gmt":"2025-10-23T19:49:52","guid":{"rendered":"https:\/\/nutripelletsec.com\/inicio\/?post_type=product&#038;p=6322"},"modified":"2025-10-23T19:49:53","modified_gmt":"2025-10-23T19:49:53","slug":"terminacion-faisan","status":"publish","type":"product","link":"https:\/\/nutripelletsec.com\/inicio\/index.php\/producto\/terminacion-faisan\/","title":{"rendered":"TERMINACI\u00d3N FAISAN"},"content":{"rendered":"<p><b><span dir=\"auto\">Impacto y Beneficios Clave en la Etapa de Terminaci\u00f3n:<\/span><\/b><\/p>\n<ol start=\"1\">\n<li><b><span dir=\"auto\">M\u00e1xima Ganancia de Peso con Eficiencia:<\/span><\/b><span dir=\"auto\"> El continuo apoyo probi\u00f3tico asegura que la cantidad m\u00e1xima de nutrientes del alimento de terminaci\u00f3n se destina al crecimiento final y la calidad de la carne, mejorando a\u00fan m\u00e1s la <\/span><b><span dir=\"auto\">conversi\u00f3n alimenticia<\/span><\/b><span dir=\"auto\"> acumulada.<\/span><\/li>\n<li><b><span dir=\"auto\">Calidad Superior del Canal:<\/span><\/b><span dir=\"auto\"> Los probi\u00f3ticos contribuyen a una mejor digesti\u00f3n y absorci\u00f3n de amino\u00e1cidos, lo que puede influir positivamente en el rendimiento del canal, la textura y, en algunos casos, el sabor final de la carne.<\/span><\/li>\n<li><b><span dir=\"auto\">Reducci\u00f3n del Estr\u00e9s y Mejora Inmunol\u00f3gica:<\/span><\/b><span dir=\"auto\"> El estr\u00e9s pre-sacrificio o el manejo en esta etapa puede comprometer la salud. El microbioma intestinal estable, potenciado por el probi\u00f3tico, modula la respuesta al estr\u00e9s, mantiene la integridad intestinal y refuerza las defensas del ave en sus \u00faltimas semanas.<\/span><\/li>\n<li><b><span dir=\"auto\">Contribuci\u00f3n a la Inocuidad Alimentaria:<\/span><\/b><span dir=\"auto\"> Al desplazar a las bacterias pat\u00f3genas en el tracto intestinal ( <\/span><i><span dir=\"auto\">exclusi\u00f3n competitiva<\/span><\/i><span dir=\"auto\"> ), el uso de probi\u00f3ticos en la terminaci\u00f3n ayuda a reducir la carga de pat\u00f3genos zoon\u00f3ticos (como <\/span><i><span dir=\"auto\">Salmonella<\/span><\/i><span dir=\"auto\"> o <\/span><i><span dir=\"auto\">E. coli<\/span><\/i><span dir=\"auto\"> ) que podr\u00edan contaminar el canal.<\/span><\/li>\n<\/ol>\n<p><b><span dir=\"auto\">Ideal para:<\/span><\/b><span dir=\"auto\"> Garantizar un crecimiento eficiente y saludable hasta el final del ciclo productivo, logrando faisanes robustos, sanos y con la m\u00e1xima calidad final. Es la herramienta perfecta para una producci\u00f3n <\/span><b><span dir=\"auto\">&#8220;libre de antibi\u00f3ticos&#8221;<\/span><\/b><span dir=\"auto\"> .<\/span><\/p>\n","protected":false},"excerpt":{"rendered":"<p><b><span dir=\"auto\">Superalimento Terminaci\u00f3n y Calidad con Probi\u00f3ticos para Faisanes<\/span><\/b><\/p>\n<p><span dir=\"auto\">Este alimento est\u00e1 dise\u00f1ado para la fase final del crecimiento, conocida como <\/span><b><span dir=\"auto\">terminaci\u00f3n<\/span><\/b><span dir=\"auto\"> (generalmente a partir de las 17 semanas hasta el sacrificio o la madurez sexual). Su objetivo principal es optimizar la calidad de la canal (para faisanes de carne) o garantizar la condici\u00f3n corporal y el esplendor del plumaje (para faisanes de cr\u00eda o cineg\u00e9ticos), manteniendo la salud interna.<\/span><\/p>\n<p><b><span dir=\"auto\">F\u00f3rmula de \u00c9lite para la Fase Final:<\/span><\/b><\/p>\n<ul>\n<li><b><span dir=\"auto\">Balance Nutricional para Engorde\/Mantenimiento:<\/span><\/b><span dir=\"auto\"> La f\u00f3rmula reduce ligeramente los niveles de prote\u00edna y ajusta la energ\u00eda (EM) para promover la finalizaci\u00f3n de la deposici\u00f3n muscular magra y la acumulaci\u00f3n adecuada de grasa subcut\u00e1nea, esencial para la jugosidad de la carne o el aislamiento en aves silvestres.<\/span><\/li>\n<li><b><span dir=\"auto\">Concentrado Probi\u00f3tico Estabilizador:<\/span><\/b><span dir=\"auto\"> Incorpora una alta concentraci\u00f3n de probi\u00f3ticos termoestables (a menudo cepas de <\/span><i><span dir=\"auto\">Bacillus<\/span><\/i><span dir=\"auto\"> ) y\/o levaduras beneficiosas ( <\/span><i><span dir=\"auto\">Saccharomyces cerevisiae<\/span><\/i><span dir=\"auto\"> ), garantizando su viabilidad hasta el consumo<\/span><\/li>\n<\/ul>\n","protected":false},"featured_media":6327,"comment_status":"open","ping_status":"closed","template":"","meta":[],"product_brand":[],"product_cat":[74],"product_tag":[],"class_list":{"0":"post-6322","1":"product","2":"type-product","3":"status-publish","4":"has-post-thumbnail","6":"product_cat-nf","7":"nt-post-class","8":"","17":"first","18":"instock","19":"shipping-taxable","20":"purchasable","21":"product-type-variable"},"yoast_head":"<!-- This site is optimized with the Yoast SEO plugin v27.5 - https:\/\/yoast.com\/product\/yoast-seo-wordpress\/ -->\n<title>TERMINACI\u00d3N FAISAN - nutripellets<\/title>\n<meta name=\"robots\" content=\"index, follow, max-snippet:-1, max-image-preview:large, max-video-preview:-1\" \/>\n<link rel=\"canonical\" href=\"https:\/\/nutripelletsec.com\/inicio\/index.php\/producto\/terminacion-faisan\/\" \/>\n<meta property=\"og:locale\" content=\"es_ES\" \/>\n<meta property=\"og:type\" content=\"article\" \/>\n<meta property=\"og:title\" content=\"TERMINACI\u00d3N FAISAN - nutripellets\" \/>\n<meta property=\"og:description\" content=\"Superalimento Terminaci\u00f3n y Calidad con Probi\u00f3ticos para Faisanes  Este alimento est\u00e1 dise\u00f1ado para la fase final del crecimiento, conocida como terminaci\u00f3n (generalmente a partir de las 17 semanas hasta el sacrificio o la madurez sexual). Su objetivo principal es optimizar la calidad de la canal (para faisanes de carne) o garantizar la condici\u00f3n corporal y el esplendor del plumaje (para faisanes de cr\u00eda o cineg\u00e9ticos), manteniendo la salud interna.  F\u00f3rmula de \u00c9lite para la Fase Final:   Balance Nutricional para Engorde\/Mantenimiento: La f\u00f3rmula reduce ligeramente los niveles de prote\u00edna y ajusta la energ\u00eda (EM) para promover la finalizaci\u00f3n de la deposici\u00f3n muscular magra y la acumulaci\u00f3n adecuada de grasa subcut\u00e1nea, esencial para la jugosidad de la carne o el aislamiento en aves silvestres.  Concentrado Probi\u00f3tico Estabilizador: Incorpora una alta concentraci\u00f3n de probi\u00f3ticos termoestables (a menudo cepas de Bacillus ) y\/o levaduras beneficiosas ( Saccharomyces cerevisiae ), garantizando su viabilidad hasta el consumo\" \/>\n<meta property=\"og:url\" content=\"https:\/\/nutripelletsec.com\/inicio\/index.php\/producto\/terminacion-faisan\/\" \/>\n<meta property=\"og:site_name\" content=\"nutripellets\" \/>\n<meta property=\"article:modified_time\" content=\"2025-10-23T19:49:53+00:00\" \/>\n<meta property=\"og:image\" content=\"https:\/\/nutripelletsec.com\/inicio\/wp-content\/uploads\/2025\/10\/Gemini_Generated_Image_90p0lh90p0lh90p0-removebg-preview.png\" \/>\n\t<meta property=\"og:image:width\" content=\"500\" \/>\n\t<meta property=\"og:image:height\" content=\"500\" \/>\n\t<meta property=\"og:image:type\" content=\"image\/png\" \/>\n<meta name=\"twitter:card\" content=\"summary_large_image\" \/>\n<meta name=\"twitter:label1\" content=\"Tiempo de lectura\" \/>\n\t<meta name=\"twitter:data1\" content=\"2 minutos\" \/>\n<script type=\"application\/ld+json\" class=\"yoast-schema-graph\">{\"@context\":\"https:\\\/\\\/schema.org\",\"@graph\":[{\"@type\":\"WebPage\",\"@id\":\"https:\\\/\\\/nutripelletsec.com\\\/inicio\\\/index.php\\\/producto\\\/terminacion-faisan\\\/\",\"url\":\"https:\\\/\\\/nutripelletsec.com\\\/inicio\\\/index.php\\\/producto\\\/terminacion-faisan\\\/\",\"name\":\"TERMINACI\u00d3N FAISAN - nutripellets\",\"isPartOf\":{\"@id\":\"https:\\\/\\\/nutripelletsec.com\\\/inicio\\\/#website\"},\"primaryImageOfPage\":{\"@id\":\"https:\\\/\\\/nutripelletsec.com\\\/inicio\\\/index.php\\\/producto\\\/terminacion-faisan\\\/#primaryimage\"},\"image\":{\"@id\":\"https:\\\/\\\/nutripelletsec.com\\\/inicio\\\/index.php\\\/producto\\\/terminacion-faisan\\\/#primaryimage\"},\"thumbnailUrl\":\"https:\\\/\\\/nutripelletsec.com\\\/inicio\\\/wp-content\\\/uploads\\\/2025\\\/10\\\/Gemini_Generated_Image_90p0lh90p0lh90p0-removebg-preview.png\",\"datePublished\":\"2025-10-23T19:49:52+00:00\",\"dateModified\":\"2025-10-23T19:49:53+00:00\",\"breadcrumb\":{\"@id\":\"https:\\\/\\\/nutripelletsec.com\\\/inicio\\\/index.php\\\/producto\\\/terminacion-faisan\\\/#breadcrumb\"},\"inLanguage\":\"es\",\"potentialAction\":[{\"@type\":\"ReadAction\",\"target\":[\"https:\\\/\\\/nutripelletsec.com\\\/inicio\\\/index.php\\\/producto\\\/terminacion-faisan\\\/\"]}]},{\"@type\":\"ImageObject\",\"inLanguage\":\"es\",\"@id\":\"https:\\\/\\\/nutripelletsec.com\\\/inicio\\\/index.php\\\/producto\\\/terminacion-faisan\\\/#primaryimage\",\"url\":\"https:\\\/\\\/nutripelletsec.com\\\/inicio\\\/wp-content\\\/uploads\\\/2025\\\/10\\\/Gemini_Generated_Image_90p0lh90p0lh90p0-removebg-preview.png\",\"contentUrl\":\"https:\\\/\\\/nutripelletsec.com\\\/inicio\\\/wp-content\\\/uploads\\\/2025\\\/10\\\/Gemini_Generated_Image_90p0lh90p0lh90p0-removebg-preview.png\",\"width\":500,\"height\":500},{\"@type\":\"BreadcrumbList\",\"@id\":\"https:\\\/\\\/nutripelletsec.com\\\/inicio\\\/index.php\\\/producto\\\/terminacion-faisan\\\/#breadcrumb\",\"itemListElement\":[{\"@type\":\"ListItem\",\"position\":1,\"name\":\"Portada\",\"item\":\"https:\\\/\\\/nutripelletsec.com\\\/inicio\\\/\"},{\"@type\":\"ListItem\",\"position\":2,\"name\":\"TIENDA\",\"item\":\"https:\\\/\\\/nutripelletsec.com\\\/inicio\\\/index.php\\\/tienda\\\/\"},{\"@type\":\"ListItem\",\"position\":3,\"name\":\"TERMINACI\u00d3N FAISAN\"}]},{\"@type\":\"WebSite\",\"@id\":\"https:\\\/\\\/nutripelletsec.com\\\/inicio\\\/#website\",\"url\":\"https:\\\/\\\/nutripelletsec.com\\\/inicio\\\/\",\"name\":\"nutripellets\",\"description\":\"ALIMENTACION DE CALIDAD\",\"potentialAction\":[{\"@type\":\"SearchAction\",\"target\":{\"@type\":\"EntryPoint\",\"urlTemplate\":\"https:\\\/\\\/nutripelletsec.com\\\/inicio\\\/?s={search_term_string}\"},\"query-input\":{\"@type\":\"PropertyValueSpecification\",\"valueRequired\":true,\"valueName\":\"search_term_string\"}}],\"inLanguage\":\"es\"}]}<\/script>\n<!-- \/ Yoast SEO plugin. -->","yoast_head_json":{"title":"TERMINACI\u00d3N FAISAN - nutripellets","robots":{"index":"index","follow":"follow","max-snippet":"max-snippet:-1","max-image-preview":"max-image-preview:large","max-video-preview":"max-video-preview:-1"},"canonical":"https:\/\/nutripelletsec.com\/inicio\/index.php\/producto\/terminacion-faisan\/","og_locale":"es_ES","og_type":"article","og_title":"TERMINACI\u00d3N FAISAN - nutripellets","og_description":"Superalimento Terminaci\u00f3n y Calidad con Probi\u00f3ticos para Faisanes  Este alimento est\u00e1 dise\u00f1ado para la fase final del crecimiento, conocida como terminaci\u00f3n (generalmente a partir de las 17 semanas hasta el sacrificio o la madurez sexual). Su objetivo principal es optimizar la calidad de la canal (para faisanes de carne) o garantizar la condici\u00f3n corporal y el esplendor del plumaje (para faisanes de cr\u00eda o cineg\u00e9ticos), manteniendo la salud interna.  F\u00f3rmula de \u00c9lite para la Fase Final:   Balance Nutricional para Engorde\/Mantenimiento: La f\u00f3rmula reduce ligeramente los niveles de prote\u00edna y ajusta la energ\u00eda (EM) para promover la finalizaci\u00f3n de la deposici\u00f3n muscular magra y la acumulaci\u00f3n adecuada de grasa subcut\u00e1nea, esencial para la jugosidad de la carne o el aislamiento en aves silvestres.  Concentrado Probi\u00f3tico Estabilizador: Incorpora una alta concentraci\u00f3n de probi\u00f3ticos termoestables (a menudo cepas de Bacillus ) y\/o levaduras beneficiosas ( Saccharomyces cerevisiae ), garantizando su viabilidad hasta el consumo","og_url":"https:\/\/nutripelletsec.com\/inicio\/index.php\/producto\/terminacion-faisan\/","og_site_name":"nutripellets","article_modified_time":"2025-10-23T19:49:53+00:00","og_image":[{"width":500,"height":500,"url":"https:\/\/nutripelletsec.com\/inicio\/wp-content\/uploads\/2025\/10\/Gemini_Generated_Image_90p0lh90p0lh90p0-removebg-preview.png","type":"image\/png"}],"twitter_card":"summary_large_image","twitter_misc":{"Tiempo de lectura":"2 minutos"},"schema":{"@context":"https:\/\/schema.org","@graph":[{"@type":"WebPage","@id":"https:\/\/nutripelletsec.com\/inicio\/index.php\/producto\/terminacion-faisan\/","url":"https:\/\/nutripelletsec.com\/inicio\/index.php\/producto\/terminacion-faisan\/","name":"TERMINACI\u00d3N FAISAN - nutripellets","isPartOf":{"@id":"https:\/\/nutripelletsec.com\/inicio\/#website"},"primaryImageOfPage":{"@id":"https:\/\/nutripelletsec.com\/inicio\/index.php\/producto\/terminacion-faisan\/#primaryimage"},"image":{"@id":"https:\/\/nutripelletsec.com\/inicio\/index.php\/producto\/terminacion-faisan\/#primaryimage"},"thumbnailUrl":"https:\/\/nutripelletsec.com\/inicio\/wp-content\/uploads\/2025\/10\/Gemini_Generated_Image_90p0lh90p0lh90p0-removebg-preview.png","datePublished":"2025-10-23T19:49:52+00:00","dateModified":"2025-10-23T19:49:53+00:00","breadcrumb":{"@id":"https:\/\/nutripelletsec.com\/inicio\/index.php\/producto\/terminacion-faisan\/#breadcrumb"},"inLanguage":"es","potentialAction":[{"@type":"ReadAction","target":["https:\/\/nutripelletsec.com\/inicio\/index.php\/producto\/terminacion-faisan\/"]}]},{"@type":"ImageObject","inLanguage":"es","@id":"https:\/\/nutripelletsec.com\/inicio\/index.php\/producto\/terminacion-faisan\/#primaryimage","url":"https:\/\/nutripelletsec.com\/inicio\/wp-content\/uploads\/2025\/10\/Gemini_Generated_Image_90p0lh90p0lh90p0-removebg-preview.png","contentUrl":"https:\/\/nutripelletsec.com\/inicio\/wp-content\/uploads\/2025\/10\/Gemini_Generated_Image_90p0lh90p0lh90p0-removebg-preview.png","width":500,"height":500},{"@type":"BreadcrumbList","@id":"https:\/\/nutripelletsec.com\/inicio\/index.php\/producto\/terminacion-faisan\/#breadcrumb","itemListElement":[{"@type":"ListItem","position":1,"name":"Portada","item":"https:\/\/nutripelletsec.com\/inicio\/"},{"@type":"ListItem","position":2,"name":"TIENDA","item":"https:\/\/nutripelletsec.com\/inicio\/index.php\/tienda\/"},{"@type":"ListItem","position":3,"name":"TERMINACI\u00d3N FAISAN"}]},{"@type":"WebSite","@id":"https:\/\/nutripelletsec.com\/inicio\/#website","url":"https:\/\/nutripelletsec.com\/inicio\/","name":"nutripellets","description":"ALIMENTACION DE CALIDAD","potentialAction":[{"@type":"SearchAction","target":{"@type":"EntryPoint","urlTemplate":"https:\/\/nutripelletsec.com\/inicio\/?s={search_term_string}"},"query-input":{"@type":"PropertyValueSpecification","valueRequired":true,"valueName":"search_term_string"}}],"inLanguage":"es"}]}},"_links":{"self":[{"href":"https:\/\/nutripelletsec.com\/inicio\/index.php\/wp-json\/wp\/v2\/product\/6322","targetHints":{"allow":["GET"]}}],"collection":[{"href":"https:\/\/nutripelletsec.com\/inicio\/index.php\/wp-json\/wp\/v2\/product"}],"about":[{"href":"https:\/\/nutripelletsec.com\/inicio\/index.php\/wp-json\/wp\/v2\/types\/product"}],"replies":[{"embeddable":true,"href":"https:\/\/nutripelletsec.com\/inicio\/index.php\/wp-json\/wp\/v2\/comments?post=6322"}],"wp:featuredmedia":[{"embeddable":true,"href":"https:\/\/nutripelletsec.com\/inicio\/index.php\/wp-json\/wp\/v2\/media\/6327"}],"wp:attachment":[{"href":"https:\/\/nutripelletsec.com\/inicio\/index.php\/wp-json\/wp\/v2\/media?parent=6322"}],"wp:term":[{"taxonomy":"product_brand","embeddable":true,"href":"https:\/\/nutripelletsec.com\/inicio\/index.php\/wp-json\/wp\/v2\/product_brand?post=6322"},{"taxonomy":"product_cat","embeddable":true,"href":"https:\/\/nutripelletsec.com\/inicio\/index.php\/wp-json\/wp\/v2\/product_cat?post=6322"},{"taxonomy":"product_tag","embeddable":true,"href":"https:\/\/nutripelletsec.com\/inicio\/index.php\/wp-json\/wp\/v2\/product_tag?post=6322"}],"curies":[{"name":"wp","href":"https:\/\/api.w.org\/{rel}","templated":true}]}}