{"id":6353,"date":"2025-11-02T12:18:55","date_gmt":"2025-11-02T12:18:55","guid":{"rendered":"https:\/\/nutripelletsec.com\/inicio\/?post_type=product&#038;p=6353"},"modified":"2025-11-02T12:27:28","modified_gmt":"2025-11-02T12:27:28","slug":"nutrides","status":"publish","type":"product","link":"https:\/\/nutripelletsec.com\/inicio\/index.php\/producto\/nutrides\/","title":{"rendered":"NUTRIDES"},"content":{"rendered":"<table>\n<thead>\n<tr>\n<td><strong>Componente<\/strong><\/td>\n<td><strong>Objetivo principal<\/strong><\/td>\n<td><strong>Nivel T\u00edpico (referencial)<\/strong><\/td>\n<\/tr>\n<\/thead>\n<tbody>\n<tr>\n<td><b><span dir=\"auto\">Prote\u00edna Cruda<\/span><\/b><\/td>\n<td><span dir=\"auto\">Alta concentraci\u00f3n de amino\u00e1cidos esenciales de alta calidad (ej. suero de leche, plasma), vital para el crecimiento r\u00e1pido.<\/span><\/td>\n<td><span dir=\"auto\">M\u00ednimo<\/span><span class=\"math-inline\" data-math=\"19.0\\%\">$19.0\\%$<\/span><span dir=\"auto\">Alabama<\/span><span class=\"math-inline\" data-math=\"23.0\\%\">$23.0\\%$<\/span><\/td>\n<\/tr>\n<tr>\n<td><b><span dir=\"auto\">Grasa Cruda<\/span><\/b><\/td>\n<td><span dir=\"auto\">Alta densidad energ\u00e9tica para soportar el crecimiento y la inmunidad del lech\u00f3n.<\/span><\/td>\n<td><span dir=\"auto\">M\u00ednimo<\/span><span class=\"math-inline\" data-math=\"4.5\\%\">$4.5\\%$<\/span><span dir=\"auto\">Alabama<\/span><span class=\"math-inline\" data-math=\"6.0\\%\">$6.0\\%$<\/span><\/td>\n<\/tr>\n<tr>\n<td><b><span dir=\"auto\">Fibra Cruda<\/span><\/b><\/td>\n<td><span dir=\"auto\">Mantenida en niveles muy bajos para asegurar una m\u00e1xima digestibilidad.<\/span><\/td>\n<td><span dir=\"auto\">M\u00e1ximo<\/span><span class=\"math-inline\" data-math=\"2.0\\%\">$2.0\\%$<\/span><span dir=\"auto\">Alabama<\/span><span class=\"math-inline\" data-math=\"3.0\\%\">$3.0\\%$<\/span><\/td>\n<\/tr>\n<tr>\n<td><b><span dir=\"auto\">Lactosa<\/span><\/b><\/td>\n<td><span dir=\"auto\">Incluida como fuente de energ\u00eda altamente digerible y para mantener la palatabilidad similar a la leche materna.<\/span><\/td>\n<td><span dir=\"auto\">Alto nivel, alrededor del<\/span><span class=\"math-inline\" data-math=\"10\\%\">$10\\%$<\/span><span dir=\"auto\">Alabama<\/span><span class=\"math-inline\" data-math=\"20\\%\">$20\\%$<\/span><\/td>\n<\/tr>\n<tr>\n<td><b><span dir=\"auto\">Formato F\u00edsico<\/span><\/b><\/td>\n<td><span dir=\"auto\">Micro-pellet o <\/span><i><span dir=\"auto\">crumble<\/span><\/i><span dir=\"auto\"> (migaja) para facilitar el consumo en animales peque\u00f1os.<\/span><\/td>\n<td><span dir=\"auto\">Pellets peque\u00f1os o migajas.<\/span><\/td>\n<\/tr>\n<tr>\n<td><b><span dir=\"auto\">Probi\u00f3ticos<\/span><\/b><\/td>\n<td><b><span dir=\"auto\">Microorganismos vivos<\/span><\/b><span dir=\"auto\"> (ej. <\/span><i><span dir=\"auto\">Lactobacillus spp.<\/span><\/i><span dir=\"auto\"> o <\/span><i><span dir=\"auto\">Bacillus subtilis<\/span><\/i><span dir=\"auto\"> ) resistentes a los jugos g\u00e1stricos.<\/span><\/td>\n<td><span dir=\"auto\">Dosis garantizadas de UFC (Unidades Formadoras de Colonias).<\/span><\/td>\n<\/tr>\n<\/tbody>\n<\/table>\n","protected":false},"excerpt":{"rendered":"<p><span dir=\"auto\">Este balanceado, tambi\u00e9n conocido como <\/span><b><span dir=\"auto\">Pre-Inicio o Iniciador<\/span><\/b><span dir=\"auto\"> , est\u00e1 formulado para mitigar el <\/span><b><span dir=\"auto\">estr\u00e9s post-destete<\/span><\/b><span dir=\"auto\"> y la <\/span><b><span dir=\"auto\">inmadurez digestiva<\/span><\/b><span dir=\"auto\"> del lech\u00f3n. Es un alimento de alta concentraci\u00f3n nutricional, extrema palatabilidad y alta digestibilidad, esencial para lograr una r\u00e1pida adaptaci\u00f3n a la dieta s\u00f3lida y maximizar el potencial de crecimiento, utilizando probi\u00f3ticos como soporte clave de la salud intestinal.<\/span><\/p>\n<hr \/>\n<p>&nbsp;<\/p>\n<h3><span dir=\"auto\">\ud83d\udee1\ufe0f Beneficios Clave del Probi\u00f3tico en el Destete<\/span><\/h3>\n<p>&nbsp;<\/p>\n<p><span dir=\"auto\">La inclusi\u00f3n de probi\u00f3ticos en esta etapa es crucial para contrarrestar los efectos negativos del estr\u00e9s por destete:<\/span><\/p>\n<ul>\n<li><b><span dir=\"auto\">Estabilizaci\u00f3n de la Microbiota Intestinal:<\/span><\/b>\n<ul>\n<li><span dir=\"auto\">El destete causa un desequilibrio en el intestino (disbiosis). Los probi\u00f3ticos ayudan a <\/span><b><span dir=\"auto\">restaurar y fortalecer la flora beneficiosa<\/span><\/b><span dir=\"auto\"> , desplazando a las bacterias pat\u00f3genas.<\/span><\/li>\n<\/ul>\n<\/li>\n<li><b><span dir=\"auto\">Prevenci\u00f3n de diarreas post-destete:<\/span><\/b>\n<ul>\n<li><span dir=\"auto\">El beneficio principal. Los probi\u00f3ticos compiten por los sitios de adhesi\u00f3n en el intestino e inhiben el crecimiento de pat\u00f3genos como la <\/span><b><span dir=\"auto\">Enterotoxig\u00e9nica <\/span><i><span dir=\"auto\">E. coli<\/span><\/i><\/b><span dir=\"auto\"> , reduciendo peri\u00f3dicamente la incidencia y severidad de las diarreas.<\/span><\/li>\n<\/ul>\n<\/li>\n<li><b><span dir=\"auto\">Mejora de la Funci\u00f3n de Barrera Intestinal:<\/span><\/b>\n<ul>\n<li><span dir=\"auto\">Contribuyen a la <\/span><b><span dir=\"auto\">integridad de la mucosa intestinal<\/span><\/b><span dir=\"auto\"> (efecto <\/span><i><span dir=\"auto\">inmunomodulador<\/span><\/i><span dir=\"auto\"> ), minimizando el da\u00f1o causado por el estr\u00e9s y la inflamaci\u00f3n.<\/span><\/li>\n<\/ul>\n<\/li>\n<li><b><span dir=\"auto\">Optimizaci\u00f3n de Par\u00e1metros Productivos:<\/span><\/b>\n<ul>\n<li><b><span dir=\"auto\">Mejor Ganancia de Peso:<\/span><\/b><span dir=\"auto\"> Al mejorar la salud intestinal y reducir la diarrea, el lech\u00f3n puede concentrar su energ\u00eda en el crecimiento, lo que resulta en una mayor <\/span><b><span dir=\"auto\">Ganancia Diaria de Peso (PIB)<\/span><\/b><span dir=\"auto\"> .<\/span><\/li>\n<li><b><span dir=\"auto\">Mejor Conversi\u00f3n Alimenticia (CA):<\/span><\/b><span dir=\"auto\"> La alta actividad fermentativa de los probi\u00f3ticos ayuda a producir enzimas digestivas y \u00c1cidos Grasos Vol\u00e1tiles (AGV), maximizando la absorci\u00f3n de los nutrientes.<\/span><\/li>\n<\/ul>\n<\/li>\n<li><b><span dir=\"auto\">Alternativa a Antibi\u00f3ticos:<\/span><\/b>\n<ul>\n<li><span dir=\"auto\">Apoyan una producci\u00f3n m\u00e1s sostenible, actuando como promotores de la salud intestinal, lo que permite reducir la dependencia de antibi\u00f3ticos.<\/span><\/li>\n<\/ul>\n<\/li>\n<\/ul>\n<hr \/>\n<p>&nbsp;<\/p>\n<h3><span dir=\"auto\">\ud83c\udf7d\ufe0f Indicaciones de Uso<\/span><\/h3>\n<p>&nbsp;<\/p>\n<ul>\n<li><b><span dir=\"auto\">Destinado a:<\/span><\/b><span dir=\"auto\"> Lechones destetados, tama\u00f1o de<\/span><span class=\"math-inline\" data-math=\"6\">$6$<\/span><span dir=\"auto\">a<\/span><span class=\"math-inline\" data-math=\"15\">$15$<\/span><span dir=\"auto\">kg de peso vivo (o desde los<\/span><span class=\"math-inline\" data-math=\"21\">$21$<\/span><span dir=\"auto\">hasta los<\/span><span class=\"math-inline\" data-math=\"42\">$42$<\/span><span dir=\"auto\">d\u00edas de edad), dependiendo de la estrategia de la granja (pre-inicio e inicio).<\/span><\/li>\n<li><b><span dir=\"auto\">Administraci\u00f3n:<\/span><\/b><span dir=\"auto\"> Suministrar a <\/span><b><span dir=\"auto\">libre acceso<\/span><\/b><span dir=\"auto\"> (ad libitum) en comederos limpios, asegurando que el lech\u00f3n siempre tenga agua fresca y limpia disponible.<\/span><\/li>\n<\/ul>\n<hr \/>\n<p><span dir=\"auto\">Este alimento con probi\u00f3ticos es el puente de oro en la vida del lech\u00f3n, garantizando una <\/span><b><span dir=\"auto\">transici\u00f3n suave<\/span><\/b><span dir=\"auto\"> , minimizando los problemas de salud y sentando las bases para un <\/span><b><span dir=\"auto\">desarrollo productivo acelerado<\/span><\/b><span dir=\"auto\"> y eficiente.<\/span><\/p>\n<p>&nbsp;<\/p>\n<p>&nbsp;<\/p>\n","protected":false},"featured_media":6359,"comment_status":"open","ping_status":"closed","template":"","meta":[],"product_brand":[],"product_cat":[93],"product_tag":[],"class_list":{"0":"post-6353","1":"product","2":"type-product","3":"status-publish","4":"has-post-thumbnail","6":"product_cat-nutriporcino","7":"nt-post-class","8":"","17":"first","18":"instock","19":"shipping-taxable","20":"purchasable","21":"product-type-variable"},"yoast_head":"<!-- This site is optimized with the Yoast SEO plugin v27.5 - https:\/\/yoast.com\/product\/yoast-seo-wordpress\/ -->\n<title>NUTRIDES - nutripellets<\/title>\n<meta name=\"robots\" content=\"index, follow, max-snippet:-1, max-image-preview:large, max-video-preview:-1\" \/>\n<link rel=\"canonical\" href=\"https:\/\/nutripelletsec.com\/inicio\/index.php\/producto\/nutrides\/\" \/>\n<meta property=\"og:locale\" content=\"es_ES\" \/>\n<meta property=\"og:type\" content=\"article\" \/>\n<meta property=\"og:title\" content=\"NUTRIDES - nutripellets\" \/>\n<meta property=\"og:description\" content=\"Este balanceado, tambi\u00e9n conocido como Pre-Inicio o Iniciador , est\u00e1 formulado para mitigar el estr\u00e9s post-destete y la inmadurez digestiva del lech\u00f3n. Es un alimento de alta concentraci\u00f3n nutricional, extrema palatabilidad y alta digestibilidad, esencial para lograr una r\u00e1pida adaptaci\u00f3n a la dieta s\u00f3lida y maximizar el potencial de crecimiento, utilizando probi\u00f3ticos como soporte clave de la salud intestinal.    &nbsp; \ud83d\udee1\ufe0f Beneficios Clave del Probi\u00f3tico en el Destete &nbsp;  La inclusi\u00f3n de probi\u00f3ticos en esta etapa es crucial para contrarrestar los efectos negativos del estr\u00e9s por destete:   Estabilizaci\u00f3n de la Microbiota Intestinal:   El destete causa un desequilibrio en el intestino (disbiosis). Los probi\u00f3ticos ayudan a restaurar y fortalecer la flora beneficiosa , desplazando a las bacterias pat\u00f3genas.    Prevenci\u00f3n de diarreas post-destete:   El beneficio principal. Los probi\u00f3ticos compiten por los sitios de adhesi\u00f3n en el intestino e inhiben el crecimiento de pat\u00f3genos como la Enterotoxig\u00e9nica E. coli , reduciendo peri\u00f3dicamente la incidencia y severidad de las diarreas.    Mejora de la Funci\u00f3n de Barrera Intestinal:   Contribuyen a la integridad de la mucosa intestinal (efecto inmunomodulador ), minimizando el da\u00f1o causado por el estr\u00e9s y la inflamaci\u00f3n.    Optimizaci\u00f3n de Par\u00e1metros Productivos:   Mejor Ganancia de Peso: Al mejorar la salud intestinal y reducir la diarrea, el lech\u00f3n puede concentrar su energ\u00eda en el crecimiento, lo que resulta en una mayor Ganancia Diaria de Peso (PIB) .  Mejor Conversi\u00f3n Alimenticia (CA): La alta actividad fermentativa de los probi\u00f3ticos ayuda a producir enzimas digestivas y \u00c1cidos Grasos Vol\u00e1tiles (AGV), maximizando la absorci\u00f3n de los nutrientes.    Alternativa a Antibi\u00f3ticos:   Apoyan una producci\u00f3n m\u00e1s sostenible, actuando como promotores de la salud intestinal, lo que permite reducir la dependencia de antibi\u00f3ticos.       &nbsp; \ud83c\udf7d\ufe0f Indicaciones de Uso &nbsp;   Destinado a: Lechones destetados, tama\u00f1o de$6$a$15$kg de peso vivo (o desde los$21$hasta los$42$d\u00edas de edad), dependiendo de la estrategia de la granja (pre-inicio e inicio).  Administraci\u00f3n: Suministrar a libre acceso (ad libitum) en comederos limpios, asegurando que el lech\u00f3n siempre tenga agua fresca y limpia disponible.     Este alimento con probi\u00f3ticos es el puente de oro en la vida del lech\u00f3n, garantizando una transici\u00f3n suave , minimizando los problemas de salud y sentando las bases para un desarrollo productivo acelerado y eficiente.  &nbsp;  &nbsp;\" \/>\n<meta property=\"og:url\" content=\"https:\/\/nutripelletsec.com\/inicio\/index.php\/producto\/nutrides\/\" \/>\n<meta property=\"og:site_name\" content=\"nutripellets\" \/>\n<meta property=\"article:modified_time\" content=\"2025-11-02T12:27:28+00:00\" \/>\n<meta property=\"og:image\" content=\"https:\/\/nutripelletsec.com\/inicio\/wp-content\/uploads\/2025\/11\/Gemini_Generated_Image_a0p0y3a0p0y3a0p0-removebg-preview.png\" \/>\n\t<meta property=\"og:image:width\" content=\"500\" \/>\n\t<meta property=\"og:image:height\" content=\"500\" \/>\n\t<meta property=\"og:image:type\" content=\"image\/png\" \/>\n<meta name=\"twitter:card\" content=\"summary_large_image\" \/>\n<meta name=\"twitter:label1\" content=\"Tiempo de lectura\" \/>\n\t<meta name=\"twitter:data1\" content=\"1 minuto\" \/>\n<script type=\"application\/ld+json\" class=\"yoast-schema-graph\">{\"@context\":\"https:\\\/\\\/schema.org\",\"@graph\":[{\"@type\":\"WebPage\",\"@id\":\"https:\\\/\\\/nutripelletsec.com\\\/inicio\\\/index.php\\\/producto\\\/nutrides\\\/\",\"url\":\"https:\\\/\\\/nutripelletsec.com\\\/inicio\\\/index.php\\\/producto\\\/nutrides\\\/\",\"name\":\"NUTRIDES - nutripellets\",\"isPartOf\":{\"@id\":\"https:\\\/\\\/nutripelletsec.com\\\/inicio\\\/#website\"},\"primaryImageOfPage\":{\"@id\":\"https:\\\/\\\/nutripelletsec.com\\\/inicio\\\/index.php\\\/producto\\\/nutrides\\\/#primaryimage\"},\"image\":{\"@id\":\"https:\\\/\\\/nutripelletsec.com\\\/inicio\\\/index.php\\\/producto\\\/nutrides\\\/#primaryimage\"},\"thumbnailUrl\":\"https:\\\/\\\/nutripelletsec.com\\\/inicio\\\/wp-content\\\/uploads\\\/2025\\\/11\\\/Gemini_Generated_Image_a0p0y3a0p0y3a0p0-removebg-preview.png\",\"datePublished\":\"2025-11-02T12:18:55+00:00\",\"dateModified\":\"2025-11-02T12:27:28+00:00\",\"breadcrumb\":{\"@id\":\"https:\\\/\\\/nutripelletsec.com\\\/inicio\\\/index.php\\\/producto\\\/nutrides\\\/#breadcrumb\"},\"inLanguage\":\"es\",\"potentialAction\":[{\"@type\":\"ReadAction\",\"target\":[\"https:\\\/\\\/nutripelletsec.com\\\/inicio\\\/index.php\\\/producto\\\/nutrides\\\/\"]}]},{\"@type\":\"ImageObject\",\"inLanguage\":\"es\",\"@id\":\"https:\\\/\\\/nutripelletsec.com\\\/inicio\\\/index.php\\\/producto\\\/nutrides\\\/#primaryimage\",\"url\":\"https:\\\/\\\/nutripelletsec.com\\\/inicio\\\/wp-content\\\/uploads\\\/2025\\\/11\\\/Gemini_Generated_Image_a0p0y3a0p0y3a0p0-removebg-preview.png\",\"contentUrl\":\"https:\\\/\\\/nutripelletsec.com\\\/inicio\\\/wp-content\\\/uploads\\\/2025\\\/11\\\/Gemini_Generated_Image_a0p0y3a0p0y3a0p0-removebg-preview.png\",\"width\":500,\"height\":500},{\"@type\":\"BreadcrumbList\",\"@id\":\"https:\\\/\\\/nutripelletsec.com\\\/inicio\\\/index.php\\\/producto\\\/nutrides\\\/#breadcrumb\",\"itemListElement\":[{\"@type\":\"ListItem\",\"position\":1,\"name\":\"Portada\",\"item\":\"https:\\\/\\\/nutripelletsec.com\\\/inicio\\\/\"},{\"@type\":\"ListItem\",\"position\":2,\"name\":\"TIENDA\",\"item\":\"https:\\\/\\\/nutripelletsec.com\\\/inicio\\\/index.php\\\/tienda\\\/\"},{\"@type\":\"ListItem\",\"position\":3,\"name\":\"NUTRIDES\"}]},{\"@type\":\"WebSite\",\"@id\":\"https:\\\/\\\/nutripelletsec.com\\\/inicio\\\/#website\",\"url\":\"https:\\\/\\\/nutripelletsec.com\\\/inicio\\\/\",\"name\":\"nutripellets\",\"description\":\"ALIMENTACION DE CALIDAD\",\"potentialAction\":[{\"@type\":\"SearchAction\",\"target\":{\"@type\":\"EntryPoint\",\"urlTemplate\":\"https:\\\/\\\/nutripelletsec.com\\\/inicio\\\/?s={search_term_string}\"},\"query-input\":{\"@type\":\"PropertyValueSpecification\",\"valueRequired\":true,\"valueName\":\"search_term_string\"}}],\"inLanguage\":\"es\"}]}<\/script>\n<!-- \/ Yoast SEO plugin. -->","yoast_head_json":{"title":"NUTRIDES - nutripellets","robots":{"index":"index","follow":"follow","max-snippet":"max-snippet:-1","max-image-preview":"max-image-preview:large","max-video-preview":"max-video-preview:-1"},"canonical":"https:\/\/nutripelletsec.com\/inicio\/index.php\/producto\/nutrides\/","og_locale":"es_ES","og_type":"article","og_title":"NUTRIDES - nutripellets","og_description":"Este balanceado, tambi\u00e9n conocido como Pre-Inicio o Iniciador , est\u00e1 formulado para mitigar el estr\u00e9s post-destete y la inmadurez digestiva del lech\u00f3n. Es un alimento de alta concentraci\u00f3n nutricional, extrema palatabilidad y alta digestibilidad, esencial para lograr una r\u00e1pida adaptaci\u00f3n a la dieta s\u00f3lida y maximizar el potencial de crecimiento, utilizando probi\u00f3ticos como soporte clave de la salud intestinal.    &nbsp; \ud83d\udee1\ufe0f Beneficios Clave del Probi\u00f3tico en el Destete &nbsp;  La inclusi\u00f3n de probi\u00f3ticos en esta etapa es crucial para contrarrestar los efectos negativos del estr\u00e9s por destete:   Estabilizaci\u00f3n de la Microbiota Intestinal:   El destete causa un desequilibrio en el intestino (disbiosis). Los probi\u00f3ticos ayudan a restaurar y fortalecer la flora beneficiosa , desplazando a las bacterias pat\u00f3genas.    Prevenci\u00f3n de diarreas post-destete:   El beneficio principal. Los probi\u00f3ticos compiten por los sitios de adhesi\u00f3n en el intestino e inhiben el crecimiento de pat\u00f3genos como la Enterotoxig\u00e9nica E. coli , reduciendo peri\u00f3dicamente la incidencia y severidad de las diarreas.    Mejora de la Funci\u00f3n de Barrera Intestinal:   Contribuyen a la integridad de la mucosa intestinal (efecto inmunomodulador ), minimizando el da\u00f1o causado por el estr\u00e9s y la inflamaci\u00f3n.    Optimizaci\u00f3n de Par\u00e1metros Productivos:   Mejor Ganancia de Peso: Al mejorar la salud intestinal y reducir la diarrea, el lech\u00f3n puede concentrar su energ\u00eda en el crecimiento, lo que resulta en una mayor Ganancia Diaria de Peso (PIB) .  Mejor Conversi\u00f3n Alimenticia (CA): La alta actividad fermentativa de los probi\u00f3ticos ayuda a producir enzimas digestivas y \u00c1cidos Grasos Vol\u00e1tiles (AGV), maximizando la absorci\u00f3n de los nutrientes.    Alternativa a Antibi\u00f3ticos:   Apoyan una producci\u00f3n m\u00e1s sostenible, actuando como promotores de la salud intestinal, lo que permite reducir la dependencia de antibi\u00f3ticos.       &nbsp; \ud83c\udf7d\ufe0f Indicaciones de Uso &nbsp;   Destinado a: Lechones destetados, tama\u00f1o de$6$a$15$kg de peso vivo (o desde los$21$hasta los$42$d\u00edas de edad), dependiendo de la estrategia de la granja (pre-inicio e inicio).  Administraci\u00f3n: Suministrar a libre acceso (ad libitum) en comederos limpios, asegurando que el lech\u00f3n siempre tenga agua fresca y limpia disponible.     Este alimento con probi\u00f3ticos es el puente de oro en la vida del lech\u00f3n, garantizando una transici\u00f3n suave , minimizando los problemas de salud y sentando las bases para un desarrollo productivo acelerado y eficiente.  &nbsp;  &nbsp;","og_url":"https:\/\/nutripelletsec.com\/inicio\/index.php\/producto\/nutrides\/","og_site_name":"nutripellets","article_modified_time":"2025-11-02T12:27:28+00:00","og_image":[{"width":500,"height":500,"url":"https:\/\/nutripelletsec.com\/inicio\/wp-content\/uploads\/2025\/11\/Gemini_Generated_Image_a0p0y3a0p0y3a0p0-removebg-preview.png","type":"image\/png"}],"twitter_card":"summary_large_image","twitter_misc":{"Tiempo de lectura":"1 minuto"},"schema":{"@context":"https:\/\/schema.org","@graph":[{"@type":"WebPage","@id":"https:\/\/nutripelletsec.com\/inicio\/index.php\/producto\/nutrides\/","url":"https:\/\/nutripelletsec.com\/inicio\/index.php\/producto\/nutrides\/","name":"NUTRIDES - nutripellets","isPartOf":{"@id":"https:\/\/nutripelletsec.com\/inicio\/#website"},"primaryImageOfPage":{"@id":"https:\/\/nutripelletsec.com\/inicio\/index.php\/producto\/nutrides\/#primaryimage"},"image":{"@id":"https:\/\/nutripelletsec.com\/inicio\/index.php\/producto\/nutrides\/#primaryimage"},"thumbnailUrl":"https:\/\/nutripelletsec.com\/inicio\/wp-content\/uploads\/2025\/11\/Gemini_Generated_Image_a0p0y3a0p0y3a0p0-removebg-preview.png","datePublished":"2025-11-02T12:18:55+00:00","dateModified":"2025-11-02T12:27:28+00:00","breadcrumb":{"@id":"https:\/\/nutripelletsec.com\/inicio\/index.php\/producto\/nutrides\/#breadcrumb"},"inLanguage":"es","potentialAction":[{"@type":"ReadAction","target":["https:\/\/nutripelletsec.com\/inicio\/index.php\/producto\/nutrides\/"]}]},{"@type":"ImageObject","inLanguage":"es","@id":"https:\/\/nutripelletsec.com\/inicio\/index.php\/producto\/nutrides\/#primaryimage","url":"https:\/\/nutripelletsec.com\/inicio\/wp-content\/uploads\/2025\/11\/Gemini_Generated_Image_a0p0y3a0p0y3a0p0-removebg-preview.png","contentUrl":"https:\/\/nutripelletsec.com\/inicio\/wp-content\/uploads\/2025\/11\/Gemini_Generated_Image_a0p0y3a0p0y3a0p0-removebg-preview.png","width":500,"height":500},{"@type":"BreadcrumbList","@id":"https:\/\/nutripelletsec.com\/inicio\/index.php\/producto\/nutrides\/#breadcrumb","itemListElement":[{"@type":"ListItem","position":1,"name":"Portada","item":"https:\/\/nutripelletsec.com\/inicio\/"},{"@type":"ListItem","position":2,"name":"TIENDA","item":"https:\/\/nutripelletsec.com\/inicio\/index.php\/tienda\/"},{"@type":"ListItem","position":3,"name":"NUTRIDES"}]},{"@type":"WebSite","@id":"https:\/\/nutripelletsec.com\/inicio\/#website","url":"https:\/\/nutripelletsec.com\/inicio\/","name":"nutripellets","description":"ALIMENTACION DE CALIDAD","potentialAction":[{"@type":"SearchAction","target":{"@type":"EntryPoint","urlTemplate":"https:\/\/nutripelletsec.com\/inicio\/?s={search_term_string}"},"query-input":{"@type":"PropertyValueSpecification","valueRequired":true,"valueName":"search_term_string"}}],"inLanguage":"es"}]}},"_links":{"self":[{"href":"https:\/\/nutripelletsec.com\/inicio\/index.php\/wp-json\/wp\/v2\/product\/6353","targetHints":{"allow":["GET"]}}],"collection":[{"href":"https:\/\/nutripelletsec.com\/inicio\/index.php\/wp-json\/wp\/v2\/product"}],"about":[{"href":"https:\/\/nutripelletsec.com\/inicio\/index.php\/wp-json\/wp\/v2\/types\/product"}],"replies":[{"embeddable":true,"href":"https:\/\/nutripelletsec.com\/inicio\/index.php\/wp-json\/wp\/v2\/comments?post=6353"}],"wp:featuredmedia":[{"embeddable":true,"href":"https:\/\/nutripelletsec.com\/inicio\/index.php\/wp-json\/wp\/v2\/media\/6359"}],"wp:attachment":[{"href":"https:\/\/nutripelletsec.com\/inicio\/index.php\/wp-json\/wp\/v2\/media?parent=6353"}],"wp:term":[{"taxonomy":"product_brand","embeddable":true,"href":"https:\/\/nutripelletsec.com\/inicio\/index.php\/wp-json\/wp\/v2\/product_brand?post=6353"},{"taxonomy":"product_cat","embeddable":true,"href":"https:\/\/nutripelletsec.com\/inicio\/index.php\/wp-json\/wp\/v2\/product_cat?post=6353"},{"taxonomy":"product_tag","embeddable":true,"href":"https:\/\/nutripelletsec.com\/inicio\/index.php\/wp-json\/wp\/v2\/product_tag?post=6353"}],"curies":[{"name":"wp","href":"https:\/\/api.w.org\/{rel}","templated":true}]}}