{"id":6360,"date":"2025-11-02T12:54:06","date_gmt":"2025-11-02T12:54:06","guid":{"rendered":"https:\/\/nutripelletsec.com\/inicio\/?post_type=product&#038;p=6360"},"modified":"2025-11-02T13:00:10","modified_gmt":"2025-11-02T13:00:10","slug":"nutricre","status":"publish","type":"product","link":"https:\/\/nutripelletsec.com\/inicio\/index.php\/producto\/nutricre\/","title":{"rendered":"NUTRICRE"},"content":{"rendered":"<table>\n<thead>\n<tr>\n<td><strong>Componente<\/strong><\/td>\n<td><strong>Nivel T\u00edpico (referencial)<\/strong><\/td>\n<td><strong>Prop\u00f3sito Principal<\/strong><\/td>\n<\/tr>\n<\/thead>\n<tbody>\n<tr>\n<td><b><span dir=\"auto\">Prote\u00edna Cruda (M\u00edn.)<\/span><\/b><\/td>\n<td><span class=\"math-inline\" data-math=\"16.0\\%\">$16.0\\%$<\/span><span dir=\"auto\">Alabama<\/span><span class=\"math-inline\" data-math=\"18.5\\%\">$18.5\\%$<\/span><\/td>\n<td><span dir=\"auto\">Nivel \u00f3ptimo de prote\u00ednas y amino\u00e1cidos digestibles (ej. Lisina) para deposici\u00f3n de carne magra.<\/span><\/td>\n<\/tr>\n<tr>\n<td><b><span dir=\"auto\">Grasa Cruda (M\u00edn.)<\/span><\/b><\/td>\n<td><span class=\"math-inline\" data-math=\"3.0\\%\">$3.0\\%$<\/span><span dir=\"auto\">Alabama<\/span><span class=\"math-inline\" data-math=\"5.0\\%\">$5.0\\%$<\/span><\/td>\n<td><span dir=\"auto\">Aporte cal\u00f3rico sostenido para alta Ganancia Diaria de Peso (PIB).<\/span><\/td>\n<\/tr>\n<tr>\n<td><b><span dir=\"auto\">Fibra Cruda (M\u00e1x.)<\/span><\/b><\/td>\n<td><span class=\"math-inline\" data-math=\"4.0\\%\">$4.0\\%$<\/span><span dir=\"auto\">Alabama<\/span><span class=\"math-inline\" data-math=\"5.0\\%\">$5.0\\%$<\/span><\/td>\n<td><span dir=\"auto\">Nivel ligeramente superior, que promueve la salud y el funcionamiento mec\u00e1nico del intestino.<\/span><\/td>\n<\/tr>\n<tr>\n<td><b><span dir=\"auto\">Cereales\/Subproductos<\/span><\/b><\/td>\n<td><span dir=\"auto\">Ma\u00edz, soya, sorgo<\/span><\/td>\n<td><span dir=\"auto\">Constituyen la base energ\u00e9tica y proteica del balanceado.<\/span><\/td>\n<\/tr>\n<tr>\n<td><b><span dir=\"auto\">Probi\u00f3ticos<\/span><\/b><\/td>\n<td><span dir=\"auto\">Dosis garantizada de UFC<\/span><\/td>\n<td><span dir=\"auto\">Act\u00faa como un <\/span><b><span dir=\"auto\">promotor de la eficiencia alimentaria<\/span><\/b><span dir=\"auto\"> y estabilizador intestinal continuo.<\/span><\/td>\n<\/tr>\n<tr>\n<td><b><span dir=\"auto\">Formato F\u00edsico<\/span><\/b><\/td>\n<td><b><span dir=\"auto\">Pellet<\/span><\/b><span dir=\"auto\"> de mayor tama\u00f1o<\/span><\/td>\n<td><span dir=\"auto\">Formato que fomenta el consumo y reduce el desperdicio en cerdos m\u00e1s grandes.<\/span><\/td>\n<\/tr>\n<\/tbody>\n<\/table>\n","protected":false},"excerpt":{"rendered":"<p><span dir=\"auto\">El alimento de Crecimiento est\u00e1 dise\u00f1ado para sostener la alta tasa de desarrollo muscular y \u00f3seo que comienza despu\u00e9s de la fase de inicio. Su principal objetivo es la <\/span><b><span dir=\"auto\">m\u00e1xima eficiencia en la conversi\u00f3n alimenticia<\/span><\/b><span dir=\"auto\"> y el <\/span><b><span dir=\"auto\">crecimiento uniforme<\/span><\/b><span dir=\"auto\"> , preparando a los animales para la fase de engorde. Los probi\u00f3ticos en esta etapa se centran en optimizar la absorci\u00f3n de nutrientes y mantener la estabilidad digestiva.<\/span><\/p>\n<h3><span dir=\"auto\">\ud83d\udcaa Papel Fundamental del Probi\u00f3tico en Crecimiento<\/span><\/h3>\n<p>&nbsp;<\/p>\n<p><span dir=\"auto\">En la etapa de Crecimiento, los probi\u00f3ticos (como <\/span><i><span dir=\"auto\">Bacillus spp.<\/span><\/i><span dir=\"auto\"> o levaduras como <\/span><i><span dir=\"auto\">Saccharomyces cerevisiae<\/span><\/i><span dir=\"auto\"> ) se utilizan para &#8220;exprimir&#8221; la eficiencia de la dieta:<\/span><\/p>\n<ol start=\"1\">\n<li><b><span dir=\"auto\">M\u00e1xima Eficiencia Digestiva:<\/span><\/b><span dir=\"auto\"> Los probi\u00f3ticos mejoran la actividad de las enzimas intestinales, lo que resulta en una mejor <\/span><b><span dir=\"auto\">Conversi\u00f3n Alimenticia (CA)<\/span><\/b><span dir=\"auto\"> . El cerdo necesita menos alimento para ganar un kilogramo de peso.<\/span><\/li>\n<li><b><span dir=\"auto\">Estabilidad de la Salud Intestinal:<\/span><\/b><span dir=\"auto\"> Aunque el riesgo de diarrea es menor que en el destete, los probi\u00f3ticos evitan el estr\u00e9s digestivo por cambios de dieta o agrupamiento, previniendo problemas sanitarios subcl\u00ednicos.<\/span><\/li>\n<li><b><span dir=\"auto\">Refuerzo contra el Estr\u00e9s Oxidativo:<\/span><\/b><span dir=\"auto\"> Algunas cepas probi\u00f3ticas tienen acci\u00f3n antioxidante, lo cual es beneficioso para la salud general y el manejo del estr\u00e9s en animales de r\u00e1pido crecimiento.<\/span><\/li>\n<li><b><span dir=\"auto\">Menor Contaminaci\u00f3n Ambiental:<\/span><\/b><span dir=\"auto\"> Al mejorar la digestibilidad y absorci\u00f3n de nutrientes como el nitr\u00f3geno, se reduce la cantidad de amon\u00edaco excretado en las heces, mejorando la calidad del aire en la granja.<\/span><\/li>\n<\/ol>\n<hr \/>\n<p>&nbsp;<\/p>\n<h3><span dir=\"auto\">\ud83d\udcc5 Indicaciones de uso<\/span><\/h3>\n<p>&nbsp;<\/p>\n<ul>\n<li><b><span dir=\"auto\">Peso Vivo:<\/span><\/b><span dir=\"auto\"> Suministrar a cerdos que ya finalizaron la etapa de inicio, tama\u00f1o de<\/span><b><span class=\"math-inline\" data-math=\"15\">15<\/span><span dir=\"auto\">kg a <\/span><span class=\"math-inline\" data-math=\"50\">50<\/span><span dir=\"auto\">kg<\/span><\/b><span dir=\"auto\"> de peso vivo.<\/span><\/li>\n<li><b><span dir=\"auto\">Edad:<\/span><\/b><span dir=\"auto\"> Aproximadamente desde los<\/span><span class=\"math-inline\" data-math=\"40\">40 <\/span><span dir=\"auto\">hasta los <\/span><span class=\"math-inline\" data-math=\"90\">90<\/span><span dir=\"auto\">d\u00edas de edad.<\/span><\/li>\n<li><b><span dir=\"auto\">Administraci\u00f3n:<\/span><\/b><span dir=\"auto\"> Suministrar a <\/span><b><span dir=\"auto\">libre acceso (ad libitum)<\/span><\/b><span dir=\"auto\"> para permitir a los cerdos expresar su m\u00e1ximo potencial de crecimiento gen\u00e9tico, siempre con agua limpia y fresca.<\/span><\/li>\n<\/ul>\n","protected":false},"featured_media":6364,"comment_status":"open","ping_status":"closed","template":"","meta":[],"product_brand":[],"product_cat":[93],"product_tag":[],"class_list":{"0":"post-6360","1":"product","2":"type-product","3":"status-publish","4":"has-post-thumbnail","6":"product_cat-nutriporcino","7":"nt-post-class","8":"","17":"first","18":"instock","19":"shipping-taxable","20":"purchasable","21":"product-type-variable"},"yoast_head":"<!-- This site is optimized with the Yoast SEO plugin v27.5 - https:\/\/yoast.com\/product\/yoast-seo-wordpress\/ -->\n<title>NUTRICRE - nutripellets<\/title>\n<meta name=\"robots\" content=\"index, follow, max-snippet:-1, max-image-preview:large, max-video-preview:-1\" \/>\n<link rel=\"canonical\" href=\"https:\/\/nutripelletsec.com\/inicio\/index.php\/producto\/nutricre\/\" \/>\n<meta property=\"og:locale\" content=\"es_ES\" \/>\n<meta property=\"og:type\" content=\"article\" \/>\n<meta property=\"og:title\" content=\"NUTRICRE - nutripellets\" \/>\n<meta property=\"og:description\" content=\"El alimento de Crecimiento est\u00e1 dise\u00f1ado para sostener la alta tasa de desarrollo muscular y \u00f3seo que comienza despu\u00e9s de la fase de inicio. Su principal objetivo es la m\u00e1xima eficiencia en la conversi\u00f3n alimenticia y el crecimiento uniforme , preparando a los animales para la fase de engorde. Los probi\u00f3ticos en esta etapa se centran en optimizar la absorci\u00f3n de nutrientes y mantener la estabilidad digestiva. \ud83d\udcaa Papel Fundamental del Probi\u00f3tico en Crecimiento &nbsp;  En la etapa de Crecimiento, los probi\u00f3ticos (como Bacillus spp. o levaduras como Saccharomyces cerevisiae ) se utilizan para &quot;exprimir&quot; la eficiencia de la dieta:   M\u00e1xima Eficiencia Digestiva: Los probi\u00f3ticos mejoran la actividad de las enzimas intestinales, lo que resulta en una mejor Conversi\u00f3n Alimenticia (CA) . El cerdo necesita menos alimento para ganar un kilogramo de peso.  Estabilidad de la Salud Intestinal: Aunque el riesgo de diarrea es menor que en el destete, los probi\u00f3ticos evitan el estr\u00e9s digestivo por cambios de dieta o agrupamiento, previniendo problemas sanitarios subcl\u00ednicos.  Refuerzo contra el Estr\u00e9s Oxidativo: Algunas cepas probi\u00f3ticas tienen acci\u00f3n antioxidante, lo cual es beneficioso para la salud general y el manejo del estr\u00e9s en animales de r\u00e1pido crecimiento.  Menor Contaminaci\u00f3n Ambiental: Al mejorar la digestibilidad y absorci\u00f3n de nutrientes como el nitr\u00f3geno, se reduce la cantidad de amon\u00edaco excretado en las heces, mejorando la calidad del aire en la granja.     &nbsp; \ud83d\udcc5 Indicaciones de uso &nbsp;   Peso Vivo: Suministrar a cerdos que ya finalizaron la etapa de inicio, tama\u00f1o de15kg a 50kg de peso vivo.  Edad: Aproximadamente desde los40 hasta los 90d\u00edas de edad.  Administraci\u00f3n: Suministrar a libre acceso (ad libitum) para permitir a los cerdos expresar su m\u00e1ximo potencial de crecimiento gen\u00e9tico, siempre con agua limpia y fresca.\" \/>\n<meta property=\"og:url\" content=\"https:\/\/nutripelletsec.com\/inicio\/index.php\/producto\/nutricre\/\" \/>\n<meta property=\"og:site_name\" content=\"nutripellets\" \/>\n<meta property=\"article:modified_time\" content=\"2025-11-02T13:00:10+00:00\" \/>\n<meta property=\"og:image\" content=\"https:\/\/nutripelletsec.com\/inicio\/wp-content\/uploads\/2025\/11\/Gemini_Generated_Image_ht98hhht98hhht98-removebg-preview-1.png\" \/>\n\t<meta property=\"og:image:width\" content=\"500\" \/>\n\t<meta property=\"og:image:height\" content=\"500\" \/>\n\t<meta property=\"og:image:type\" content=\"image\/png\" \/>\n<meta name=\"twitter:card\" content=\"summary_large_image\" \/>\n<meta name=\"twitter:label1\" content=\"Tiempo de lectura\" \/>\n\t<meta name=\"twitter:data1\" content=\"1 minuto\" \/>\n<script type=\"application\/ld+json\" class=\"yoast-schema-graph\">{\"@context\":\"https:\\\/\\\/schema.org\",\"@graph\":[{\"@type\":\"WebPage\",\"@id\":\"https:\\\/\\\/nutripelletsec.com\\\/inicio\\\/index.php\\\/producto\\\/nutricre\\\/\",\"url\":\"https:\\\/\\\/nutripelletsec.com\\\/inicio\\\/index.php\\\/producto\\\/nutricre\\\/\",\"name\":\"NUTRICRE - nutripellets\",\"isPartOf\":{\"@id\":\"https:\\\/\\\/nutripelletsec.com\\\/inicio\\\/#website\"},\"primaryImageOfPage\":{\"@id\":\"https:\\\/\\\/nutripelletsec.com\\\/inicio\\\/index.php\\\/producto\\\/nutricre\\\/#primaryimage\"},\"image\":{\"@id\":\"https:\\\/\\\/nutripelletsec.com\\\/inicio\\\/index.php\\\/producto\\\/nutricre\\\/#primaryimage\"},\"thumbnailUrl\":\"https:\\\/\\\/nutripelletsec.com\\\/inicio\\\/wp-content\\\/uploads\\\/2025\\\/11\\\/Gemini_Generated_Image_ht98hhht98hhht98-removebg-preview-1.png\",\"datePublished\":\"2025-11-02T12:54:06+00:00\",\"dateModified\":\"2025-11-02T13:00:10+00:00\",\"breadcrumb\":{\"@id\":\"https:\\\/\\\/nutripelletsec.com\\\/inicio\\\/index.php\\\/producto\\\/nutricre\\\/#breadcrumb\"},\"inLanguage\":\"es\",\"potentialAction\":[{\"@type\":\"ReadAction\",\"target\":[\"https:\\\/\\\/nutripelletsec.com\\\/inicio\\\/index.php\\\/producto\\\/nutricre\\\/\"]}]},{\"@type\":\"ImageObject\",\"inLanguage\":\"es\",\"@id\":\"https:\\\/\\\/nutripelletsec.com\\\/inicio\\\/index.php\\\/producto\\\/nutricre\\\/#primaryimage\",\"url\":\"https:\\\/\\\/nutripelletsec.com\\\/inicio\\\/wp-content\\\/uploads\\\/2025\\\/11\\\/Gemini_Generated_Image_ht98hhht98hhht98-removebg-preview-1.png\",\"contentUrl\":\"https:\\\/\\\/nutripelletsec.com\\\/inicio\\\/wp-content\\\/uploads\\\/2025\\\/11\\\/Gemini_Generated_Image_ht98hhht98hhht98-removebg-preview-1.png\",\"width\":500,\"height\":500},{\"@type\":\"BreadcrumbList\",\"@id\":\"https:\\\/\\\/nutripelletsec.com\\\/inicio\\\/index.php\\\/producto\\\/nutricre\\\/#breadcrumb\",\"itemListElement\":[{\"@type\":\"ListItem\",\"position\":1,\"name\":\"Portada\",\"item\":\"https:\\\/\\\/nutripelletsec.com\\\/inicio\\\/\"},{\"@type\":\"ListItem\",\"position\":2,\"name\":\"TIENDA\",\"item\":\"https:\\\/\\\/nutripelletsec.com\\\/inicio\\\/index.php\\\/tienda\\\/\"},{\"@type\":\"ListItem\",\"position\":3,\"name\":\"NUTRICRE\"}]},{\"@type\":\"WebSite\",\"@id\":\"https:\\\/\\\/nutripelletsec.com\\\/inicio\\\/#website\",\"url\":\"https:\\\/\\\/nutripelletsec.com\\\/inicio\\\/\",\"name\":\"nutripellets\",\"description\":\"ALIMENTACION DE CALIDAD\",\"potentialAction\":[{\"@type\":\"SearchAction\",\"target\":{\"@type\":\"EntryPoint\",\"urlTemplate\":\"https:\\\/\\\/nutripelletsec.com\\\/inicio\\\/?s={search_term_string}\"},\"query-input\":{\"@type\":\"PropertyValueSpecification\",\"valueRequired\":true,\"valueName\":\"search_term_string\"}}],\"inLanguage\":\"es\"}]}<\/script>\n<!-- \/ Yoast SEO plugin. -->","yoast_head_json":{"title":"NUTRICRE - nutripellets","robots":{"index":"index","follow":"follow","max-snippet":"max-snippet:-1","max-image-preview":"max-image-preview:large","max-video-preview":"max-video-preview:-1"},"canonical":"https:\/\/nutripelletsec.com\/inicio\/index.php\/producto\/nutricre\/","og_locale":"es_ES","og_type":"article","og_title":"NUTRICRE - nutripellets","og_description":"El alimento de Crecimiento est\u00e1 dise\u00f1ado para sostener la alta tasa de desarrollo muscular y \u00f3seo que comienza despu\u00e9s de la fase de inicio. Su principal objetivo es la m\u00e1xima eficiencia en la conversi\u00f3n alimenticia y el crecimiento uniforme , preparando a los animales para la fase de engorde. Los probi\u00f3ticos en esta etapa se centran en optimizar la absorci\u00f3n de nutrientes y mantener la estabilidad digestiva. \ud83d\udcaa Papel Fundamental del Probi\u00f3tico en Crecimiento &nbsp;  En la etapa de Crecimiento, los probi\u00f3ticos (como Bacillus spp. o levaduras como Saccharomyces cerevisiae ) se utilizan para \"exprimir\" la eficiencia de la dieta:   M\u00e1xima Eficiencia Digestiva: Los probi\u00f3ticos mejoran la actividad de las enzimas intestinales, lo que resulta en una mejor Conversi\u00f3n Alimenticia (CA) . El cerdo necesita menos alimento para ganar un kilogramo de peso.  Estabilidad de la Salud Intestinal: Aunque el riesgo de diarrea es menor que en el destete, los probi\u00f3ticos evitan el estr\u00e9s digestivo por cambios de dieta o agrupamiento, previniendo problemas sanitarios subcl\u00ednicos.  Refuerzo contra el Estr\u00e9s Oxidativo: Algunas cepas probi\u00f3ticas tienen acci\u00f3n antioxidante, lo cual es beneficioso para la salud general y el manejo del estr\u00e9s en animales de r\u00e1pido crecimiento.  Menor Contaminaci\u00f3n Ambiental: Al mejorar la digestibilidad y absorci\u00f3n de nutrientes como el nitr\u00f3geno, se reduce la cantidad de amon\u00edaco excretado en las heces, mejorando la calidad del aire en la granja.     &nbsp; \ud83d\udcc5 Indicaciones de uso &nbsp;   Peso Vivo: Suministrar a cerdos que ya finalizaron la etapa de inicio, tama\u00f1o de15kg a 50kg de peso vivo.  Edad: Aproximadamente desde los40 hasta los 90d\u00edas de edad.  Administraci\u00f3n: Suministrar a libre acceso (ad libitum) para permitir a los cerdos expresar su m\u00e1ximo potencial de crecimiento gen\u00e9tico, siempre con agua limpia y fresca.","og_url":"https:\/\/nutripelletsec.com\/inicio\/index.php\/producto\/nutricre\/","og_site_name":"nutripellets","article_modified_time":"2025-11-02T13:00:10+00:00","og_image":[{"width":500,"height":500,"url":"https:\/\/nutripelletsec.com\/inicio\/wp-content\/uploads\/2025\/11\/Gemini_Generated_Image_ht98hhht98hhht98-removebg-preview-1.png","type":"image\/png"}],"twitter_card":"summary_large_image","twitter_misc":{"Tiempo de lectura":"1 minuto"},"schema":{"@context":"https:\/\/schema.org","@graph":[{"@type":"WebPage","@id":"https:\/\/nutripelletsec.com\/inicio\/index.php\/producto\/nutricre\/","url":"https:\/\/nutripelletsec.com\/inicio\/index.php\/producto\/nutricre\/","name":"NUTRICRE - nutripellets","isPartOf":{"@id":"https:\/\/nutripelletsec.com\/inicio\/#website"},"primaryImageOfPage":{"@id":"https:\/\/nutripelletsec.com\/inicio\/index.php\/producto\/nutricre\/#primaryimage"},"image":{"@id":"https:\/\/nutripelletsec.com\/inicio\/index.php\/producto\/nutricre\/#primaryimage"},"thumbnailUrl":"https:\/\/nutripelletsec.com\/inicio\/wp-content\/uploads\/2025\/11\/Gemini_Generated_Image_ht98hhht98hhht98-removebg-preview-1.png","datePublished":"2025-11-02T12:54:06+00:00","dateModified":"2025-11-02T13:00:10+00:00","breadcrumb":{"@id":"https:\/\/nutripelletsec.com\/inicio\/index.php\/producto\/nutricre\/#breadcrumb"},"inLanguage":"es","potentialAction":[{"@type":"ReadAction","target":["https:\/\/nutripelletsec.com\/inicio\/index.php\/producto\/nutricre\/"]}]},{"@type":"ImageObject","inLanguage":"es","@id":"https:\/\/nutripelletsec.com\/inicio\/index.php\/producto\/nutricre\/#primaryimage","url":"https:\/\/nutripelletsec.com\/inicio\/wp-content\/uploads\/2025\/11\/Gemini_Generated_Image_ht98hhht98hhht98-removebg-preview-1.png","contentUrl":"https:\/\/nutripelletsec.com\/inicio\/wp-content\/uploads\/2025\/11\/Gemini_Generated_Image_ht98hhht98hhht98-removebg-preview-1.png","width":500,"height":500},{"@type":"BreadcrumbList","@id":"https:\/\/nutripelletsec.com\/inicio\/index.php\/producto\/nutricre\/#breadcrumb","itemListElement":[{"@type":"ListItem","position":1,"name":"Portada","item":"https:\/\/nutripelletsec.com\/inicio\/"},{"@type":"ListItem","position":2,"name":"TIENDA","item":"https:\/\/nutripelletsec.com\/inicio\/index.php\/tienda\/"},{"@type":"ListItem","position":3,"name":"NUTRICRE"}]},{"@type":"WebSite","@id":"https:\/\/nutripelletsec.com\/inicio\/#website","url":"https:\/\/nutripelletsec.com\/inicio\/","name":"nutripellets","description":"ALIMENTACION DE CALIDAD","potentialAction":[{"@type":"SearchAction","target":{"@type":"EntryPoint","urlTemplate":"https:\/\/nutripelletsec.com\/inicio\/?s={search_term_string}"},"query-input":{"@type":"PropertyValueSpecification","valueRequired":true,"valueName":"search_term_string"}}],"inLanguage":"es"}]}},"_links":{"self":[{"href":"https:\/\/nutripelletsec.com\/inicio\/index.php\/wp-json\/wp\/v2\/product\/6360","targetHints":{"allow":["GET"]}}],"collection":[{"href":"https:\/\/nutripelletsec.com\/inicio\/index.php\/wp-json\/wp\/v2\/product"}],"about":[{"href":"https:\/\/nutripelletsec.com\/inicio\/index.php\/wp-json\/wp\/v2\/types\/product"}],"replies":[{"embeddable":true,"href":"https:\/\/nutripelletsec.com\/inicio\/index.php\/wp-json\/wp\/v2\/comments?post=6360"}],"wp:featuredmedia":[{"embeddable":true,"href":"https:\/\/nutripelletsec.com\/inicio\/index.php\/wp-json\/wp\/v2\/media\/6364"}],"wp:attachment":[{"href":"https:\/\/nutripelletsec.com\/inicio\/index.php\/wp-json\/wp\/v2\/media?parent=6360"}],"wp:term":[{"taxonomy":"product_brand","embeddable":true,"href":"https:\/\/nutripelletsec.com\/inicio\/index.php\/wp-json\/wp\/v2\/product_brand?post=6360"},{"taxonomy":"product_cat","embeddable":true,"href":"https:\/\/nutripelletsec.com\/inicio\/index.php\/wp-json\/wp\/v2\/product_cat?post=6360"},{"taxonomy":"product_tag","embeddable":true,"href":"https:\/\/nutripelletsec.com\/inicio\/index.php\/wp-json\/wp\/v2\/product_tag?post=6360"}],"curies":[{"name":"wp","href":"https:\/\/api.w.org\/{rel}","templated":true}]}}