{"id":6365,"date":"2025-11-02T13:08:53","date_gmt":"2025-11-02T13:08:53","guid":{"rendered":"https:\/\/nutripelletsec.com\/inicio\/?post_type=product&#038;p=6365"},"modified":"2025-11-02T13:08:53","modified_gmt":"2025-11-02T13:08:53","slug":"nutrien","status":"publish","type":"product","link":"https:\/\/nutripelletsec.com\/inicio\/index.php\/producto\/nutrien\/","title":{"rendered":"NUTRIEN"},"content":{"rendered":"<table>\n<thead>\n<tr>\n<td><strong>Componente<\/strong><\/td>\n<td><strong>Nivel T\u00edpico (referencial)<\/strong><\/td>\n<td><strong>Prop\u00f3sito Principal<\/strong><\/td>\n<\/tr>\n<\/thead>\n<tbody>\n<tr>\n<td><b><span dir=\"auto\">Prote\u00edna Cruda (M\u00edn.)<\/span><\/b><\/td>\n<td><span class=\"math-inline\" data-math=\"14.0\\%\">$14.0\\%$<\/span><span dir=\"auto\">Alabama<\/span><span class=\"math-inline\" data-math=\"16.5\\%\">$16.5\\%$<\/span><\/td>\n<td><span dir=\"auto\">Nivel m\u00e1s bajo, pero balanceado con amino\u00e1cidos sint\u00e9ticos (Lisina) para promover la <\/span><b><span dir=\"auto\">carne magra<\/span><\/b><span dir=\"auto\"> y evitar el exceso de grasa.<\/span><\/td>\n<\/tr>\n<tr>\n<td><b><span dir=\"auto\">Grasa Cruda (M\u00edn.)<\/span><\/b><\/td>\n<td><span class=\"math-inline\" data-math=\"3.0\\%\">$3.0\\%$<\/span><span dir=\"auto\">Alabama<\/span><span class=\"math-inline\" data-math=\"6.0\\%\">$6.0\\%$<\/span><\/td>\n<td><span dir=\"auto\">Alta densidad energ\u00e9tica para soportar el aumento de peso acelerado en las \u00faltimas semanas.<\/span><\/td>\n<\/tr>\n<tr>\n<td><b><span dir=\"auto\">Fibra Cruda (M\u00e1x.)<\/span><\/b><\/td>\n<td><span class=\"math-inline\" data-math=\"5.0\\%\">$5.0\\%$<\/span><span dir=\"auto\">Alabama<\/span><span class=\"math-inline\" data-math=\"7.0\\%\">$7.0\\%$<\/span><\/td>\n<td><span dir=\"auto\">Suficiente para mantener la salud intestinal y la motilidad en cerdos grandes que consumen grandes cantidades.<\/span><\/td>\n<\/tr>\n<tr>\n<td><b><span dir=\"auto\">Cereales\/Subproductos<\/span><\/b><\/td>\n<td><span dir=\"auto\">Ma\u00edz, sorgo, pastas de soya<\/span><\/td>\n<td><span dir=\"auto\">Base de la dieta, seleccionadas por su alta energ\u00eda y bajo costo relativo.<\/span><\/td>\n<\/tr>\n<tr>\n<td><b><span dir=\"auto\">Probi\u00f3ticos<\/span><\/b><\/td>\n<td><span dir=\"auto\">Dosis garantizada de UFC<\/span><\/td>\n<td><span dir=\"auto\">Mantenimiento de la flora saludable para la m\u00e1xima <\/span><b><span dir=\"auto\">Conversi\u00f3n Alimenticia y digesti\u00f3n de la materia prima<\/span><\/b><span dir=\"auto\"> .<\/span><\/td>\n<\/tr>\n<tr>\n<td><b><span dir=\"auto\">Formato F\u00edsico<\/span><\/b><\/td>\n<td><b><span dir=\"auto\">Pellet o Harina<\/span><\/b><\/td>\n<td><span dir=\"auto\">El formato pellet es preferido para reducir el desperdicio y optimizar el consumo masivo.<\/span><\/td>\n<\/tr>\n<\/tbody>\n<\/table>\n","protected":false},"excerpt":{"rendered":"<p><span dir=\"auto\">El alimento de Engorde (o Finalizador) es la \u00faltima dieta que consume el cerdo antes de ser enviado al mercado. Su objetivo primordial es maximizar la <\/span><b><span dir=\"auto\">Conversi\u00f3n Alimenticia<\/span><\/b><span dir=\"auto\"> y optimizar la <\/span><b><span dir=\"auto\">calidad del canal<\/span><\/b><span dir=\"auto\"> , enfoc\u00e1ndose en la deposici\u00f3n de carne magra de manera eficiente. Los probi\u00f3ticos en esta fase tienen un impacto directo en la eficiencia econ\u00f3mica y la calidad del producto final.<\/span><\/p>\n<h3><span dir=\"auto\">\ud83d\udcb0 Papel Fundamental del Probi\u00f3tico en el Engorde<\/span><\/h3>\n<p>&nbsp;<\/p>\n<p><span dir=\"auto\">En esta etapa, donde el consumo de alimento es m\u00e1ximo, el probi\u00f3tico se convierte en una herramienta econ\u00f3mica y de calidad:<\/span><\/p>\n<ol start=\"1\">\n<li><b><span dir=\"auto\">M\u00e1xima Eficiencia Econ\u00f3mica (CA):<\/span><\/b>\n<ul>\n<li><span dir=\"auto\">Los cerdos en esta fase consumen la mayor cantidad de alimento. La mejora que ofrecen los probi\u00f3ticos en la <\/span><b><span dir=\"auto\">digestibilidad total de la raci\u00f3n<\/span><\/b><span dir=\"auto\"> se traduce en un ahorro sustancial al asegurar que la energ\u00eda y los nutrientes de las materias primas se absorben por completo.<\/span><\/li>\n<\/ul>\n<\/li>\n<li><b><span dir=\"auto\">Mejora de la Calidad del Canal:<\/span><\/b>\n<ul>\n<li><span dir=\"auto\">Un intestino sano y un metabolismo optimizado, apoyado por los probi\u00f3ticos, contribuye indirectamente a una mejor partici\u00f3n de nutrientes, lo que puede influir positivamente en la <\/span><b><span dir=\"auto\">relaci\u00f3n m\u00fasculo-grasa<\/span><\/b><span dir=\"auto\"> del canal.<\/span><\/li>\n<\/ul>\n<\/li>\n<li><b><span dir=\"auto\">Control de Pat\u00f3genos Subcl\u00ednicos:<\/span><\/b>\n<ul>\n<li><span dir=\"auto\">Mantiene la estabilidad de la microbiota intestinal hasta el final. Esto es vital para evitar cualquier problema digestivo que pueda requerir tratamiento y que potencialmente deje residuos no deseados cerca del momento del sacrificio.<\/span><\/li>\n<\/ul>\n<\/li>\n<li><b><span dir=\"auto\">Reducci\u00f3n de Contaminaci\u00f3n:<\/span><\/b>\n<ul>\n<li><span dir=\"auto\">Contin\u00faa el efecto de una mejor utilizaci\u00f3n del nitr\u00f3geno, disminuyendo la excreci\u00f3n de compuestos nitrogenados (amon\u00edaco) que impactan el medio ambiente de la granja y mejorando el bienestar animal.<\/span><\/li>\n<\/ul>\n<\/li>\n<\/ol>\n<hr \/>\n<p>&nbsp;<\/p>\n<h3><span dir=\"auto\">\ud83d\udcc5 Indicaciones de uso<\/span><\/h3>\n<p>&nbsp;<\/p>\n<ul>\n<li><b><span dir=\"auto\">Peso Vivo:<\/span><\/b><span dir=\"auto\"> Suministrar a cerdos desde el final de la etapa de crecimiento, tama\u00f1o de <\/span><b><span class=\"math-inline\" data-math=\"50\">50 <\/span><span dir=\"auto\">kg hasta los <\/span><span class=\"math-inline\" data-math=\"105\">105 <\/span><span dir=\"auto\">&#8211; <\/span><span class=\"math-inline\" data-math=\"120\">120 <\/span><span dir=\"auto\">kg<\/span><\/b><span dir=\"auto\"> de peso vivo (peso de sacrificio).<\/span><\/li>\n<li><b><span dir=\"auto\">Edad:<\/span><\/b><span dir=\"auto\"> sus desde los <\/span><span class=\"math-inline\" data-math=\"90\">90 <\/span><span dir=\"auto\">d\u00edas de edad hasta la salida al mercado (alrededor de los <\/span><span class=\"math-inline\" data-math=\"150\">150 <\/span><span dir=\"auto\">a <\/span><span class=\"math-inline\" data-math=\"180\">180 <\/span><span dir=\"auto\">d\u00edas).<\/span><\/li>\n<li><b><span dir=\"auto\">Administraci\u00f3n:<\/span><\/b><span dir=\"auto\"> A <\/span><b><span dir=\"auto\">libre acceso (ad libitum)<\/span><\/b><span dir=\"auto\"> , ya que el objetivo es que el cerdo gane el m\u00e1ximo peso en el menor tiempo posible.<\/span><\/li>\n<\/ul>\n","protected":false},"featured_media":6369,"comment_status":"open","ping_status":"closed","template":"","meta":[],"product_brand":[],"product_cat":[93],"product_tag":[],"class_list":{"0":"post-6365","1":"product","2":"type-product","3":"status-publish","4":"has-post-thumbnail","6":"product_cat-nutriporcino","7":"nt-post-class","8":"","17":"first","18":"instock","19":"shipping-taxable","20":"purchasable","21":"product-type-variable"},"yoast_head":"<!-- This site is optimized with the Yoast SEO plugin v27.5 - https:\/\/yoast.com\/product\/yoast-seo-wordpress\/ -->\n<title>NUTRIEN - nutripellets<\/title>\n<meta name=\"robots\" content=\"index, follow, max-snippet:-1, max-image-preview:large, max-video-preview:-1\" \/>\n<link rel=\"canonical\" href=\"https:\/\/nutripelletsec.com\/inicio\/index.php\/producto\/nutrien\/\" \/>\n<meta property=\"og:locale\" content=\"es_ES\" \/>\n<meta property=\"og:type\" content=\"article\" \/>\n<meta property=\"og:title\" content=\"NUTRIEN - nutripellets\" \/>\n<meta property=\"og:description\" content=\"El alimento de Engorde (o Finalizador) es la \u00faltima dieta que consume el cerdo antes de ser enviado al mercado. Su objetivo primordial es maximizar la Conversi\u00f3n Alimenticia y optimizar la calidad del canal , enfoc\u00e1ndose en la deposici\u00f3n de carne magra de manera eficiente. Los probi\u00f3ticos en esta fase tienen un impacto directo en la eficiencia econ\u00f3mica y la calidad del producto final. \ud83d\udcb0 Papel Fundamental del Probi\u00f3tico en el Engorde &nbsp;  En esta etapa, donde el consumo de alimento es m\u00e1ximo, el probi\u00f3tico se convierte en una herramienta econ\u00f3mica y de calidad:   M\u00e1xima Eficiencia Econ\u00f3mica (CA):   Los cerdos en esta fase consumen la mayor cantidad de alimento. La mejora que ofrecen los probi\u00f3ticos en la digestibilidad total de la raci\u00f3n se traduce en un ahorro sustancial al asegurar que la energ\u00eda y los nutrientes de las materias primas se absorben por completo.    Mejora de la Calidad del Canal:   Un intestino sano y un metabolismo optimizado, apoyado por los probi\u00f3ticos, contribuye indirectamente a una mejor partici\u00f3n de nutrientes, lo que puede influir positivamente en la relaci\u00f3n m\u00fasculo-grasa del canal.    Control de Pat\u00f3genos Subcl\u00ednicos:   Mantiene la estabilidad de la microbiota intestinal hasta el final. Esto es vital para evitar cualquier problema digestivo que pueda requerir tratamiento y que potencialmente deje residuos no deseados cerca del momento del sacrificio.    Reducci\u00f3n de Contaminaci\u00f3n:   Contin\u00faa el efecto de una mejor utilizaci\u00f3n del nitr\u00f3geno, disminuyendo la excreci\u00f3n de compuestos nitrogenados (amon\u00edaco) que impactan el medio ambiente de la granja y mejorando el bienestar animal.       &nbsp; \ud83d\udcc5 Indicaciones de uso &nbsp;   Peso Vivo: Suministrar a cerdos desde el final de la etapa de crecimiento, tama\u00f1o de 50 kg hasta los 105 - 120 kg de peso vivo (peso de sacrificio).  Edad: sus desde los 90 d\u00edas de edad hasta la salida al mercado (alrededor de los 150 a 180 d\u00edas).  Administraci\u00f3n: A libre acceso (ad libitum) , ya que el objetivo es que el cerdo gane el m\u00e1ximo peso en el menor tiempo posible.\" \/>\n<meta property=\"og:url\" content=\"https:\/\/nutripelletsec.com\/inicio\/index.php\/producto\/nutrien\/\" \/>\n<meta property=\"og:site_name\" content=\"nutripellets\" \/>\n<meta property=\"og:image\" content=\"https:\/\/nutripelletsec.com\/inicio\/wp-content\/uploads\/2025\/11\/Gemini_Generated_Image_1powte1powte1pow-removebg-preview.png\" \/>\n\t<meta property=\"og:image:width\" content=\"500\" \/>\n\t<meta property=\"og:image:height\" content=\"500\" \/>\n\t<meta property=\"og:image:type\" content=\"image\/png\" \/>\n<meta name=\"twitter:card\" content=\"summary_large_image\" \/>\n<meta name=\"twitter:label1\" content=\"Tiempo de lectura\" \/>\n\t<meta name=\"twitter:data1\" content=\"1 minuto\" \/>\n<script type=\"application\/ld+json\" class=\"yoast-schema-graph\">{\"@context\":\"https:\\\/\\\/schema.org\",\"@graph\":[{\"@type\":\"WebPage\",\"@id\":\"https:\\\/\\\/nutripelletsec.com\\\/inicio\\\/index.php\\\/producto\\\/nutrien\\\/\",\"url\":\"https:\\\/\\\/nutripelletsec.com\\\/inicio\\\/index.php\\\/producto\\\/nutrien\\\/\",\"name\":\"NUTRIEN - nutripellets\",\"isPartOf\":{\"@id\":\"https:\\\/\\\/nutripelletsec.com\\\/inicio\\\/#website\"},\"primaryImageOfPage\":{\"@id\":\"https:\\\/\\\/nutripelletsec.com\\\/inicio\\\/index.php\\\/producto\\\/nutrien\\\/#primaryimage\"},\"image\":{\"@id\":\"https:\\\/\\\/nutripelletsec.com\\\/inicio\\\/index.php\\\/producto\\\/nutrien\\\/#primaryimage\"},\"thumbnailUrl\":\"https:\\\/\\\/nutripelletsec.com\\\/inicio\\\/wp-content\\\/uploads\\\/2025\\\/11\\\/Gemini_Generated_Image_1powte1powte1pow-removebg-preview.png\",\"datePublished\":\"2025-11-02T13:08:53+00:00\",\"breadcrumb\":{\"@id\":\"https:\\\/\\\/nutripelletsec.com\\\/inicio\\\/index.php\\\/producto\\\/nutrien\\\/#breadcrumb\"},\"inLanguage\":\"es\",\"potentialAction\":[{\"@type\":\"ReadAction\",\"target\":[\"https:\\\/\\\/nutripelletsec.com\\\/inicio\\\/index.php\\\/producto\\\/nutrien\\\/\"]}]},{\"@type\":\"ImageObject\",\"inLanguage\":\"es\",\"@id\":\"https:\\\/\\\/nutripelletsec.com\\\/inicio\\\/index.php\\\/producto\\\/nutrien\\\/#primaryimage\",\"url\":\"https:\\\/\\\/nutripelletsec.com\\\/inicio\\\/wp-content\\\/uploads\\\/2025\\\/11\\\/Gemini_Generated_Image_1powte1powte1pow-removebg-preview.png\",\"contentUrl\":\"https:\\\/\\\/nutripelletsec.com\\\/inicio\\\/wp-content\\\/uploads\\\/2025\\\/11\\\/Gemini_Generated_Image_1powte1powte1pow-removebg-preview.png\",\"width\":500,\"height\":500},{\"@type\":\"BreadcrumbList\",\"@id\":\"https:\\\/\\\/nutripelletsec.com\\\/inicio\\\/index.php\\\/producto\\\/nutrien\\\/#breadcrumb\",\"itemListElement\":[{\"@type\":\"ListItem\",\"position\":1,\"name\":\"Portada\",\"item\":\"https:\\\/\\\/nutripelletsec.com\\\/inicio\\\/\"},{\"@type\":\"ListItem\",\"position\":2,\"name\":\"TIENDA\",\"item\":\"https:\\\/\\\/nutripelletsec.com\\\/inicio\\\/index.php\\\/tienda\\\/\"},{\"@type\":\"ListItem\",\"position\":3,\"name\":\"NUTRIEN\"}]},{\"@type\":\"WebSite\",\"@id\":\"https:\\\/\\\/nutripelletsec.com\\\/inicio\\\/#website\",\"url\":\"https:\\\/\\\/nutripelletsec.com\\\/inicio\\\/\",\"name\":\"nutripellets\",\"description\":\"ALIMENTACION DE CALIDAD\",\"potentialAction\":[{\"@type\":\"SearchAction\",\"target\":{\"@type\":\"EntryPoint\",\"urlTemplate\":\"https:\\\/\\\/nutripelletsec.com\\\/inicio\\\/?s={search_term_string}\"},\"query-input\":{\"@type\":\"PropertyValueSpecification\",\"valueRequired\":true,\"valueName\":\"search_term_string\"}}],\"inLanguage\":\"es\"}]}<\/script>\n<!-- \/ Yoast SEO plugin. -->","yoast_head_json":{"title":"NUTRIEN - nutripellets","robots":{"index":"index","follow":"follow","max-snippet":"max-snippet:-1","max-image-preview":"max-image-preview:large","max-video-preview":"max-video-preview:-1"},"canonical":"https:\/\/nutripelletsec.com\/inicio\/index.php\/producto\/nutrien\/","og_locale":"es_ES","og_type":"article","og_title":"NUTRIEN - nutripellets","og_description":"El alimento de Engorde (o Finalizador) es la \u00faltima dieta que consume el cerdo antes de ser enviado al mercado. Su objetivo primordial es maximizar la Conversi\u00f3n Alimenticia y optimizar la calidad del canal , enfoc\u00e1ndose en la deposici\u00f3n de carne magra de manera eficiente. Los probi\u00f3ticos en esta fase tienen un impacto directo en la eficiencia econ\u00f3mica y la calidad del producto final. \ud83d\udcb0 Papel Fundamental del Probi\u00f3tico en el Engorde &nbsp;  En esta etapa, donde el consumo de alimento es m\u00e1ximo, el probi\u00f3tico se convierte en una herramienta econ\u00f3mica y de calidad:   M\u00e1xima Eficiencia Econ\u00f3mica (CA):   Los cerdos en esta fase consumen la mayor cantidad de alimento. La mejora que ofrecen los probi\u00f3ticos en la digestibilidad total de la raci\u00f3n se traduce en un ahorro sustancial al asegurar que la energ\u00eda y los nutrientes de las materias primas se absorben por completo.    Mejora de la Calidad del Canal:   Un intestino sano y un metabolismo optimizado, apoyado por los probi\u00f3ticos, contribuye indirectamente a una mejor partici\u00f3n de nutrientes, lo que puede influir positivamente en la relaci\u00f3n m\u00fasculo-grasa del canal.    Control de Pat\u00f3genos Subcl\u00ednicos:   Mantiene la estabilidad de la microbiota intestinal hasta el final. Esto es vital para evitar cualquier problema digestivo que pueda requerir tratamiento y que potencialmente deje residuos no deseados cerca del momento del sacrificio.    Reducci\u00f3n de Contaminaci\u00f3n:   Contin\u00faa el efecto de una mejor utilizaci\u00f3n del nitr\u00f3geno, disminuyendo la excreci\u00f3n de compuestos nitrogenados (amon\u00edaco) que impactan el medio ambiente de la granja y mejorando el bienestar animal.       &nbsp; \ud83d\udcc5 Indicaciones de uso &nbsp;   Peso Vivo: Suministrar a cerdos desde el final de la etapa de crecimiento, tama\u00f1o de 50 kg hasta los 105 - 120 kg de peso vivo (peso de sacrificio).  Edad: sus desde los 90 d\u00edas de edad hasta la salida al mercado (alrededor de los 150 a 180 d\u00edas).  Administraci\u00f3n: A libre acceso (ad libitum) , ya que el objetivo es que el cerdo gane el m\u00e1ximo peso en el menor tiempo posible.","og_url":"https:\/\/nutripelletsec.com\/inicio\/index.php\/producto\/nutrien\/","og_site_name":"nutripellets","og_image":[{"width":500,"height":500,"url":"https:\/\/nutripelletsec.com\/inicio\/wp-content\/uploads\/2025\/11\/Gemini_Generated_Image_1powte1powte1pow-removebg-preview.png","type":"image\/png"}],"twitter_card":"summary_large_image","twitter_misc":{"Tiempo de lectura":"1 minuto"},"schema":{"@context":"https:\/\/schema.org","@graph":[{"@type":"WebPage","@id":"https:\/\/nutripelletsec.com\/inicio\/index.php\/producto\/nutrien\/","url":"https:\/\/nutripelletsec.com\/inicio\/index.php\/producto\/nutrien\/","name":"NUTRIEN - nutripellets","isPartOf":{"@id":"https:\/\/nutripelletsec.com\/inicio\/#website"},"primaryImageOfPage":{"@id":"https:\/\/nutripelletsec.com\/inicio\/index.php\/producto\/nutrien\/#primaryimage"},"image":{"@id":"https:\/\/nutripelletsec.com\/inicio\/index.php\/producto\/nutrien\/#primaryimage"},"thumbnailUrl":"https:\/\/nutripelletsec.com\/inicio\/wp-content\/uploads\/2025\/11\/Gemini_Generated_Image_1powte1powte1pow-removebg-preview.png","datePublished":"2025-11-02T13:08:53+00:00","breadcrumb":{"@id":"https:\/\/nutripelletsec.com\/inicio\/index.php\/producto\/nutrien\/#breadcrumb"},"inLanguage":"es","potentialAction":[{"@type":"ReadAction","target":["https:\/\/nutripelletsec.com\/inicio\/index.php\/producto\/nutrien\/"]}]},{"@type":"ImageObject","inLanguage":"es","@id":"https:\/\/nutripelletsec.com\/inicio\/index.php\/producto\/nutrien\/#primaryimage","url":"https:\/\/nutripelletsec.com\/inicio\/wp-content\/uploads\/2025\/11\/Gemini_Generated_Image_1powte1powte1pow-removebg-preview.png","contentUrl":"https:\/\/nutripelletsec.com\/inicio\/wp-content\/uploads\/2025\/11\/Gemini_Generated_Image_1powte1powte1pow-removebg-preview.png","width":500,"height":500},{"@type":"BreadcrumbList","@id":"https:\/\/nutripelletsec.com\/inicio\/index.php\/producto\/nutrien\/#breadcrumb","itemListElement":[{"@type":"ListItem","position":1,"name":"Portada","item":"https:\/\/nutripelletsec.com\/inicio\/"},{"@type":"ListItem","position":2,"name":"TIENDA","item":"https:\/\/nutripelletsec.com\/inicio\/index.php\/tienda\/"},{"@type":"ListItem","position":3,"name":"NUTRIEN"}]},{"@type":"WebSite","@id":"https:\/\/nutripelletsec.com\/inicio\/#website","url":"https:\/\/nutripelletsec.com\/inicio\/","name":"nutripellets","description":"ALIMENTACION DE CALIDAD","potentialAction":[{"@type":"SearchAction","target":{"@type":"EntryPoint","urlTemplate":"https:\/\/nutripelletsec.com\/inicio\/?s={search_term_string}"},"query-input":{"@type":"PropertyValueSpecification","valueRequired":true,"valueName":"search_term_string"}}],"inLanguage":"es"}]}},"_links":{"self":[{"href":"https:\/\/nutripelletsec.com\/inicio\/index.php\/wp-json\/wp\/v2\/product\/6365","targetHints":{"allow":["GET"]}}],"collection":[{"href":"https:\/\/nutripelletsec.com\/inicio\/index.php\/wp-json\/wp\/v2\/product"}],"about":[{"href":"https:\/\/nutripelletsec.com\/inicio\/index.php\/wp-json\/wp\/v2\/types\/product"}],"replies":[{"embeddable":true,"href":"https:\/\/nutripelletsec.com\/inicio\/index.php\/wp-json\/wp\/v2\/comments?post=6365"}],"wp:featuredmedia":[{"embeddable":true,"href":"https:\/\/nutripelletsec.com\/inicio\/index.php\/wp-json\/wp\/v2\/media\/6369"}],"wp:attachment":[{"href":"https:\/\/nutripelletsec.com\/inicio\/index.php\/wp-json\/wp\/v2\/media?parent=6365"}],"wp:term":[{"taxonomy":"product_brand","embeddable":true,"href":"https:\/\/nutripelletsec.com\/inicio\/index.php\/wp-json\/wp\/v2\/product_brand?post=6365"},{"taxonomy":"product_cat","embeddable":true,"href":"https:\/\/nutripelletsec.com\/inicio\/index.php\/wp-json\/wp\/v2\/product_cat?post=6365"},{"taxonomy":"product_tag","embeddable":true,"href":"https:\/\/nutripelletsec.com\/inicio\/index.php\/wp-json\/wp\/v2\/product_tag?post=6365"}],"curies":[{"name":"wp","href":"https:\/\/api.w.org\/{rel}","templated":true}]}}