{"id":6393,"date":"2026-02-04T16:27:40","date_gmt":"2026-02-04T16:27:40","guid":{"rendered":"https:\/\/nutripelletsec.com\/inicio\/?post_type=product&#038;p=6393"},"modified":"2026-02-04T16:28:18","modified_gmt":"2026-02-04T16:28:18","slug":"nutrihoiria-ali_artes-500gr","status":"publish","type":"product","link":"https:\/\/nutripelletsec.com\/inicio\/index.php\/producto\/nutrihoiria-ali_artes-500gr\/","title":{"rendered":"Nutrihoiria  Ali_artes 500gr"},"content":{"rendered":"","protected":false},"excerpt":{"rendered":"<h2 data-start=\"136\" data-end=\"219\">\ud83d\udc30 <strong data-start=\"142\" data-end=\"219\">NUTRIHORIA Ali-artes \u2013 Alimento natural en pellets para peque\u00f1as mascotas<\/strong><\/h2>\n<p data-start=\"221\" data-end=\"443\"><strong data-start=\"221\" data-end=\"245\">Nutrihoria Ali-artes<\/strong> es un alimento 100% natural en forma de pellets, formulado especialmente para cubrir las necesidades nutricionales de <strong data-start=\"364\" data-end=\"442\">conejos, cuyes, h\u00e1msters, chinchillas y otras peque\u00f1as mascotas herb\u00edvoras<\/strong>.<\/p>\n<p data-start=\"445\" data-end=\"665\">Elaborado a partir de <strong data-start=\"467\" data-end=\"507\">ingredientes vegetales seleccionados<\/strong>, este alimento aporta fibra esencial, nutrientes naturales y una excelente palatabilidad que favorece la salud digestiva y el bienestar diario de tu mascota.<\/p>\n<p data-start=\"667\" data-end=\"824\">Su presentaci\u00f3n en pellets garantiza:<br \/>\n\u2714 Menor desperdicio<br data-start=\"724\" data-end=\"727\" \/>\u2714 F\u00e1cil consumo<br data-start=\"742\" data-end=\"745\" \/>\u2714 Mejor conservaci\u00f3n del alimento<br data-start=\"778\" data-end=\"781\" \/>\u2714 Alimentaci\u00f3n balanceada en cada porci\u00f3n<\/p>\n<h3 data-start=\"831\" data-end=\"864\">\ud83c\udf3f <strong data-start=\"838\" data-end=\"864\">Beneficios principales<\/strong><\/h3>\n<ul data-start=\"866\" data-end=\"1142\">\n<li data-start=\"866\" data-end=\"929\">\n<p data-start=\"868\" data-end=\"929\">Alto contenido de <strong data-start=\"886\" data-end=\"903\">fibra natural<\/strong> que favorece la digesti\u00f3n<\/p>\n<\/li>\n<li data-start=\"930\" data-end=\"972\">\n<p data-start=\"932\" data-end=\"972\">Ingredientes vegetales de origen natural<\/p>\n<\/li>\n<li data-start=\"973\" data-end=\"1004\">\n<p data-start=\"975\" data-end=\"1004\">Mejora el tr\u00e1nsito intestinal<\/p>\n<\/li>\n<li data-start=\"1005\" data-end=\"1044\">\n<p data-start=\"1007\" data-end=\"1044\">Ideal para el desgaste dental natural<\/p>\n<\/li>\n<li data-start=\"1045\" data-end=\"1088\">\n<p data-start=\"1047\" data-end=\"1088\">Aroma y sabor atractivo para las mascotas<\/p>\n<\/li>\n<li data-start=\"1089\" data-end=\"1142\">\n<p data-start=\"1091\" data-end=\"1142\">Reduce el desperdicio comparado con mezclas sueltas<\/p>\n<\/li>\n<\/ul>\n<h3 data-start=\"1149\" data-end=\"1171\">\ud83d\udc39 <strong data-start=\"1156\" data-end=\"1171\">Ideal para:<\/strong><\/h3>\n<ul data-start=\"1173\" data-end=\"1252\">\n<li data-start=\"1173\" data-end=\"1182\">\n<p data-start=\"1175\" data-end=\"1182\">Conejos<\/p>\n<\/li>\n<li data-start=\"1183\" data-end=\"1190\">\n<p data-start=\"1185\" data-end=\"1190\">Cuyes<\/p>\n<\/li>\n<li data-start=\"1191\" data-end=\"1201\">\n<p data-start=\"1193\" data-end=\"1201\">H\u00e1msters<\/p>\n<\/li>\n<li data-start=\"1202\" data-end=\"1215\">\n<p data-start=\"1204\" data-end=\"1215\">Chinchillas<\/p>\n<\/li>\n<li data-start=\"1216\" data-end=\"1252\">\n<p data-start=\"1218\" data-end=\"1252\">Otras peque\u00f1as mascotas herb\u00edvoras<\/p>\n<\/li>\n<\/ul>\n<hr data-start=\"1254\" data-end=\"1257\" \/>\n<h3 data-start=\"1259\" data-end=\"1282\">\ud83d\udce6 <strong data-start=\"1266\" data-end=\"1282\">Presentaci\u00f3n<\/strong><\/h3>\n<ul data-start=\"1284\" data-end=\"1373\">\n<li data-start=\"1284\" data-end=\"1306\">\n<p data-start=\"1286\" data-end=\"1306\">Peso neto: <strong data-start=\"1297\" data-end=\"1306\">500 g<\/strong><\/p>\n<\/li>\n<li data-start=\"1307\" data-end=\"1335\">\n<p data-start=\"1309\" data-end=\"1335\">Formato: Pellets prensados<\/p>\n<\/li>\n<li data-start=\"1336\" data-end=\"1373\">\n<p data-start=\"1338\" data-end=\"1373\">F\u00e1cil almacenamiento y conservaci\u00f3n<\/p>\n<\/li>\n<\/ul>\n<h3 data-start=\"1380\" data-end=\"1411\">\ud83e\udd55 <strong data-start=\"1387\" data-end=\"1411\">Recomendaci\u00f3n de uso<\/strong><\/h3>\n<p data-start=\"1413\" data-end=\"1565\">Colocar la raci\u00f3n diaria en el comedero limpio y seco. Complementar siempre con agua fresca y forraje\/heno para una alimentaci\u00f3n completa y equilibrada.<\/p>\n","protected":false},"featured_media":6394,"comment_status":"open","ping_status":"closed","template":"","meta":[],"product_brand":[95],"product_cat":[70],"product_tag":[],"class_list":{"0":"post-6393","1":"product","2":"type-product","3":"status-publish","4":"has-post-thumbnail","6":"product_brand-ali_artes","7":"product_cat-ntg","8":"nt-post-class","9":"","18":"first","19":"instock","20":"shipping-taxable","21":"purchasable","22":"product-type-variable"},"yoast_head":"<!-- This site is optimized with the Yoast SEO plugin v27.5 - https:\/\/yoast.com\/product\/yoast-seo-wordpress\/ -->\n<title>Nutrihoiria Ali_artes 500gr - nutripellets<\/title>\n<meta name=\"robots\" content=\"index, follow, max-snippet:-1, max-image-preview:large, max-video-preview:-1\" \/>\n<link rel=\"canonical\" href=\"https:\/\/nutripelletsec.com\/inicio\/index.php\/producto\/nutrihoiria-ali_artes-500gr\/\" \/>\n<meta property=\"og:locale\" content=\"es_ES\" \/>\n<meta property=\"og:type\" content=\"article\" \/>\n<meta property=\"og:title\" content=\"Nutrihoiria Ali_artes 500gr - nutripellets\" \/>\n<meta property=\"og:description\" content=\"\ud83d\udc30 NUTRIHORIA Ali-artes \u2013 Alimento natural en pellets para peque\u00f1as mascotas Nutrihoria Ali-artes es un alimento 100% natural en forma de pellets, formulado especialmente para cubrir las necesidades nutricionales de conejos, cuyes, h\u00e1msters, chinchillas y otras peque\u00f1as mascotas herb\u00edvoras. Elaborado a partir de ingredientes vegetales seleccionados, este alimento aporta fibra esencial, nutrientes naturales y una excelente palatabilidad que favorece la salud digestiva y el bienestar diario de tu mascota. Su presentaci\u00f3n en pellets garantiza: \u2714 Menor desperdicio\u2714 F\u00e1cil consumo\u2714 Mejor conservaci\u00f3n del alimento\u2714 Alimentaci\u00f3n balanceada en cada porci\u00f3n  \ud83c\udf3f Beneficios principales    Alto contenido de fibra natural que favorece la digesti\u00f3n    Ingredientes vegetales de origen natural    Mejora el tr\u00e1nsito intestinal    Ideal para el desgaste dental natural    Aroma y sabor atractivo para las mascotas    Reduce el desperdicio comparado con mezclas sueltas   \ud83d\udc39 Ideal para:    Conejos    Cuyes    H\u00e1msters    Chinchillas    Otras peque\u00f1as mascotas herb\u00edvoras      \ud83d\udce6 Presentaci\u00f3n    Peso neto: 500 g    Formato: Pellets prensados    F\u00e1cil almacenamiento y conservaci\u00f3n   \ud83e\udd55 Recomendaci\u00f3n de uso Colocar la raci\u00f3n diaria en el comedero limpio y seco. Complementar siempre con agua fresca y forraje\/heno para una alimentaci\u00f3n completa y equilibrada.\" \/>\n<meta property=\"og:url\" content=\"https:\/\/nutripelletsec.com\/inicio\/index.php\/producto\/nutrihoiria-ali_artes-500gr\/\" \/>\n<meta property=\"og:site_name\" content=\"nutripellets\" \/>\n<meta property=\"article:modified_time\" content=\"2026-02-04T16:28:18+00:00\" \/>\n<meta property=\"og:image\" content=\"https:\/\/nutripelletsec.com\/inicio\/wp-content\/uploads\/2026\/02\/WhatsApp-Image-2026-01-29-at-17.53.43-3.jpeg\" \/>\n\t<meta property=\"og:image:width\" content=\"853\" \/>\n\t<meta property=\"og:image:height\" content=\"1280\" \/>\n\t<meta property=\"og:image:type\" content=\"image\/jpeg\" \/>\n<meta name=\"twitter:card\" content=\"summary_large_image\" \/>\n<meta name=\"twitter:label1\" content=\"Tiempo de lectura\" \/>\n\t<meta name=\"twitter:data1\" content=\"1 minuto\" \/>\n<script type=\"application\/ld+json\" class=\"yoast-schema-graph\">{\"@context\":\"https:\\\/\\\/schema.org\",\"@graph\":[{\"@type\":\"WebPage\",\"@id\":\"https:\\\/\\\/nutripelletsec.com\\\/inicio\\\/index.php\\\/producto\\\/nutrihoiria-ali_artes-500gr\\\/\",\"url\":\"https:\\\/\\\/nutripelletsec.com\\\/inicio\\\/index.php\\\/producto\\\/nutrihoiria-ali_artes-500gr\\\/\",\"name\":\"Nutrihoiria Ali_artes 500gr - nutripellets\",\"isPartOf\":{\"@id\":\"https:\\\/\\\/nutripelletsec.com\\\/inicio\\\/#website\"},\"primaryImageOfPage\":{\"@id\":\"https:\\\/\\\/nutripelletsec.com\\\/inicio\\\/index.php\\\/producto\\\/nutrihoiria-ali_artes-500gr\\\/#primaryimage\"},\"image\":{\"@id\":\"https:\\\/\\\/nutripelletsec.com\\\/inicio\\\/index.php\\\/producto\\\/nutrihoiria-ali_artes-500gr\\\/#primaryimage\"},\"thumbnailUrl\":\"https:\\\/\\\/nutripelletsec.com\\\/inicio\\\/wp-content\\\/uploads\\\/2026\\\/02\\\/WhatsApp-Image-2026-01-29-at-17.53.43-3.jpeg\",\"datePublished\":\"2026-02-04T16:27:40+00:00\",\"dateModified\":\"2026-02-04T16:28:18+00:00\",\"breadcrumb\":{\"@id\":\"https:\\\/\\\/nutripelletsec.com\\\/inicio\\\/index.php\\\/producto\\\/nutrihoiria-ali_artes-500gr\\\/#breadcrumb\"},\"inLanguage\":\"es\",\"potentialAction\":[{\"@type\":\"ReadAction\",\"target\":[\"https:\\\/\\\/nutripelletsec.com\\\/inicio\\\/index.php\\\/producto\\\/nutrihoiria-ali_artes-500gr\\\/\"]}]},{\"@type\":\"ImageObject\",\"inLanguage\":\"es\",\"@id\":\"https:\\\/\\\/nutripelletsec.com\\\/inicio\\\/index.php\\\/producto\\\/nutrihoiria-ali_artes-500gr\\\/#primaryimage\",\"url\":\"https:\\\/\\\/nutripelletsec.com\\\/inicio\\\/wp-content\\\/uploads\\\/2026\\\/02\\\/WhatsApp-Image-2026-01-29-at-17.53.43-3.jpeg\",\"contentUrl\":\"https:\\\/\\\/nutripelletsec.com\\\/inicio\\\/wp-content\\\/uploads\\\/2026\\\/02\\\/WhatsApp-Image-2026-01-29-at-17.53.43-3.jpeg\",\"width\":853,\"height\":1280},{\"@type\":\"BreadcrumbList\",\"@id\":\"https:\\\/\\\/nutripelletsec.com\\\/inicio\\\/index.php\\\/producto\\\/nutrihoiria-ali_artes-500gr\\\/#breadcrumb\",\"itemListElement\":[{\"@type\":\"ListItem\",\"position\":1,\"name\":\"Portada\",\"item\":\"https:\\\/\\\/nutripelletsec.com\\\/inicio\\\/\"},{\"@type\":\"ListItem\",\"position\":2,\"name\":\"TIENDA\",\"item\":\"https:\\\/\\\/nutripelletsec.com\\\/inicio\\\/index.php\\\/tienda\\\/\"},{\"@type\":\"ListItem\",\"position\":3,\"name\":\"Nutrihoiria Ali_artes 500gr\"}]},{\"@type\":\"WebSite\",\"@id\":\"https:\\\/\\\/nutripelletsec.com\\\/inicio\\\/#website\",\"url\":\"https:\\\/\\\/nutripelletsec.com\\\/inicio\\\/\",\"name\":\"nutripellets\",\"description\":\"ALIMENTACION DE CALIDAD\",\"potentialAction\":[{\"@type\":\"SearchAction\",\"target\":{\"@type\":\"EntryPoint\",\"urlTemplate\":\"https:\\\/\\\/nutripelletsec.com\\\/inicio\\\/?s={search_term_string}\"},\"query-input\":{\"@type\":\"PropertyValueSpecification\",\"valueRequired\":true,\"valueName\":\"search_term_string\"}}],\"inLanguage\":\"es\"}]}<\/script>\n<!-- \/ Yoast SEO plugin. -->","yoast_head_json":{"title":"Nutrihoiria Ali_artes 500gr - nutripellets","robots":{"index":"index","follow":"follow","max-snippet":"max-snippet:-1","max-image-preview":"max-image-preview:large","max-video-preview":"max-video-preview:-1"},"canonical":"https:\/\/nutripelletsec.com\/inicio\/index.php\/producto\/nutrihoiria-ali_artes-500gr\/","og_locale":"es_ES","og_type":"article","og_title":"Nutrihoiria Ali_artes 500gr - nutripellets","og_description":"\ud83d\udc30 NUTRIHORIA Ali-artes \u2013 Alimento natural en pellets para peque\u00f1as mascotas Nutrihoria Ali-artes es un alimento 100% natural en forma de pellets, formulado especialmente para cubrir las necesidades nutricionales de conejos, cuyes, h\u00e1msters, chinchillas y otras peque\u00f1as mascotas herb\u00edvoras. Elaborado a partir de ingredientes vegetales seleccionados, este alimento aporta fibra esencial, nutrientes naturales y una excelente palatabilidad que favorece la salud digestiva y el bienestar diario de tu mascota. Su presentaci\u00f3n en pellets garantiza: \u2714 Menor desperdicio\u2714 F\u00e1cil consumo\u2714 Mejor conservaci\u00f3n del alimento\u2714 Alimentaci\u00f3n balanceada en cada porci\u00f3n  \ud83c\udf3f Beneficios principales    Alto contenido de fibra natural que favorece la digesti\u00f3n    Ingredientes vegetales de origen natural    Mejora el tr\u00e1nsito intestinal    Ideal para el desgaste dental natural    Aroma y sabor atractivo para las mascotas    Reduce el desperdicio comparado con mezclas sueltas   \ud83d\udc39 Ideal para:    Conejos    Cuyes    H\u00e1msters    Chinchillas    Otras peque\u00f1as mascotas herb\u00edvoras      \ud83d\udce6 Presentaci\u00f3n    Peso neto: 500 g    Formato: Pellets prensados    F\u00e1cil almacenamiento y conservaci\u00f3n   \ud83e\udd55 Recomendaci\u00f3n de uso Colocar la raci\u00f3n diaria en el comedero limpio y seco. Complementar siempre con agua fresca y forraje\/heno para una alimentaci\u00f3n completa y equilibrada.","og_url":"https:\/\/nutripelletsec.com\/inicio\/index.php\/producto\/nutrihoiria-ali_artes-500gr\/","og_site_name":"nutripellets","article_modified_time":"2026-02-04T16:28:18+00:00","og_image":[{"width":853,"height":1280,"url":"https:\/\/nutripelletsec.com\/inicio\/wp-content\/uploads\/2026\/02\/WhatsApp-Image-2026-01-29-at-17.53.43-3.jpeg","type":"image\/jpeg"}],"twitter_card":"summary_large_image","twitter_misc":{"Tiempo de lectura":"1 minuto"},"schema":{"@context":"https:\/\/schema.org","@graph":[{"@type":"WebPage","@id":"https:\/\/nutripelletsec.com\/inicio\/index.php\/producto\/nutrihoiria-ali_artes-500gr\/","url":"https:\/\/nutripelletsec.com\/inicio\/index.php\/producto\/nutrihoiria-ali_artes-500gr\/","name":"Nutrihoiria Ali_artes 500gr - nutripellets","isPartOf":{"@id":"https:\/\/nutripelletsec.com\/inicio\/#website"},"primaryImageOfPage":{"@id":"https:\/\/nutripelletsec.com\/inicio\/index.php\/producto\/nutrihoiria-ali_artes-500gr\/#primaryimage"},"image":{"@id":"https:\/\/nutripelletsec.com\/inicio\/index.php\/producto\/nutrihoiria-ali_artes-500gr\/#primaryimage"},"thumbnailUrl":"https:\/\/nutripelletsec.com\/inicio\/wp-content\/uploads\/2026\/02\/WhatsApp-Image-2026-01-29-at-17.53.43-3.jpeg","datePublished":"2026-02-04T16:27:40+00:00","dateModified":"2026-02-04T16:28:18+00:00","breadcrumb":{"@id":"https:\/\/nutripelletsec.com\/inicio\/index.php\/producto\/nutrihoiria-ali_artes-500gr\/#breadcrumb"},"inLanguage":"es","potentialAction":[{"@type":"ReadAction","target":["https:\/\/nutripelletsec.com\/inicio\/index.php\/producto\/nutrihoiria-ali_artes-500gr\/"]}]},{"@type":"ImageObject","inLanguage":"es","@id":"https:\/\/nutripelletsec.com\/inicio\/index.php\/producto\/nutrihoiria-ali_artes-500gr\/#primaryimage","url":"https:\/\/nutripelletsec.com\/inicio\/wp-content\/uploads\/2026\/02\/WhatsApp-Image-2026-01-29-at-17.53.43-3.jpeg","contentUrl":"https:\/\/nutripelletsec.com\/inicio\/wp-content\/uploads\/2026\/02\/WhatsApp-Image-2026-01-29-at-17.53.43-3.jpeg","width":853,"height":1280},{"@type":"BreadcrumbList","@id":"https:\/\/nutripelletsec.com\/inicio\/index.php\/producto\/nutrihoiria-ali_artes-500gr\/#breadcrumb","itemListElement":[{"@type":"ListItem","position":1,"name":"Portada","item":"https:\/\/nutripelletsec.com\/inicio\/"},{"@type":"ListItem","position":2,"name":"TIENDA","item":"https:\/\/nutripelletsec.com\/inicio\/index.php\/tienda\/"},{"@type":"ListItem","position":3,"name":"Nutrihoiria Ali_artes 500gr"}]},{"@type":"WebSite","@id":"https:\/\/nutripelletsec.com\/inicio\/#website","url":"https:\/\/nutripelletsec.com\/inicio\/","name":"nutripellets","description":"ALIMENTACION DE CALIDAD","potentialAction":[{"@type":"SearchAction","target":{"@type":"EntryPoint","urlTemplate":"https:\/\/nutripelletsec.com\/inicio\/?s={search_term_string}"},"query-input":{"@type":"PropertyValueSpecification","valueRequired":true,"valueName":"search_term_string"}}],"inLanguage":"es"}]}},"_links":{"self":[{"href":"https:\/\/nutripelletsec.com\/inicio\/index.php\/wp-json\/wp\/v2\/product\/6393","targetHints":{"allow":["GET"]}}],"collection":[{"href":"https:\/\/nutripelletsec.com\/inicio\/index.php\/wp-json\/wp\/v2\/product"}],"about":[{"href":"https:\/\/nutripelletsec.com\/inicio\/index.php\/wp-json\/wp\/v2\/types\/product"}],"replies":[{"embeddable":true,"href":"https:\/\/nutripelletsec.com\/inicio\/index.php\/wp-json\/wp\/v2\/comments?post=6393"}],"wp:featuredmedia":[{"embeddable":true,"href":"https:\/\/nutripelletsec.com\/inicio\/index.php\/wp-json\/wp\/v2\/media\/6394"}],"wp:attachment":[{"href":"https:\/\/nutripelletsec.com\/inicio\/index.php\/wp-json\/wp\/v2\/media?parent=6393"}],"wp:term":[{"taxonomy":"product_brand","embeddable":true,"href":"https:\/\/nutripelletsec.com\/inicio\/index.php\/wp-json\/wp\/v2\/product_brand?post=6393"},{"taxonomy":"product_cat","embeddable":true,"href":"https:\/\/nutripelletsec.com\/inicio\/index.php\/wp-json\/wp\/v2\/product_cat?post=6393"},{"taxonomy":"product_tag","embeddable":true,"href":"https:\/\/nutripelletsec.com\/inicio\/index.php\/wp-json\/wp\/v2\/product_tag?post=6393"}],"curies":[{"name":"wp","href":"https:\/\/api.w.org\/{rel}","templated":true}]}}