{"id":6396,"date":"2026-02-04T16:33:33","date_gmt":"2026-02-04T16:33:33","guid":{"rendered":"https:\/\/nutripelletsec.com\/inicio\/?post_type=product&#038;p=6396"},"modified":"2026-02-04T16:36:56","modified_gmt":"2026-02-04T16:36:56","slug":"nutrilacha-ali-artes","status":"publish","type":"product","link":"https:\/\/nutripelletsec.com\/inicio\/index.php\/producto\/nutrilacha-ali-artes\/","title":{"rendered":"NUTRILACHA Ali-artes"},"content":{"rendered":"<hr data-start=\"1015\" data-end=\"1018\" \/>\n<h3 data-start=\"1020\" data-end=\"1042\">\ud83d\udc39 <strong data-start=\"1027\" data-end=\"1042\">Ideal para:<\/strong><\/h3>\n<ul data-start=\"1044\" data-end=\"1123\">\n<li data-start=\"1044\" data-end=\"1053\">\n<p data-start=\"1046\" data-end=\"1053\">Conejos<\/p>\n<\/li>\n<li data-start=\"1054\" data-end=\"1061\">\n<p data-start=\"1056\" data-end=\"1061\">Cuyes<\/p>\n<\/li>\n<li data-start=\"1062\" data-end=\"1072\">\n<p data-start=\"1064\" data-end=\"1072\">H\u00e1msters<\/p>\n<\/li>\n<li data-start=\"1073\" data-end=\"1086\">\n<p data-start=\"1075\" data-end=\"1086\">Chinchillas<\/p>\n<\/li>\n<li data-start=\"1087\" data-end=\"1123\">\n<p data-start=\"1089\" data-end=\"1123\">Otras peque\u00f1as mascotas herb\u00edvoras<\/p>\n<\/li>\n<\/ul>\n<hr data-start=\"1125\" data-end=\"1128\" \/>\n<h3 data-start=\"1130\" data-end=\"1153\">\ud83d\udce6 <strong data-start=\"1137\" data-end=\"1153\">Presentaci\u00f3n<\/strong><\/h3>\n<ul data-start=\"1155\" data-end=\"1224\">\n<li data-start=\"1155\" data-end=\"1177\">\n<p data-start=\"1157\" data-end=\"1177\">Peso neto: <strong data-start=\"1168\" data-end=\"1177\">500 g<\/strong><\/p>\n<\/li>\n<li data-start=\"1178\" data-end=\"1224\">\n<p data-start=\"1180\" data-end=\"1224\">Formato: Pellets prensados de origen vegetal<\/p>\n<\/li>\n<\/ul>\n<hr data-start=\"1226\" data-end=\"1229\" \/>\n<h3 data-start=\"1231\" data-end=\"1262\">\ud83e\udd55 <strong data-start=\"1238\" data-end=\"1262\">Recomendaci\u00f3n de uso<\/strong><\/h3>\n<p data-start=\"1264\" data-end=\"1430\">Servir la raci\u00f3n diaria en un comedero limpio y seco. Mantener siempre agua fresca disponible y complementar con heno o forraje para una dieta completa y equilibrada.<\/p>\n","protected":false},"excerpt":{"rendered":"<h2 data-start=\"116\" data-end=\"213\">\ud83d\udc30 <strong data-start=\"122\" data-end=\"213\">NUTRILACHA Ali-artes \u2013 Alimento natural en pellets con remolacha para peque\u00f1as mascotas<\/strong><\/h2>\n<p data-start=\"215\" data-end=\"470\"><strong data-start=\"215\" data-end=\"239\">Nutrilacha Ali-artes<\/strong> es un alimento natural en pellets elaborado con base vegetal y enriquecido con <strong data-start=\"319\" data-end=\"332\">remolacha<\/strong>, dise\u00f1ado para cubrir los requerimientos nutricionales de <strong data-start=\"391\" data-end=\"469\">conejos, cuyes, h\u00e1msters, chinchillas y otras peque\u00f1as mascotas herb\u00edvoras<\/strong>.<\/p>\n<p data-start=\"472\" data-end=\"663\">La remolacha aporta nutrientes naturales, coloraci\u00f3n atractiva y excelente palatabilidad, mientras que el formato pellet garantiza una alimentaci\u00f3n uniforme, pr\u00e1ctica y con menor desperdicio.<\/p>\n<hr data-start=\"665\" data-end=\"668\" \/>\n<h3 data-start=\"670\" data-end=\"703\">\ud83c\udf3f <strong data-start=\"677\" data-end=\"703\">Beneficios principales<\/strong><\/h3>\n<ul data-start=\"705\" data-end=\"1013\">\n<li data-start=\"705\" data-end=\"775\">\n<p data-start=\"707\" data-end=\"775\">Contiene <strong data-start=\"716\" data-end=\"737\">remolacha natural<\/strong>, fuente de nutrientes y antioxidantes<\/p>\n<\/li>\n<li data-start=\"776\" data-end=\"839\">\n<p data-start=\"778\" data-end=\"839\">Alto contenido de <strong data-start=\"796\" data-end=\"813\">fibra vegetal<\/strong> que favorece la digesti\u00f3n<\/p>\n<\/li>\n<li data-start=\"840\" data-end=\"879\">\n<p data-start=\"842\" data-end=\"879\">Contribuye al desgaste dental natural<\/p>\n<\/li>\n<li data-start=\"880\" data-end=\"919\">\n<p data-start=\"882\" data-end=\"919\">Mejor aceptaci\u00f3n por su aroma y sabor<\/p>\n<\/li>\n<li data-start=\"920\" data-end=\"980\">\n<p data-start=\"922\" data-end=\"980\">Reduce el desperdicio en comparaci\u00f3n con alimentos sueltos<\/p>\n<\/li>\n<li data-start=\"981\" data-end=\"1013\">\n<p data-start=\"983\" data-end=\"1013\">F\u00e1cil de almacenar y dosificar<\/p>\n<\/li>\n<\/ul>\n<p>&nbsp;<\/p>\n","protected":false},"featured_media":6397,"comment_status":"open","ping_status":"closed","template":"","meta":[],"product_brand":[95],"product_cat":[70],"product_tag":[],"class_list":{"0":"post-6396","1":"product","2":"type-product","3":"status-publish","4":"has-post-thumbnail","6":"product_brand-ali_artes","7":"product_cat-ntg","8":"nt-post-class","9":"","18":"first","19":"instock","20":"shipping-taxable","21":"purchasable","22":"product-type-variable","23":"has-default-attributes"},"yoast_head":"<!-- This site is optimized with the Yoast SEO plugin v27.5 - https:\/\/yoast.com\/product\/yoast-seo-wordpress\/ -->\n<title>NUTRILACHA Ali-artes - nutripellets<\/title>\n<meta name=\"robots\" content=\"index, follow, max-snippet:-1, max-image-preview:large, max-video-preview:-1\" \/>\n<link rel=\"canonical\" href=\"https:\/\/nutripelletsec.com\/inicio\/index.php\/producto\/nutrilacha-ali-artes\/\" \/>\n<meta property=\"og:locale\" content=\"es_ES\" \/>\n<meta property=\"og:type\" content=\"article\" \/>\n<meta property=\"og:title\" content=\"NUTRILACHA Ali-artes - nutripellets\" \/>\n<meta property=\"og:description\" content=\"\ud83d\udc30 NUTRILACHA Ali-artes \u2013 Alimento natural en pellets con remolacha para peque\u00f1as mascotas Nutrilacha Ali-artes es un alimento natural en pellets elaborado con base vegetal y enriquecido con remolacha, dise\u00f1ado para cubrir los requerimientos nutricionales de conejos, cuyes, h\u00e1msters, chinchillas y otras peque\u00f1as mascotas herb\u00edvoras. La remolacha aporta nutrientes naturales, coloraci\u00f3n atractiva y excelente palatabilidad, mientras que el formato pellet garantiza una alimentaci\u00f3n uniforme, pr\u00e1ctica y con menor desperdicio.     \ud83c\udf3f Beneficios principales    Contiene remolacha natural, fuente de nutrientes y antioxidantes    Alto contenido de fibra vegetal que favorece la digesti\u00f3n    Contribuye al desgaste dental natural    Mejor aceptaci\u00f3n por su aroma y sabor    Reduce el desperdicio en comparaci\u00f3n con alimentos sueltos    F\u00e1cil de almacenar y dosificar   &nbsp;\" \/>\n<meta property=\"og:url\" content=\"https:\/\/nutripelletsec.com\/inicio\/index.php\/producto\/nutrilacha-ali-artes\/\" \/>\n<meta property=\"og:site_name\" content=\"nutripellets\" \/>\n<meta property=\"article:modified_time\" content=\"2026-02-04T16:36:56+00:00\" \/>\n<meta property=\"og:image\" content=\"https:\/\/nutripelletsec.com\/inicio\/wp-content\/uploads\/2026\/02\/WhatsApp-Image-2026-01-29-at-17.53.43-2.jpeg\" \/>\n\t<meta property=\"og:image:width\" content=\"853\" \/>\n\t<meta property=\"og:image:height\" content=\"1280\" \/>\n\t<meta property=\"og:image:type\" content=\"image\/jpeg\" \/>\n<meta name=\"twitter:card\" content=\"summary_large_image\" \/>\n<meta name=\"twitter:label1\" content=\"Tiempo de lectura\" \/>\n\t<meta name=\"twitter:data1\" content=\"1 minuto\" \/>\n<script type=\"application\/ld+json\" class=\"yoast-schema-graph\">{\"@context\":\"https:\\\/\\\/schema.org\",\"@graph\":[{\"@type\":\"WebPage\",\"@id\":\"https:\\\/\\\/nutripelletsec.com\\\/inicio\\\/index.php\\\/producto\\\/nutrilacha-ali-artes\\\/\",\"url\":\"https:\\\/\\\/nutripelletsec.com\\\/inicio\\\/index.php\\\/producto\\\/nutrilacha-ali-artes\\\/\",\"name\":\"NUTRILACHA Ali-artes - nutripellets\",\"isPartOf\":{\"@id\":\"https:\\\/\\\/nutripelletsec.com\\\/inicio\\\/#website\"},\"primaryImageOfPage\":{\"@id\":\"https:\\\/\\\/nutripelletsec.com\\\/inicio\\\/index.php\\\/producto\\\/nutrilacha-ali-artes\\\/#primaryimage\"},\"image\":{\"@id\":\"https:\\\/\\\/nutripelletsec.com\\\/inicio\\\/index.php\\\/producto\\\/nutrilacha-ali-artes\\\/#primaryimage\"},\"thumbnailUrl\":\"https:\\\/\\\/nutripelletsec.com\\\/inicio\\\/wp-content\\\/uploads\\\/2026\\\/02\\\/WhatsApp-Image-2026-01-29-at-17.53.43-2.jpeg\",\"datePublished\":\"2026-02-04T16:33:33+00:00\",\"dateModified\":\"2026-02-04T16:36:56+00:00\",\"breadcrumb\":{\"@id\":\"https:\\\/\\\/nutripelletsec.com\\\/inicio\\\/index.php\\\/producto\\\/nutrilacha-ali-artes\\\/#breadcrumb\"},\"inLanguage\":\"es\",\"potentialAction\":[{\"@type\":\"ReadAction\",\"target\":[\"https:\\\/\\\/nutripelletsec.com\\\/inicio\\\/index.php\\\/producto\\\/nutrilacha-ali-artes\\\/\"]}]},{\"@type\":\"ImageObject\",\"inLanguage\":\"es\",\"@id\":\"https:\\\/\\\/nutripelletsec.com\\\/inicio\\\/index.php\\\/producto\\\/nutrilacha-ali-artes\\\/#primaryimage\",\"url\":\"https:\\\/\\\/nutripelletsec.com\\\/inicio\\\/wp-content\\\/uploads\\\/2026\\\/02\\\/WhatsApp-Image-2026-01-29-at-17.53.43-2.jpeg\",\"contentUrl\":\"https:\\\/\\\/nutripelletsec.com\\\/inicio\\\/wp-content\\\/uploads\\\/2026\\\/02\\\/WhatsApp-Image-2026-01-29-at-17.53.43-2.jpeg\",\"width\":853,\"height\":1280},{\"@type\":\"BreadcrumbList\",\"@id\":\"https:\\\/\\\/nutripelletsec.com\\\/inicio\\\/index.php\\\/producto\\\/nutrilacha-ali-artes\\\/#breadcrumb\",\"itemListElement\":[{\"@type\":\"ListItem\",\"position\":1,\"name\":\"Portada\",\"item\":\"https:\\\/\\\/nutripelletsec.com\\\/inicio\\\/\"},{\"@type\":\"ListItem\",\"position\":2,\"name\":\"TIENDA\",\"item\":\"https:\\\/\\\/nutripelletsec.com\\\/inicio\\\/index.php\\\/tienda\\\/\"},{\"@type\":\"ListItem\",\"position\":3,\"name\":\"NUTRILACHA Ali-artes\"}]},{\"@type\":\"WebSite\",\"@id\":\"https:\\\/\\\/nutripelletsec.com\\\/inicio\\\/#website\",\"url\":\"https:\\\/\\\/nutripelletsec.com\\\/inicio\\\/\",\"name\":\"nutripellets\",\"description\":\"ALIMENTACION DE CALIDAD\",\"potentialAction\":[{\"@type\":\"SearchAction\",\"target\":{\"@type\":\"EntryPoint\",\"urlTemplate\":\"https:\\\/\\\/nutripelletsec.com\\\/inicio\\\/?s={search_term_string}\"},\"query-input\":{\"@type\":\"PropertyValueSpecification\",\"valueRequired\":true,\"valueName\":\"search_term_string\"}}],\"inLanguage\":\"es\"}]}<\/script>\n<!-- \/ Yoast SEO plugin. -->","yoast_head_json":{"title":"NUTRILACHA Ali-artes - nutripellets","robots":{"index":"index","follow":"follow","max-snippet":"max-snippet:-1","max-image-preview":"max-image-preview:large","max-video-preview":"max-video-preview:-1"},"canonical":"https:\/\/nutripelletsec.com\/inicio\/index.php\/producto\/nutrilacha-ali-artes\/","og_locale":"es_ES","og_type":"article","og_title":"NUTRILACHA Ali-artes - nutripellets","og_description":"\ud83d\udc30 NUTRILACHA Ali-artes \u2013 Alimento natural en pellets con remolacha para peque\u00f1as mascotas Nutrilacha Ali-artes es un alimento natural en pellets elaborado con base vegetal y enriquecido con remolacha, dise\u00f1ado para cubrir los requerimientos nutricionales de conejos, cuyes, h\u00e1msters, chinchillas y otras peque\u00f1as mascotas herb\u00edvoras. La remolacha aporta nutrientes naturales, coloraci\u00f3n atractiva y excelente palatabilidad, mientras que el formato pellet garantiza una alimentaci\u00f3n uniforme, pr\u00e1ctica y con menor desperdicio.     \ud83c\udf3f Beneficios principales    Contiene remolacha natural, fuente de nutrientes y antioxidantes    Alto contenido de fibra vegetal que favorece la digesti\u00f3n    Contribuye al desgaste dental natural    Mejor aceptaci\u00f3n por su aroma y sabor    Reduce el desperdicio en comparaci\u00f3n con alimentos sueltos    F\u00e1cil de almacenar y dosificar   &nbsp;","og_url":"https:\/\/nutripelletsec.com\/inicio\/index.php\/producto\/nutrilacha-ali-artes\/","og_site_name":"nutripellets","article_modified_time":"2026-02-04T16:36:56+00:00","og_image":[{"width":853,"height":1280,"url":"https:\/\/nutripelletsec.com\/inicio\/wp-content\/uploads\/2026\/02\/WhatsApp-Image-2026-01-29-at-17.53.43-2.jpeg","type":"image\/jpeg"}],"twitter_card":"summary_large_image","twitter_misc":{"Tiempo de lectura":"1 minuto"},"schema":{"@context":"https:\/\/schema.org","@graph":[{"@type":"WebPage","@id":"https:\/\/nutripelletsec.com\/inicio\/index.php\/producto\/nutrilacha-ali-artes\/","url":"https:\/\/nutripelletsec.com\/inicio\/index.php\/producto\/nutrilacha-ali-artes\/","name":"NUTRILACHA Ali-artes - nutripellets","isPartOf":{"@id":"https:\/\/nutripelletsec.com\/inicio\/#website"},"primaryImageOfPage":{"@id":"https:\/\/nutripelletsec.com\/inicio\/index.php\/producto\/nutrilacha-ali-artes\/#primaryimage"},"image":{"@id":"https:\/\/nutripelletsec.com\/inicio\/index.php\/producto\/nutrilacha-ali-artes\/#primaryimage"},"thumbnailUrl":"https:\/\/nutripelletsec.com\/inicio\/wp-content\/uploads\/2026\/02\/WhatsApp-Image-2026-01-29-at-17.53.43-2.jpeg","datePublished":"2026-02-04T16:33:33+00:00","dateModified":"2026-02-04T16:36:56+00:00","breadcrumb":{"@id":"https:\/\/nutripelletsec.com\/inicio\/index.php\/producto\/nutrilacha-ali-artes\/#breadcrumb"},"inLanguage":"es","potentialAction":[{"@type":"ReadAction","target":["https:\/\/nutripelletsec.com\/inicio\/index.php\/producto\/nutrilacha-ali-artes\/"]}]},{"@type":"ImageObject","inLanguage":"es","@id":"https:\/\/nutripelletsec.com\/inicio\/index.php\/producto\/nutrilacha-ali-artes\/#primaryimage","url":"https:\/\/nutripelletsec.com\/inicio\/wp-content\/uploads\/2026\/02\/WhatsApp-Image-2026-01-29-at-17.53.43-2.jpeg","contentUrl":"https:\/\/nutripelletsec.com\/inicio\/wp-content\/uploads\/2026\/02\/WhatsApp-Image-2026-01-29-at-17.53.43-2.jpeg","width":853,"height":1280},{"@type":"BreadcrumbList","@id":"https:\/\/nutripelletsec.com\/inicio\/index.php\/producto\/nutrilacha-ali-artes\/#breadcrumb","itemListElement":[{"@type":"ListItem","position":1,"name":"Portada","item":"https:\/\/nutripelletsec.com\/inicio\/"},{"@type":"ListItem","position":2,"name":"TIENDA","item":"https:\/\/nutripelletsec.com\/inicio\/index.php\/tienda\/"},{"@type":"ListItem","position":3,"name":"NUTRILACHA Ali-artes"}]},{"@type":"WebSite","@id":"https:\/\/nutripelletsec.com\/inicio\/#website","url":"https:\/\/nutripelletsec.com\/inicio\/","name":"nutripellets","description":"ALIMENTACION DE CALIDAD","potentialAction":[{"@type":"SearchAction","target":{"@type":"EntryPoint","urlTemplate":"https:\/\/nutripelletsec.com\/inicio\/?s={search_term_string}"},"query-input":{"@type":"PropertyValueSpecification","valueRequired":true,"valueName":"search_term_string"}}],"inLanguage":"es"}]}},"_links":{"self":[{"href":"https:\/\/nutripelletsec.com\/inicio\/index.php\/wp-json\/wp\/v2\/product\/6396","targetHints":{"allow":["GET"]}}],"collection":[{"href":"https:\/\/nutripelletsec.com\/inicio\/index.php\/wp-json\/wp\/v2\/product"}],"about":[{"href":"https:\/\/nutripelletsec.com\/inicio\/index.php\/wp-json\/wp\/v2\/types\/product"}],"replies":[{"embeddable":true,"href":"https:\/\/nutripelletsec.com\/inicio\/index.php\/wp-json\/wp\/v2\/comments?post=6396"}],"wp:featuredmedia":[{"embeddable":true,"href":"https:\/\/nutripelletsec.com\/inicio\/index.php\/wp-json\/wp\/v2\/media\/6397"}],"wp:attachment":[{"href":"https:\/\/nutripelletsec.com\/inicio\/index.php\/wp-json\/wp\/v2\/media?parent=6396"}],"wp:term":[{"taxonomy":"product_brand","embeddable":true,"href":"https:\/\/nutripelletsec.com\/inicio\/index.php\/wp-json\/wp\/v2\/product_brand?post=6396"},{"taxonomy":"product_cat","embeddable":true,"href":"https:\/\/nutripelletsec.com\/inicio\/index.php\/wp-json\/wp\/v2\/product_cat?post=6396"},{"taxonomy":"product_tag","embeddable":true,"href":"https:\/\/nutripelletsec.com\/inicio\/index.php\/wp-json\/wp\/v2\/product_tag?post=6396"}],"curies":[{"name":"wp","href":"https:\/\/api.w.org\/{rel}","templated":true}]}}