{"id":6399,"date":"2026-02-04T16:40:55","date_gmt":"2026-02-04T16:40:55","guid":{"rendered":"https:\/\/nutripelletsec.com\/inicio\/?post_type=product&#038;p=6399"},"modified":"2026-02-04T16:40:56","modified_gmt":"2026-02-04T16:40:56","slug":"nutrimix-ali-arte","status":"publish","type":"product","link":"https:\/\/nutripelletsec.com\/inicio\/index.php\/producto\/nutrimix-ali-arte\/","title":{"rendered":"NUTRIMIX+ Ali-arte"},"content":{"rendered":"<ul data-start=\"745\" data-end=\"1038\">\n<li data-start=\"981\" data-end=\"1038\">\n<p data-start=\"983\" data-end=\"1038\">\n<\/li>\n<\/ul>\n<hr data-start=\"1040\" data-end=\"1043\" \/>\n<h3 data-start=\"1045\" data-end=\"1067\">\ud83d\udc39 <strong data-start=\"1052\" data-end=\"1067\">Ideal para:<\/strong><\/h3>\n<ul data-start=\"1069\" data-end=\"1148\">\n<li data-start=\"1069\" data-end=\"1078\">\n<p data-start=\"1071\" data-end=\"1078\">Conejos<\/p>\n<\/li>\n<li data-start=\"1079\" data-end=\"1086\">\n<p data-start=\"1081\" data-end=\"1086\">Cuyes<\/p>\n<\/li>\n<li data-start=\"1087\" data-end=\"1097\">\n<p data-start=\"1089\" data-end=\"1097\">H\u00e1msters<\/p>\n<\/li>\n<li data-start=\"1098\" data-end=\"1111\">\n<p data-start=\"1100\" data-end=\"1111\">Chinchillas<\/p>\n<\/li>\n<li data-start=\"1112\" data-end=\"1148\">\n<p data-start=\"1114\" data-end=\"1148\">Otras peque\u00f1as mascotas herb\u00edvoras<\/p>\n<\/li>\n<\/ul>\n<h3 data-start=\"1155\" data-end=\"1178\">\ud83d\udce6 <strong data-start=\"1162\" data-end=\"1178\">Presentaci\u00f3n<\/strong><\/h3>\n<ul data-start=\"1180\" data-end=\"1251\">\n<li data-start=\"1180\" data-end=\"1202\">\n<p data-start=\"1182\" data-end=\"1202\">Peso neto: <strong data-start=\"1193\" data-end=\"1202\">500 g<\/strong><\/p>\n<\/li>\n<li data-start=\"1203\" data-end=\"1251\">\n<p data-start=\"1205\" data-end=\"1251\">Pellets vegetales prensados multinutricionales<\/p>\n<\/li>\n<\/ul>\n<h3 data-start=\"1258\" data-end=\"1289\">\ud83e\udd55 <strong data-start=\"1265\" data-end=\"1289\">Recomendaci\u00f3n de uso<\/strong><\/h3>\n<p data-start=\"1291\" data-end=\"1457\">Servir la raci\u00f3n diaria en un comedero limpio y seco. Mantener siempre agua fresca disponible y complementar con heno o forraje para una dieta completa y equilibrada.<\/p>\n","protected":false},"excerpt":{"rendered":"<h2 data-start=\"85\" data-end=\"164\">\ud83d\udc30 <strong data-start=\"91\" data-end=\"164\">NUTRIMIX+ Ali-artes \u2013 Mix de pellets naturales para peque\u00f1as mascotas<\/strong><\/h2>\n<p data-start=\"166\" data-end=\"428\"><strong data-start=\"166\" data-end=\"189\">Nutrimix+ Ali-artes<\/strong> es un alimento natural en pellets que combina lo mejor de <strong data-start=\"248\" data-end=\"282\">zanahoria, remolacha y alfalfa<\/strong> en una sola f\u00f3rmula balanceada, ideal para la nutrici\u00f3n diaria de <strong data-start=\"349\" data-end=\"427\">conejos, cuyes, h\u00e1msters, chinchillas y otras peque\u00f1as mascotas herb\u00edvoras<\/strong>.<\/p>\n<p data-start=\"430\" data-end=\"609\">Su mezcla multicolor no es solo visual: cada pellet aporta nutrientes vegetales diferentes que favorecen la <strong data-start=\"538\" data-end=\"594\">digesti\u00f3n, el desgaste dental natural y la vitalidad<\/strong> de tu mascota.<\/p>\n<p data-start=\"611\" data-end=\"703\">El formato en pellets garantiza una alimentaci\u00f3n uniforme, pr\u00e1ctica y con menor desperdicio.<\/p>\n<hr data-start=\"705\" data-end=\"708\" \/>\n<h3 data-start=\"710\" data-end=\"743\">\ud83c\udf3f <strong data-start=\"717\" data-end=\"743\">Beneficios principales<\/strong><\/h3>\n<ul data-start=\"745\" data-end=\"1038\">\n<li data-start=\"745\" data-end=\"799\">\n<p data-start=\"747\" data-end=\"799\">Mezcla natural de <strong data-start=\"765\" data-end=\"799\">zanahoria, remolacha y alfalfa<\/strong><\/p>\n<\/li>\n<li data-start=\"800\" data-end=\"846\">\n<p data-start=\"802\" data-end=\"846\">Alto contenido de <strong data-start=\"820\" data-end=\"837\">fibra vegetal<\/strong> esencial<\/p>\n<\/li>\n<li data-start=\"847\" data-end=\"890\">\n<p data-start=\"849\" data-end=\"890\">Favorece el tr\u00e1nsito intestinal saludable<\/p>\n<\/li>\n<li data-start=\"891\" data-end=\"930\">\n<p data-start=\"893\" data-end=\"930\">Contribuye al desgaste dental natural<\/p>\n<\/li>\n<li data-start=\"931\" data-end=\"980\">\n<p data-start=\"933\" data-end=\"980\">Excelente aceptaci\u00f3n por aroma, sabor y textura<\/p>\n<\/li>\n<li data-start=\"981\" data-end=\"1038\">\n<p data-start=\"983\" data-end=\"1038\">Alimentaci\u00f3n m\u00e1s limpia y sin selecci\u00f3n de ingredientes<\/p>\n<\/li>\n<\/ul>\n","protected":false},"featured_media":6400,"comment_status":"open","ping_status":"closed","template":"","meta":[],"product_brand":[95],"product_cat":[70],"product_tag":[],"class_list":{"0":"post-6399","1":"product","2":"type-product","3":"status-publish","4":"has-post-thumbnail","6":"product_brand-ali_artes","7":"product_cat-ntg","8":"nt-post-class","9":"","18":"first","19":"instock","20":"shipping-taxable","21":"purchasable","22":"product-type-variable"},"yoast_head":"<!-- This site is optimized with the Yoast SEO plugin v27.5 - https:\/\/yoast.com\/product\/yoast-seo-wordpress\/ -->\n<title>NUTRIMIX+ Ali-arte - nutripellets<\/title>\n<meta name=\"robots\" content=\"index, follow, max-snippet:-1, max-image-preview:large, max-video-preview:-1\" \/>\n<link rel=\"canonical\" href=\"https:\/\/nutripelletsec.com\/inicio\/index.php\/producto\/nutrimix-ali-arte\/\" \/>\n<meta property=\"og:locale\" content=\"es_ES\" \/>\n<meta property=\"og:type\" content=\"article\" \/>\n<meta property=\"og:title\" content=\"NUTRIMIX+ Ali-arte - nutripellets\" \/>\n<meta property=\"og:description\" content=\"\ud83d\udc30 NUTRIMIX+ Ali-artes \u2013 Mix de pellets naturales para peque\u00f1as mascotas Nutrimix+ Ali-artes es un alimento natural en pellets que combina lo mejor de zanahoria, remolacha y alfalfa en una sola f\u00f3rmula balanceada, ideal para la nutrici\u00f3n diaria de conejos, cuyes, h\u00e1msters, chinchillas y otras peque\u00f1as mascotas herb\u00edvoras. Su mezcla multicolor no es solo visual: cada pellet aporta nutrientes vegetales diferentes que favorecen la digesti\u00f3n, el desgaste dental natural y la vitalidad de tu mascota. El formato en pellets garantiza una alimentaci\u00f3n uniforme, pr\u00e1ctica y con menor desperdicio.     \ud83c\udf3f Beneficios principales    Mezcla natural de zanahoria, remolacha y alfalfa    Alto contenido de fibra vegetal esencial    Favorece el tr\u00e1nsito intestinal saludable    Contribuye al desgaste dental natural    Excelente aceptaci\u00f3n por aroma, sabor y textura    Alimentaci\u00f3n m\u00e1s limpia y sin selecci\u00f3n de ingredientes\" \/>\n<meta property=\"og:url\" content=\"https:\/\/nutripelletsec.com\/inicio\/index.php\/producto\/nutrimix-ali-arte\/\" \/>\n<meta property=\"og:site_name\" content=\"nutripellets\" \/>\n<meta property=\"article:modified_time\" content=\"2026-02-04T16:40:56+00:00\" \/>\n<meta property=\"og:image\" content=\"https:\/\/nutripelletsec.com\/inicio\/wp-content\/uploads\/2026\/02\/WhatsApp-Image-2026-01-29-at-17.53.43.jpeg\" \/>\n\t<meta property=\"og:image:width\" content=\"853\" \/>\n\t<meta property=\"og:image:height\" content=\"1280\" \/>\n\t<meta property=\"og:image:type\" content=\"image\/jpeg\" \/>\n<meta name=\"twitter:card\" content=\"summary_large_image\" \/>\n<meta name=\"twitter:label1\" content=\"Tiempo de lectura\" \/>\n\t<meta name=\"twitter:data1\" content=\"1 minuto\" \/>\n<script type=\"application\/ld+json\" class=\"yoast-schema-graph\">{\"@context\":\"https:\\\/\\\/schema.org\",\"@graph\":[{\"@type\":\"WebPage\",\"@id\":\"https:\\\/\\\/nutripelletsec.com\\\/inicio\\\/index.php\\\/producto\\\/nutrimix-ali-arte\\\/\",\"url\":\"https:\\\/\\\/nutripelletsec.com\\\/inicio\\\/index.php\\\/producto\\\/nutrimix-ali-arte\\\/\",\"name\":\"NUTRIMIX+ Ali-arte - nutripellets\",\"isPartOf\":{\"@id\":\"https:\\\/\\\/nutripelletsec.com\\\/inicio\\\/#website\"},\"primaryImageOfPage\":{\"@id\":\"https:\\\/\\\/nutripelletsec.com\\\/inicio\\\/index.php\\\/producto\\\/nutrimix-ali-arte\\\/#primaryimage\"},\"image\":{\"@id\":\"https:\\\/\\\/nutripelletsec.com\\\/inicio\\\/index.php\\\/producto\\\/nutrimix-ali-arte\\\/#primaryimage\"},\"thumbnailUrl\":\"https:\\\/\\\/nutripelletsec.com\\\/inicio\\\/wp-content\\\/uploads\\\/2026\\\/02\\\/WhatsApp-Image-2026-01-29-at-17.53.43.jpeg\",\"datePublished\":\"2026-02-04T16:40:55+00:00\",\"dateModified\":\"2026-02-04T16:40:56+00:00\",\"breadcrumb\":{\"@id\":\"https:\\\/\\\/nutripelletsec.com\\\/inicio\\\/index.php\\\/producto\\\/nutrimix-ali-arte\\\/#breadcrumb\"},\"inLanguage\":\"es\",\"potentialAction\":[{\"@type\":\"ReadAction\",\"target\":[\"https:\\\/\\\/nutripelletsec.com\\\/inicio\\\/index.php\\\/producto\\\/nutrimix-ali-arte\\\/\"]}]},{\"@type\":\"ImageObject\",\"inLanguage\":\"es\",\"@id\":\"https:\\\/\\\/nutripelletsec.com\\\/inicio\\\/index.php\\\/producto\\\/nutrimix-ali-arte\\\/#primaryimage\",\"url\":\"https:\\\/\\\/nutripelletsec.com\\\/inicio\\\/wp-content\\\/uploads\\\/2026\\\/02\\\/WhatsApp-Image-2026-01-29-at-17.53.43.jpeg\",\"contentUrl\":\"https:\\\/\\\/nutripelletsec.com\\\/inicio\\\/wp-content\\\/uploads\\\/2026\\\/02\\\/WhatsApp-Image-2026-01-29-at-17.53.43.jpeg\",\"width\":853,\"height\":1280},{\"@type\":\"BreadcrumbList\",\"@id\":\"https:\\\/\\\/nutripelletsec.com\\\/inicio\\\/index.php\\\/producto\\\/nutrimix-ali-arte\\\/#breadcrumb\",\"itemListElement\":[{\"@type\":\"ListItem\",\"position\":1,\"name\":\"Portada\",\"item\":\"https:\\\/\\\/nutripelletsec.com\\\/inicio\\\/\"},{\"@type\":\"ListItem\",\"position\":2,\"name\":\"TIENDA\",\"item\":\"https:\\\/\\\/nutripelletsec.com\\\/inicio\\\/index.php\\\/tienda\\\/\"},{\"@type\":\"ListItem\",\"position\":3,\"name\":\"NUTRIMIX+ Ali-arte\"}]},{\"@type\":\"WebSite\",\"@id\":\"https:\\\/\\\/nutripelletsec.com\\\/inicio\\\/#website\",\"url\":\"https:\\\/\\\/nutripelletsec.com\\\/inicio\\\/\",\"name\":\"nutripellets\",\"description\":\"ALIMENTACION DE CALIDAD\",\"potentialAction\":[{\"@type\":\"SearchAction\",\"target\":{\"@type\":\"EntryPoint\",\"urlTemplate\":\"https:\\\/\\\/nutripelletsec.com\\\/inicio\\\/?s={search_term_string}\"},\"query-input\":{\"@type\":\"PropertyValueSpecification\",\"valueRequired\":true,\"valueName\":\"search_term_string\"}}],\"inLanguage\":\"es\"}]}<\/script>\n<!-- \/ Yoast SEO plugin. -->","yoast_head_json":{"title":"NUTRIMIX+ Ali-arte - nutripellets","robots":{"index":"index","follow":"follow","max-snippet":"max-snippet:-1","max-image-preview":"max-image-preview:large","max-video-preview":"max-video-preview:-1"},"canonical":"https:\/\/nutripelletsec.com\/inicio\/index.php\/producto\/nutrimix-ali-arte\/","og_locale":"es_ES","og_type":"article","og_title":"NUTRIMIX+ Ali-arte - nutripellets","og_description":"\ud83d\udc30 NUTRIMIX+ Ali-artes \u2013 Mix de pellets naturales para peque\u00f1as mascotas Nutrimix+ Ali-artes es un alimento natural en pellets que combina lo mejor de zanahoria, remolacha y alfalfa en una sola f\u00f3rmula balanceada, ideal para la nutrici\u00f3n diaria de conejos, cuyes, h\u00e1msters, chinchillas y otras peque\u00f1as mascotas herb\u00edvoras. Su mezcla multicolor no es solo visual: cada pellet aporta nutrientes vegetales diferentes que favorecen la digesti\u00f3n, el desgaste dental natural y la vitalidad de tu mascota. El formato en pellets garantiza una alimentaci\u00f3n uniforme, pr\u00e1ctica y con menor desperdicio.     \ud83c\udf3f Beneficios principales    Mezcla natural de zanahoria, remolacha y alfalfa    Alto contenido de fibra vegetal esencial    Favorece el tr\u00e1nsito intestinal saludable    Contribuye al desgaste dental natural    Excelente aceptaci\u00f3n por aroma, sabor y textura    Alimentaci\u00f3n m\u00e1s limpia y sin selecci\u00f3n de ingredientes","og_url":"https:\/\/nutripelletsec.com\/inicio\/index.php\/producto\/nutrimix-ali-arte\/","og_site_name":"nutripellets","article_modified_time":"2026-02-04T16:40:56+00:00","og_image":[{"width":853,"height":1280,"url":"https:\/\/nutripelletsec.com\/inicio\/wp-content\/uploads\/2026\/02\/WhatsApp-Image-2026-01-29-at-17.53.43.jpeg","type":"image\/jpeg"}],"twitter_card":"summary_large_image","twitter_misc":{"Tiempo de lectura":"1 minuto"},"schema":{"@context":"https:\/\/schema.org","@graph":[{"@type":"WebPage","@id":"https:\/\/nutripelletsec.com\/inicio\/index.php\/producto\/nutrimix-ali-arte\/","url":"https:\/\/nutripelletsec.com\/inicio\/index.php\/producto\/nutrimix-ali-arte\/","name":"NUTRIMIX+ Ali-arte - nutripellets","isPartOf":{"@id":"https:\/\/nutripelletsec.com\/inicio\/#website"},"primaryImageOfPage":{"@id":"https:\/\/nutripelletsec.com\/inicio\/index.php\/producto\/nutrimix-ali-arte\/#primaryimage"},"image":{"@id":"https:\/\/nutripelletsec.com\/inicio\/index.php\/producto\/nutrimix-ali-arte\/#primaryimage"},"thumbnailUrl":"https:\/\/nutripelletsec.com\/inicio\/wp-content\/uploads\/2026\/02\/WhatsApp-Image-2026-01-29-at-17.53.43.jpeg","datePublished":"2026-02-04T16:40:55+00:00","dateModified":"2026-02-04T16:40:56+00:00","breadcrumb":{"@id":"https:\/\/nutripelletsec.com\/inicio\/index.php\/producto\/nutrimix-ali-arte\/#breadcrumb"},"inLanguage":"es","potentialAction":[{"@type":"ReadAction","target":["https:\/\/nutripelletsec.com\/inicio\/index.php\/producto\/nutrimix-ali-arte\/"]}]},{"@type":"ImageObject","inLanguage":"es","@id":"https:\/\/nutripelletsec.com\/inicio\/index.php\/producto\/nutrimix-ali-arte\/#primaryimage","url":"https:\/\/nutripelletsec.com\/inicio\/wp-content\/uploads\/2026\/02\/WhatsApp-Image-2026-01-29-at-17.53.43.jpeg","contentUrl":"https:\/\/nutripelletsec.com\/inicio\/wp-content\/uploads\/2026\/02\/WhatsApp-Image-2026-01-29-at-17.53.43.jpeg","width":853,"height":1280},{"@type":"BreadcrumbList","@id":"https:\/\/nutripelletsec.com\/inicio\/index.php\/producto\/nutrimix-ali-arte\/#breadcrumb","itemListElement":[{"@type":"ListItem","position":1,"name":"Portada","item":"https:\/\/nutripelletsec.com\/inicio\/"},{"@type":"ListItem","position":2,"name":"TIENDA","item":"https:\/\/nutripelletsec.com\/inicio\/index.php\/tienda\/"},{"@type":"ListItem","position":3,"name":"NUTRIMIX+ Ali-arte"}]},{"@type":"WebSite","@id":"https:\/\/nutripelletsec.com\/inicio\/#website","url":"https:\/\/nutripelletsec.com\/inicio\/","name":"nutripellets","description":"ALIMENTACION DE CALIDAD","potentialAction":[{"@type":"SearchAction","target":{"@type":"EntryPoint","urlTemplate":"https:\/\/nutripelletsec.com\/inicio\/?s={search_term_string}"},"query-input":{"@type":"PropertyValueSpecification","valueRequired":true,"valueName":"search_term_string"}}],"inLanguage":"es"}]}},"_links":{"self":[{"href":"https:\/\/nutripelletsec.com\/inicio\/index.php\/wp-json\/wp\/v2\/product\/6399","targetHints":{"allow":["GET"]}}],"collection":[{"href":"https:\/\/nutripelletsec.com\/inicio\/index.php\/wp-json\/wp\/v2\/product"}],"about":[{"href":"https:\/\/nutripelletsec.com\/inicio\/index.php\/wp-json\/wp\/v2\/types\/product"}],"replies":[{"embeddable":true,"href":"https:\/\/nutripelletsec.com\/inicio\/index.php\/wp-json\/wp\/v2\/comments?post=6399"}],"wp:featuredmedia":[{"embeddable":true,"href":"https:\/\/nutripelletsec.com\/inicio\/index.php\/wp-json\/wp\/v2\/media\/6400"}],"wp:attachment":[{"href":"https:\/\/nutripelletsec.com\/inicio\/index.php\/wp-json\/wp\/v2\/media?parent=6399"}],"wp:term":[{"taxonomy":"product_brand","embeddable":true,"href":"https:\/\/nutripelletsec.com\/inicio\/index.php\/wp-json\/wp\/v2\/product_brand?post=6399"},{"taxonomy":"product_cat","embeddable":true,"href":"https:\/\/nutripelletsec.com\/inicio\/index.php\/wp-json\/wp\/v2\/product_cat?post=6399"},{"taxonomy":"product_tag","embeddable":true,"href":"https:\/\/nutripelletsec.com\/inicio\/index.php\/wp-json\/wp\/v2\/product_tag?post=6399"}],"curies":[{"name":"wp","href":"https:\/\/api.w.org\/{rel}","templated":true}]}}